{"id":18680,"date":"2025-10-01T13:00:11","date_gmt":"2025-10-01T13:00:11","guid":{"rendered":"https:\/\/de.ferien-vacances.ch\/chalet-kliben\/"},"modified":"2025-11-17T17:46:21","modified_gmt":"2025-11-17T17:46:21","slug":"chalet-kliben","status":"publish","type":"page","link":"https:\/\/de.ferien-vacances.ch\/fr\/appartements\/maisons\/chalet-kliben\/","title":{"rendered":"Chalet Kliben"},"content":{"rendered":"<p>[et_pb_section fb_built=\"1&Prime; admin_label=\"Seasonal Collection\" _builder_version=\"4.27.4&Prime; background_color=\"#264059&Prime; use_background_color_gradient=\"on\" background_color_gradient_direction=\"90deg\" background_color_gradient_stops=\"#264059 30%|rgba(38,64,89,0) 100%\" background_color_gradient_start=\"#264059&Prime; background_color_gradient_start_position=\"30%\" background_color_gradient_end=\"rgba(38,64,89,0)\" background_image=\"https:\/\/de.ferien-vacances.ch\/wp-content\/uploads\/2018\/09\/27-a-4.5-Zimmer-Wohnung-Chalet-Kliben-Gebaude-Leukerbad-Ferienwohnung-zu-vermieten-e1538345816944.jpg\" width=\"100%\" min_height=\"1397.8px\" custom_margin=\"||32px|||\" custom_padding=\"0%|194px|5.1%|85px||\" hover_enabled=\"0&Prime; background_last_edited=\"on|phone\" global_colors_info=\"{}\" title_text=\"27-a-4.5-Zimmer-Wohnung-Chalet-Kliben-Gebaude-Leukerbad-Ferienwohnung-zu-vermieten\" sticky_enabled=\"0&Prime;][\/et_pb_section][et_pb_section fb_built=\"1&Prime; admin_label=\"Our Specialties Section\" _builder_version=\"4.16&Prime; min_height=\"319.2px\" custom_margin=\"3px|||||\" custom_padding=\"110px||110px|\" global_colors_info=\"{}\"][et_pb_row admin_label=\"Zone de titre\" _builder_version=\"4.16&Prime; global_colors_info=\"{}\"][et_pb_column type=\"4_4&Prime; _builder_version=\"4.16&Prime; custom_padding=\"|||\" global_colors_info=\"{}\" custom_padding__hover=\"|||\"][et_pb_text admin_label=\"Title\" _builder_version=\"4.16&Prime; text_font=\"||||||||\" header_font=\"||||||||\" header_2_font=\"Alice||||||||\" header_2_text_align=\"center\" header_2_font_size=\"42px\" header_2_line_height=\"1.3em\" custom_margin=\"||20px|\" animation_style=\"slide\" animation_direction=\"top\" animation_intensity_slide=\"30%\" animation_starting_opacity=\"100%\" global_colors_info=\"{}\"]<\/p>\n<h2>Appartements Chalet Kliben <\/h2>\n<p>&nbsp;<\/p>\n<p>[\/et_pb_text][et_pb_divider color=\"#2a2a2a\" divider_weight=\"3px\" _builder_version=\"4.16&Prime; max_width=\"50px\" module_alignment=\"center\" custom_margin=\"||10px|\" animation_style=\"slide\" animation_direction=\"top\" animation_intensity_slide=\"30%\" animation_starting_opacity=\"100%\" global_colors_info=\"{}\"]&nbsp;<br \/>\n[\/et_pb_divider][et_pb_text admin_label=\"Subtitle\" _builder_version=\"4.27.4&Prime; text_font=\"||||||||\" text_font_size=\"16px\" text_line_height=\"1.8em\" text_orientation=\"center\" max_width=\"700px\" module_alignment=\"center\" custom_padding=\"||0px|||\" animation_style=\"slide\" animation_direction=\"top\" animation_intensity_slide=\"20%\" animation_starting_opacity=\"100%\" hover_enabled=\"0&Prime; global_colors_info=\"{}\" sticky_enabled=\"0&Prime;]<\/p>\n<p>Klibenstrasse 95, 3954 Leukerbad<\/p>\n<p>[\/et_pb_text][\/et_pb_column][\/et_pb_row][\/et_pb_section][et_pb_section fb_built=\"1&Prime; _builder_version=\"4.16&Prime; global_colors_info=\"{}\" theme_builder_area=\"post_content\"][et_pb_row column_structure=\"1_3,2_3&Prime; _builder_version=\"4.16&Prime; background_color=\"rgba(0,0,0,0.05)\" custom_padding=\"1px|0px|0|0px|false|false\" global_colors_info=\"{}\" theme_builder_area=\"post_content\"][et_pb_column type=\"1_3&Prime; _builder_version=\"4.16&Prime; custom_padding=\"|||\" global_colors_info=\"{}\" custom_padding__hover=\"|||\" theme_builder_area=\"post_content\"][et_pb_gallery gallery_ids=\"18685,18686,18687,18688,18689,18690,18691,18692,18693,18694,18695,18696,18697,18698,18699,18700,18701,18702&Prime; fullwidth=\"on\" _builder_version=\"4.16&Prime; pagination_text_color=\"#ffffff\" text_orientation=\"center\" custom_padding=\"35px|50px|35px|50px\" global_colors_info=\"{}\" theme_builder_area=\"post_content\"][\/et_pb_gallery][\/et_pb_column][et_pb_column type=\"2_3&Prime; _builder_version=\"4.16&Prime; custom_padding=\"|||\" global_colors_info=\"{}\" custom_padding__hover=\"|||\" theme_builder_area=\"post_content\"][et_pb_divider show_divider=\"off\" admin_label=\"Divider 30px\" _builder_version=\"4.4.8&Prime; height=\"30px\" custom_margin=\"||-2px|||\" global_module=\"2796&Prime; saved_tabs=\"all\" global_colors_info=\"{}\" theme_builder_area=\"post_content\"][\/et_pb_divider][et_pb_text _builder_version=\"4.16&Prime; background_color=\"rgba(255,255,255,0.07)\" global_colors_info=\"{}\" theme_builder_area=\"post_content\"]<\/p>\n<p><strong>Chalet Kliben<\/strong><\/p>\n<ul>\n<li>Appartement de 4 1\/2 pi\u00e8ces avec 220 m2 pour 1 \u00e0 6 personnes<\/li>\n<li>S\u00e9jour \/ salle \u00e0 manger avec cuisine ouverte, chemin\u00e9e ouverte, WC<\/li>\n<li>Cuisine avec four, 4 plaques de cuisson, r\u00e9frig\u00e9rateur avec cong\u00e9lateur, machine \u00e0 caf\u00e9 Delizio (capsules Migros), bouilloire, set \u00e0 fondue et \u00e0 raclette, grille-pain, barbecue de jardin, lave-vaisselle<\/li>\n<li>1 chambre avec 2 lits au premier \u00e9tage<\/li>\n<li>1 chambre avec un lit double king-size au premier \u00e9tage<\/li>\n<li>Douche \/ bain \/ WC \/ bidet au 1er \u00e9tage<\/li>\n<li>2e \u00e9tage Chambre avec salle de bain, WC et douche, coin salon, TV<\/li>\n<li>Buanderie avec lave-linge et s\u00e8che-linge<\/li>\n<li>Dans la buanderie, vous trouverez un s\u00e9choir professionnel pour combinaisons de ski afin que vos v\u00eatements de sport et vos casques soient toujours secs et chauds<\/li>\n<li>Pour vos v\u00eatements de sport, nous vous proposons un local \u00e0 skis avec le nouveau Safe-Ski-Rack et un local \u00e0 skis chauff\u00e9 pour garder vos chaussures de ski au chaud et au sec<\/li>\n<li>TV \/ lecteur DVD \/ Home Cin\u00e9ma<\/li>\n<li>Ascenseur priv\u00e9<\/li>\n<li>Wi-Fi<\/li>\n<li>2 balcons et 1 terrasse<\/li>\n<\/ul>\n<p>[\/et_pb_text][et_pb_button button_url=\"https:\/\/de.ferien-vacances.ch\/fr\/appartements\/27-4%c2%bd-pieces-maison-de-vacances-chalet-kliben\/\" button_text=\"Plus&#8230;\" _builder_version=\"4.27.4&Prime; custom_button=\"on\" button_text_size=\"15px\" button_text_color=\"#f7f3ee\" button_bg_color=\"#959d93&Prime; button_border_width=\"0px\" button_border_radius=\"100px\" button_letter_spacing=\"2px\" button_font=\"|700||on|||||\" button_use_icon=\"off\" custom_padding=\"16px|30px|16px|30px\" animation_style=\"slide\" animation_direction=\"left\" animation_intensity_slide=\"10%\" animation_starting_opacity=\"100%\" button_letter_spacing_hover=\"2px\" button_bg_color_hover=\"#e0c588&Prime; saved_tabs=\"all\" global_colors_info=\"{}\" button_text_size__hover_enabled=\"off\" button_one_text_size__hover_enabled=\"off\" button_two_text_size__hover_enabled=\"off\" button_text_color__hover_enabled=\"off\" button_one_text_color__hover_enabled=\"off\" button_two_text_color__hover_enabled=\"off\" button_border_width__hover_enabled=\"off\" button_one_border_width__hover_enabled=\"off\" button_two_border_width__hover_enabled=\"off\" button_border_color__hover_enabled=\"off\" button_one_border_color__hover_enabled=\"off\" button_two_border_color__hover_enabled=\"off\" button_border_radius__hover_enabled=\"off\" button_one_border_radius__hover_enabled=\"off\" button_two_border_radius__hover_enabled=\"off\" button_letter_spacing__hover_enabled=\"on\" button_letter_spacing__hover=\"2px\" button_one_letter_spacing__hover_enabled=\"off\" button_two_letter_spacing__hover_enabled=\"off\" button_bg_color__hover_enabled=\"on\" button_bg_color__hover=\"#e0c588&Prime; button_one_bg_color__hover_enabled=\"off\" button_two_bg_color__hover_enabled=\"off\" theme_builder_area=\"post_content\"]<\/p>\n<p>&nbsp;<\/p>\n<p>[\/et_pb_button][et_pb_divider show_divider=\"off\" admin_label=\"Divider 6px\" _builder_version=\"4.6.4&Prime; height=\"6px\" global_module=\"2908&Prime; saved_tabs=\"all\" global_colors_info=\"{}\" theme_builder_area=\"post_content\"][\/et_pb_divider][\/et_pb_column][\/et_pb_row][et_pb_row _builder_version=\"4.16&Prime; global_colors_info=\"{}\" theme_builder_area=\"post_content\"][et_pb_column type=\"4_4&Prime; _builder_version=\"4.16&Prime; custom_padding=\"|||\" global_colors_info=\"{}\" custom_padding__hover=\"|||\" theme_builder_area=\"post_content\"][et_pb_text _builder_version=\"4.16&Prime; global_colors_info=\"{}\" theme_builder_area=\"post_content\"]Chalet suisse classique de 3 \u00e9tages tr\u00e8s priv\u00e9 avec divers \u00e9quipements modernes ainsi que deux grands balcons et une terrasse. Dans un endroit calme et ensoleill\u00e9, entour\u00e9 de prairies avec une vue magnifique sur Leukerbad et les montagnes.<br \/>\n[\/et_pb_text][\/et_pb_column][\/et_pb_row][\/et_pb_section][et_pb_section fb_built=\"1&Prime; _builder_version=\"4.16&Prime; global_colors_info=\"{}\"][et_pb_row column_structure=\"1_2,1_2&Prime; _builder_version=\"4.16&Prime; background_size=\"initial\" background_position=\"top_left\" background_repeat=\"repeat\" global_colors_info=\"{}\"][et_pb_column type=\"1_2&Prime; _builder_version=\"4.16&Prime; custom_padding=\"|||\" global_colors_info=\"{}\" custom_padding__hover=\"|||\"][\/et_pb_column][et_pb_column type=\"1_2&Prime; _builder_version=\"4.16&Prime; custom_padding=\"|||\" global_colors_info=\"{}\" custom_padding__hover=\"|||\"][\/et_pb_column][\/et_pb_row][\/et_pb_section]<\/p>\n","protected":false},"excerpt":{"rendered":"<p>Appartements Chalet Kliben &nbsp;&nbsp; Klibenstrasse 95, 3954 LeukerbadChalet Kliben Appartement de 4 1\/2 pi\u00e8ces avec 220 m2 pour 1 \u00e0 6 personnes S\u00e9jour \/ salle \u00e0 manger avec cuisine ouverte, chemin\u00e9e ouverte, WC Cuisine avec four, 4 plaques de cuisson, r\u00e9frig\u00e9rateur avec cong\u00e9lateur, machine \u00e0 caf\u00e9 Delizio (capsules Migros), bouilloire, set \u00e0 fondue et \u00e0 [&hellip;]<\/p>\n","protected":false},"author":2,"featured_media":0,"parent":26071,"menu_order":0,"comment_status":"closed","ping_status":"closed","template":"","meta":{"_acf_changed":false,"_et_pb_use_builder":"on","_et_pb_old_content":"","_et_gb_content_width":"","footnotes":""},"class_list":["post-18680","page","type-page","status-publish","hentry"],"acf":[],"yoast_head":"<!-- This site is optimized with the Yoast SEO plugin v27.4 - https:\/\/yoast.com\/product\/yoast-seo-wordpress\/ -->\n<title>Chalet Kliben - Ferien-Vacances GmbH<\/title>\n<meta name=\"robots\" content=\"index, follow, max-snippet:-1, max-image-preview:large, max-video-preview:-1\" \/>\n<link rel=\"canonical\" href=\"https:\/\/de.ferien-vacances.ch\/fr\/appartements\/maisons\/chalet-kliben\/\" \/>\n<meta property=\"og:locale\" content=\"fr_FR\" \/>\n<meta property=\"og:type\" content=\"article\" \/>\n<meta property=\"og:title\" content=\"Chalet Kliben - Ferien-Vacances GmbH\" \/>\n<meta property=\"og:description\" content=\"Appartements Chalet Kliben &nbsp;&nbsp; Klibenstrasse 95, 3954 LeukerbadChalet Kliben Appartement de 4 1\/2 pi\u00e8ces avec 220 m2 pour 1 \u00e0 6 personnes S\u00e9jour \/ salle \u00e0 manger avec cuisine ouverte, chemin\u00e9e ouverte, WC Cuisine avec four, 4 plaques de cuisson, r\u00e9frig\u00e9rateur avec cong\u00e9lateur, machine \u00e0 caf\u00e9 Delizio (capsules Migros), bouilloire, set \u00e0 fondue et \u00e0 [&hellip;]\" \/>\n<meta property=\"og:url\" content=\"https:\/\/de.ferien-vacances.ch\/fr\/appartements\/maisons\/chalet-kliben\/\" \/>\n<meta property=\"og:site_name\" content=\"Ferien-Vacances GmbH\" \/>\n<meta property=\"article:modified_time\" content=\"2025-11-17T17:46:21+00:00\" \/>\n<meta name=\"twitter:card\" content=\"summary_large_image\" \/>\n<meta name=\"twitter:label1\" content=\"Dur\u00e9e de lecture estim\u00e9e\" \/>\n\t<meta name=\"twitter:data1\" content=\"5 minutes\" \/>\n<script type=\"application\/ld+json\" class=\"yoast-schema-graph\">{\"@context\":\"https:\\\/\\\/schema.org\",\"@graph\":[{\"@type\":\"WebPage\",\"@id\":\"https:\\\/\\\/de.ferien-vacances.ch\\\/fr\\\/appartements\\\/maisons\\\/chalet-kliben\\\/\",\"url\":\"https:\\\/\\\/de.ferien-vacances.ch\\\/fr\\\/appartements\\\/maisons\\\/chalet-kliben\\\/\",\"name\":\"Chalet Kliben - Ferien-Vacances GmbH\",\"isPartOf\":{\"@id\":\"https:\\\/\\\/de.ferien-vacances.ch\\\/#website\"},\"datePublished\":\"2025-10-01T13:00:11+00:00\",\"dateModified\":\"2025-11-17T17:46:21+00:00\",\"breadcrumb\":{\"@id\":\"https:\\\/\\\/de.ferien-vacances.ch\\\/fr\\\/appartements\\\/maisons\\\/chalet-kliben\\\/#breadcrumb\"},\"inLanguage\":\"fr-FR\",\"potentialAction\":[{\"@type\":\"ReadAction\",\"target\":[\"https:\\\/\\\/de.ferien-vacances.ch\\\/fr\\\/appartements\\\/maisons\\\/chalet-kliben\\\/\"]}]},{\"@type\":\"BreadcrumbList\",\"@id\":\"https:\\\/\\\/de.ferien-vacances.ch\\\/fr\\\/appartements\\\/maisons\\\/chalet-kliben\\\/#breadcrumb\",\"itemListElement\":[{\"@type\":\"ListItem\",\"position\":1,\"name\":\"Home\",\"item\":\"https:\\\/\\\/de.ferien-vacances.ch\\\/fr\\\/accueil\\\/\"},{\"@type\":\"ListItem\",\"position\":2,\"name\":\"Appartements\",\"item\":\"https:\\\/\\\/de.ferien-vacances.ch\\\/fr\\\/appartements\\\/\"},{\"@type\":\"ListItem\",\"position\":3,\"name\":\"Logements de vacances\",\"item\":\"https:\\\/\\\/de.ferien-vacances.ch\\\/fr\\\/appartements\\\/maisons\\\/\"},{\"@type\":\"ListItem\",\"position\":4,\"name\":\"Chalet Kliben\"}]},{\"@type\":\"WebSite\",\"@id\":\"https:\\\/\\\/de.ferien-vacances.ch\\\/#website\",\"url\":\"https:\\\/\\\/de.ferien-vacances.ch\\\/\",\"name\":\"Ferien-Vacances GmbH\",\"description\":\"Ferienwohnungen &amp; Reinigungsservice\",\"publisher\":{\"@id\":\"https:\\\/\\\/de.ferien-vacances.ch\\\/#organization\"},\"potentialAction\":[{\"@type\":\"SearchAction\",\"target\":{\"@type\":\"EntryPoint\",\"urlTemplate\":\"https:\\\/\\\/de.ferien-vacances.ch\\\/?s={search_term_string}\"},\"query-input\":{\"@type\":\"PropertyValueSpecification\",\"valueRequired\":true,\"valueName\":\"search_term_string\"}}],\"inLanguage\":\"fr-FR\"},{\"@type\":\"Organization\",\"@id\":\"https:\\\/\\\/de.ferien-vacances.ch\\\/#organization\",\"name\":\"Ferien-Vacances GmbH\",\"url\":\"https:\\\/\\\/de.ferien-vacances.ch\\\/\",\"logo\":{\"@type\":\"ImageObject\",\"inLanguage\":\"fr-FR\",\"@id\":\"https:\\\/\\\/de.ferien-vacances.ch\\\/#\\\/schema\\\/logo\\\/image\\\/\",\"url\":\"https:\\\/\\\/de.ferien-vacances.ch\\\/wp-content\\\/uploads\\\/2025\\\/11\\\/ferien_vacances_logo_rgb-1.jpg\",\"contentUrl\":\"https:\\\/\\\/de.ferien-vacances.ch\\\/wp-content\\\/uploads\\\/2025\\\/11\\\/ferien_vacances_logo_rgb-1.jpg\",\"width\":1326,\"height\":793,\"caption\":\"Ferien-Vacances GmbH\"},\"image\":{\"@id\":\"https:\\\/\\\/de.ferien-vacances.ch\\\/#\\\/schema\\\/logo\\\/image\\\/\"}}]}<\/script>\n<!-- \/ Yoast SEO plugin. -->","yoast_head_json":{"title":"Chalet Kliben - Ferien-Vacances GmbH","robots":{"index":"index","follow":"follow","max-snippet":"max-snippet:-1","max-image-preview":"max-image-preview:large","max-video-preview":"max-video-preview:-1"},"canonical":"https:\/\/de.ferien-vacances.ch\/fr\/appartements\/maisons\/chalet-kliben\/","og_locale":"fr_FR","og_type":"article","og_title":"Chalet Kliben - Ferien-Vacances GmbH","og_description":"Appartements Chalet Kliben &nbsp;&nbsp; Klibenstrasse 95, 3954 LeukerbadChalet Kliben Appartement de 4 1\/2 pi\u00e8ces avec 220 m2 pour 1 \u00e0 6 personnes S\u00e9jour \/ salle \u00e0 manger avec cuisine ouverte, chemin\u00e9e ouverte, WC Cuisine avec four, 4 plaques de cuisson, r\u00e9frig\u00e9rateur avec cong\u00e9lateur, machine \u00e0 caf\u00e9 Delizio (capsules Migros), bouilloire, set \u00e0 fondue et \u00e0 [&hellip;]","og_url":"https:\/\/de.ferien-vacances.ch\/fr\/appartements\/maisons\/chalet-kliben\/","og_site_name":"Ferien-Vacances GmbH","article_modified_time":"2025-11-17T17:46:21+00:00","twitter_card":"summary_large_image","twitter_misc":{"Dur\u00e9e de lecture estim\u00e9e":"5 minutes"},"schema":{"@context":"https:\/\/schema.org","@graph":[{"@type":"WebPage","@id":"https:\/\/de.ferien-vacances.ch\/fr\/appartements\/maisons\/chalet-kliben\/","url":"https:\/\/de.ferien-vacances.ch\/fr\/appartements\/maisons\/chalet-kliben\/","name":"Chalet Kliben - Ferien-Vacances GmbH","isPartOf":{"@id":"https:\/\/de.ferien-vacances.ch\/#website"},"datePublished":"2025-10-01T13:00:11+00:00","dateModified":"2025-11-17T17:46:21+00:00","breadcrumb":{"@id":"https:\/\/de.ferien-vacances.ch\/fr\/appartements\/maisons\/chalet-kliben\/#breadcrumb"},"inLanguage":"fr-FR","potentialAction":[{"@type":"ReadAction","target":["https:\/\/de.ferien-vacances.ch\/fr\/appartements\/maisons\/chalet-kliben\/"]}]},{"@type":"BreadcrumbList","@id":"https:\/\/de.ferien-vacances.ch\/fr\/appartements\/maisons\/chalet-kliben\/#breadcrumb","itemListElement":[{"@type":"ListItem","position":1,"name":"Home","item":"https:\/\/de.ferien-vacances.ch\/fr\/accueil\/"},{"@type":"ListItem","position":2,"name":"Appartements","item":"https:\/\/de.ferien-vacances.ch\/fr\/appartements\/"},{"@type":"ListItem","position":3,"name":"Logements de vacances","item":"https:\/\/de.ferien-vacances.ch\/fr\/appartements\/maisons\/"},{"@type":"ListItem","position":4,"name":"Chalet Kliben"}]},{"@type":"WebSite","@id":"https:\/\/de.ferien-vacances.ch\/#website","url":"https:\/\/de.ferien-vacances.ch\/","name":"Ferien-Vacances GmbH","description":"Ferienwohnungen &amp; Reinigungsservice","publisher":{"@id":"https:\/\/de.ferien-vacances.ch\/#organization"},"potentialAction":[{"@type":"SearchAction","target":{"@type":"EntryPoint","urlTemplate":"https:\/\/de.ferien-vacances.ch\/?s={search_term_string}"},"query-input":{"@type":"PropertyValueSpecification","valueRequired":true,"valueName":"search_term_string"}}],"inLanguage":"fr-FR"},{"@type":"Organization","@id":"https:\/\/de.ferien-vacances.ch\/#organization","name":"Ferien-Vacances GmbH","url":"https:\/\/de.ferien-vacances.ch\/","logo":{"@type":"ImageObject","inLanguage":"fr-FR","@id":"https:\/\/de.ferien-vacances.ch\/#\/schema\/logo\/image\/","url":"https:\/\/de.ferien-vacances.ch\/wp-content\/uploads\/2025\/11\/ferien_vacances_logo_rgb-1.jpg","contentUrl":"https:\/\/de.ferien-vacances.ch\/wp-content\/uploads\/2025\/11\/ferien_vacances_logo_rgb-1.jpg","width":1326,"height":793,"caption":"Ferien-Vacances GmbH"},"image":{"@id":"https:\/\/de.ferien-vacances.ch\/#\/schema\/logo\/image\/"}}]}},"_links":{"self":[{"href":"https:\/\/de.ferien-vacances.ch\/fr\/wp-json\/wp\/v2\/pages\/18680","targetHints":{"allow":["GET"]}}],"collection":[{"href":"https:\/\/de.ferien-vacances.ch\/fr\/wp-json\/wp\/v2\/pages"}],"about":[{"href":"https:\/\/de.ferien-vacances.ch\/fr\/wp-json\/wp\/v2\/types\/page"}],"author":[{"embeddable":true,"href":"https:\/\/de.ferien-vacances.ch\/fr\/wp-json\/wp\/v2\/users\/2"}],"replies":[{"embeddable":true,"href":"https:\/\/de.ferien-vacances.ch\/fr\/wp-json\/wp\/v2\/comments?post=18680"}],"version-history":[{"count":0,"href":"https:\/\/de.ferien-vacances.ch\/fr\/wp-json\/wp\/v2\/pages\/18680\/revisions"}],"up":[{"embeddable":true,"href":"https:\/\/de.ferien-vacances.ch\/fr\/wp-json\/wp\/v2\/pages\/26071"}],"wp:attachment":[{"href":"https:\/\/de.ferien-vacances.ch\/fr\/wp-json\/wp\/v2\/media?parent=18680"}],"curies":[{"name":"wp","href":"https:\/\/api.w.org\/{rel}","templated":true}]}}