{"id":21130,"date":"2025-09-24T11:06:32","date_gmt":"2025-09-24T11:06:32","guid":{"rendered":"https:\/\/de.ferien-vacances.ch\/100-3%c2%bd-pieces-appartement-athos-1\/"},"modified":"2026-02-24T09:40:40","modified_gmt":"2026-02-24T09:40:40","slug":"100-3%c2%bd-pieces-appartement-athos-1","status":"publish","type":"page","link":"https:\/\/de.ferien-vacances.ch\/fr\/appartements\/100-3%c2%bd-pieces-appartement-athos-1\/","title":{"rendered":"100 \/ 3\u00bd pi\u00e8ces Appartement Athos 1"},"content":{"rendered":"<p>[et_pb_section fb_built=\"1&Prime; admin_label=\"Hero Section\" _builder_version=\"4.27.4&Prime; use_background_color_gradient=\"on\" background_color_gradient_direction=\"90deg\" background_color_gradient_stops=\"rgba(244,240,233,0.9) 30%|rgba(244,240,233,0) 100%\" background_color_gradient_overlays_image=\"on\" background_color_gradient_start=\"rgba(244,240,233,0.9)\" background_color_gradient_start_position=\"30%\" background_color_gradient_end=\"rgba(244,240,233,0)\" background_image=\"https:\/\/de.ferien-vacances.ch\/wp-content\/uploads\/2025\/11\/Varneralp_View_-Autumn_2-\u00a9MyLeukerbadAG-1-scaled.jpg\" custom_margin=\"|||\" custom_padding=\"178px|0px|44px|0px||\" global_colors_info=\"{}\"][et_pb_row custom_padding_last_edited=\"off|desktop\" admin_label=\"Zone H\u00e9ro\" _builder_version=\"4.16&Prime; custom_padding=\"27px|0px|0px|0px\" global_colors_info=\"{}\"][et_pb_column type=\"4_4&Prime; _builder_version=\"4.16&Prime; custom_padding=\"|||\" global_colors_info=\"{}\" custom_padding__hover=\"|||\"][et_pb_text admin_label=\"Hero Title\" _builder_version=\"4.16&Prime; text_font=\"Playfair Display||||||||\" header_font=\"Alice||||||||\" header_font_size=\"80px\" header_letter_spacing=\"-3px\" header_line_height=\"1.1em\" custom_margin=\"||0px|\" custom_padding=\"|||\" animation_style=\"slide\" animation_direction=\"left\" animation_intensity_slide=\"5%\" animation_starting_opacity=\"100%\" text_font_size_last_edited=\"off|desktop\" header_font_size_tablet=\"\" header_font_size_phone=\"60px\" header_font_size_last_edited=\"on|phone\" global_colors_info=\"{}\"]<\/p>\n<h1>Athos 1***<\/h1>\n<p>[\/et_pb_text][et_pb_text _builder_version=\"4.27.4&Prime; text_font=\"||||||||\" text_font_size=\"18px\" text_line_height=\"1.8em\" header_font=\"||||||||\" max_width=\"500px\" custom_margin=\"|||\" custom_padding=\"2px||10px|||\" animation_style=\"slide\" animation_direction=\"left\" animation_intensity_slide=\"5%\" animation_starting_opacity=\"100%\" global_colors_info=\"{}\"]Pfeirenstutz 13, 3954 Leukerbad<\/p>\n<p>La maison est situ\u00e9e dans la partie sup\u00e9rieure du village de Leukerbad,<br \/>\n\u00e0 proximit\u00e9 de l&rsquo;arr\u00eat de bus Obere Maressen et du chemin des sources thermales.<br \/>\nSituation calme avec une belle vue sur les montagnes.[\/et_pb_text][\/et_pb_column][\/et_pb_row][\/et_pb_section][et_pb_section fb_built=\"1&Prime; _builder_version=\"4.16&Prime; global_colors_info=\"{}\"][et_pb_row column_structure=\"1_3,2_3&Prime; _builder_version=\"4.16&Prime; background_color=\"rgba(0,0,0,0.05)\" custom_padding=\"1px|0px|0|0px|false|false\" global_colors_info=\"{}\"][et_pb_column type=\"1_3&Prime; _builder_version=\"4.16&Prime; custom_padding=\"|||\" global_colors_info=\"{}\" custom_padding__hover=\"|||\"][et_pb_gallery gallery_ids=\"21150,21151,21153,21155,21157,21158,21159,21160,21161,21162,21163,21164,21165,21166,21167,21168,21169,21170,21171,21172,21173,21174,21175,21176,21177,21178,21179&Prime; fullwidth=\"on\" _builder_version=\"4.27.4&Prime; pagination_text_color=\"#ffffff\" text_orientation=\"center\" custom_padding=\"35px|50px|35px|50px\" global_colors_info=\"{}\"][\/et_pb_gallery][\/et_pb_column][et_pb_column type=\"2_3&Prime; _builder_version=\"4.16&Prime; custom_padding=\"|||\" global_colors_info=\"{}\" custom_padding__hover=\"|||\"][et_pb_divider show_divider=\"off\" admin_label=\"Divider 30px\" _builder_version=\"4.16&Prime; height=\"30px\" custom_margin=\"||-2px|||\" saved_tabs=\"all\" global_colors_info=\"{}\"][\/et_pb_divider][et_pb_text _builder_version=\"4.27.4&Prime; background_color=\"rgba(255,255,255,0.07)\" global_colors_info=\"{}\"]<\/p>\n<p><strong>  Athos 1*** enti\u00e8rement r\u00e9nov\u00e9 !  <br \/><\/strong><\/p>\n<p><strong><\/strong><\/p>\n<ul>\n<li>Appartement de 3\u00bd pi\u00e8ces pouvant accueillir jusqu&rsquo;\u00e0 6 personnes<\/li>\n<li>Cuisine ouverte avec four, plaque vitroc\u00e9ramique, r\u00e9frig\u00e9rateur avec compartiment cong\u00e9lateur, machine \u00e0 caf\u00e9 Nespresso, bouilloire \u00e9lectrique, service \u00e0 raclette et fondue, lave-vaisselle<\/li>\n<li>Salon \/ salle \u00e0 manger avec canap\u00e9-lit, table, sortie sur le balcon<\/li>\n<li>1 chambre avec lit double<\/li>\n<li>1 chambre avec 2 lits simples<\/li>\n<li>1x douche \/ WC<\/li>\n<li>1x baignoire \/ WC<\/li>\n<li>TV\/Radio<\/li>\n<li>Acc\u00e8s WIFI gratuit<\/li>\n<li>Balcon<\/li>\n<li>Garage<\/li>\n<li>Animaux domestiques autoris\u00e9s<\/li>\n<\/ul>\n<p>[\/et_pb_text][et_pb_divider show_divider=\"off\" admin_label=\"Divider 6px\" _builder_version=\"4.16&Prime; height=\"6px\" saved_tabs=\"all\" global_colors_info=\"{}\"][\/et_pb_divider][\/et_pb_column][\/et_pb_row][et_pb_row column_structure=\"2_3,1_3&Prime; _builder_version=\"4.16&Prime; custom_padding=\"90px|0px|27px|0px|false|false\" global_colors_info=\"{}\"][et_pb_column type=\"2_3&Prime; _builder_version=\"4.16&Prime; custom_padding=\"|||\" global_colors_info=\"{}\" custom_padding__hover=\"|||\"][et_pb_text _builder_version=\"4.16&Prime; global_colors_info=\"{}\"]<\/p>\n<h1>Frais<\/h1>\n<p>[\/et_pb_text][et_pb_tabs _builder_version=\"4.16&Prime; global_colors_info=\"{}\"][et_pb_tab title=\"Haute saison\" _builder_version=\"4.16&Prime; global_colors_info=\"{}\"]<\/p>\n<p><strong>Haute saison<br \/><\/strong><\/p>\n<ul>\n<li>CHF 220.00 par jour<\/li>\n<\/ul>\n<p><strong>Frais suppl\u00e9mentaires<\/strong><\/p>\n<ul>\n<li>Linge de lit et de toilette obligatoire, par personne et par s\u00e9jour CHF 28.00<\/li>\n<li>Torchons, chiffons, \u00e9ponge et un sac poubelle payant inclus<\/li>\n<li>Nettoyage final obligatoire CHF 155.00<\/li>\n<li>Garage inclus dans le b\u00e2timent et le prix<\/li>\n<\/ul>\n<p><strong>Conditions de location<br \/><\/strong><\/p>\n<ul>\n<li>Check-in 16h00 \u2013 18h30<\/li>\n<li>Self-check-in jusqu&rsquo;\u00e0 20h00 au plus tard<\/li>\n<li>Check-out 9h00<\/li>\n<\/ul>\n<p><strong>Taxe de s\u00e9jour <br \/><\/strong><\/p>\n<p><strong><\/strong><\/p>\n<ul>\n<li>Adultes \u00e0 partir de 16 ans&nbsp;: CHF&nbsp;6.00 par jour<\/li>\n<li>Enfants de 6 \u00e0 15 ans&nbsp;: CHF&nbsp;3.00 par jour<\/li>\n<li>Enfants en bas \u00e2ge de 0 \u00e0 5 ans&nbsp;: gratuit<\/li>\n<\/ul>\n<ul><\/ul>\n<p>[\/et_pb_tab][et_pb_tab title=\"Saison principale\" _builder_version=\"4.16&Prime; global_colors_info=\"{}\"]<\/p>\n<p><strong>Saison principale<\/strong><\/p>\n<ul>\n<li>CHF 200.00 par jour<\/li>\n<\/ul>\n<p><strong>Frais suppl\u00e9mentaires<\/strong><\/p>\n<ul>\n<li>Linge de lit et de toilette obligatoire, par personne et par s\u00e9jour CHF 28.00<\/li>\n<li>Torchons, chiffons, \u00e9ponge et un sac poubelle payant inclus<\/li>\n<li>Nettoyage final obligatoire CHF 155.00<\/li>\n<li>Garage inclus dans le b\u00e2timent et le prix<\/li>\n<\/ul>\n<p><strong>Conditions de location<br \/><\/strong><\/p>\n<ul>\n<li>Check-in 16h00 \u2013 18h30<\/li>\n<li>Self-check-in jusqu&rsquo;\u00e0 20h00 au plus tard<\/li>\n<li>Check-out 9h00<\/li>\n<\/ul>\n<p><strong>Taxe de s\u00e9jour <br \/><\/strong><\/p>\n<p><strong><\/strong><\/p>\n<ul>\n<li>Adultes \u00e0 partir de 16 ans&nbsp;: CHF&nbsp;6.00 par jour<\/li>\n<li>Enfants de 6 \u00e0 15 ans&nbsp;: CHF&nbsp;3.00 par jour<\/li>\n<li>Enfants en bas \u00e2ge de 0 \u00e0 5 ans&nbsp;: gratuit<\/li>\n<\/ul>\n<ul><\/ul>\n<p>[\/et_pb_tab][et_pb_tab title=\"Entre-saison\" _builder_version=\"4.16&Prime; global_colors_info=\"{}\"]<\/p>\n<p><strong>Entre-saison<\/strong><\/p>\n<ul>\n<li>CHF 175.00 par jour<\/li>\n<\/ul>\n<p><strong>Frais suppl\u00e9mentaires<\/strong><\/p>\n<ul>\n<li>Linge de lit et de toilette en option, par personne et par s\u00e9jour CHF 28.00<\/li>\n<li>Torchons, chiffons, \u00e9ponge et un sac poubelle payant inclus<\/li>\n<li>Nettoyage final obligatoire CHF 155.00<\/li>\n<li>Garage inclus dans le b\u00e2timent et le prix<\/li>\n<\/ul>\n<p><strong>Conditions de location<br \/><\/strong><\/p>\n<ul>\n<li>pas de check-in le dimanche<\/li>\n<li>Heure de check-in \/ check-out selon disponibilit\u00e9 et accord<\/li>\n<li>Self-check-in jusqu&rsquo;\u00e0 20h00 au plus tard<\/li>\n<\/ul>\n<p><strong>Taxe de s\u00e9jour <br \/><\/strong><\/p>\n<ul>\n<li>Adultes \u00e0 partir de 16 ans&nbsp;: CHF&nbsp;6.00 par jour<\/li>\n<li>Enfants de 6 \u00e0 15 ans&nbsp;: CHF&nbsp;3.00 par jour<\/li>\n<li>Enfants en bas \u00e2ge de 0 \u00e0 5 ans&nbsp;: gratuit<\/li>\n<\/ul>\n<p><strong>R\u00e9ductions<\/strong><strong><\/strong><strong><\/strong><\/p>\n<p><strong><\/strong><\/p>\n<ul>\n<li>\u00e0 partir de 14 jours, 10% sur le prix de la location<\/li>\n<li>\u00e0 partir de 21 jours, 15% sur le prix de la location<\/li>\n<\/ul>\n<p>[\/et_pb_tab][et_pb_tab title=\"Basse saison\" _builder_version=\"4.16&Prime; global_colors_info=\"{}\"]<\/p>\n<p><strong>Basse saison<\/strong><\/p>\n<ul>\n<li>CHF 150.00 par jour<\/li>\n<\/ul>\n<p><strong>Frais suppl\u00e9mentaires<\/strong><\/p>\n<ul>\n<li>Linge de lit et de toilette en option, par personne et par s\u00e9jour CHF 28.00<\/li>\n<li>Torchons, chiffons, \u00e9ponge et un sac poubelle payant inclus<\/li>\n<li>Nettoyage final obligatoire CHF 155.00<\/li>\n<li>Garage inclus dans le b\u00e2timent et le prix<\/li>\n<\/ul>\n<p><strong>Conditions de location<br \/><\/strong><\/p>\n<ul>\n<li>pas de check-in le dimanche<\/li>\n<li>Heure de check-in \/ check-out selon disponibilit\u00e9 et accord<\/li>\n<li>Self-check-in jusqu&rsquo;\u00e0 20h00 au plus tard<\/li>\n<\/ul>\n<p><strong>Taxe de s\u00e9jour <br \/><\/strong><\/p>\n<ul>\n<li>Adultes \u00e0 partir de 16 ans&nbsp;: CHF&nbsp;6.00 par jour<\/li>\n<li>Enfants de 6 \u00e0 15 ans&nbsp;: CHF&nbsp;3.00 par jour<\/li>\n<li>Enfants en bas \u00e2ge de 0 \u00e0 5 ans&nbsp;: gratuit<\/li>\n<\/ul>\n<p><strong>R\u00e9ductions<\/strong><strong><\/strong><strong><\/strong><strong><\/strong><\/p>\n<p><strong><\/strong><\/p>\n<ul>\n<li>\u00e0 partir de 14 jours, 10% sur le prix de la location<\/li>\n<li>\u00e0 partir de 21 jours, 15% sur le prix de la location<\/li>\n<\/ul>\n<p>[\/et_pb_tab][\/et_pb_tabs][\/et_pb_column][et_pb_column type=\"1_3&Prime; _builder_version=\"4.16&Prime; custom_padding=\"|||\" global_colors_info=\"{}\" custom_padding__hover=\"|||\"][et_pb_text _builder_version=\"4.16&Prime; global_colors_info=\"{}\"]<\/p>\n<h1>\u00c0 proximit\u00e9<\/h1>\n<p>[\/et_pb_text][et_pb_text _builder_version=\"4.27.4&Prime; global_colors_info=\"{}\"]<\/p>\n<ul>\n<li>Arr\u00eat de bus 2 min. \u00e0 pied  <span style=\"color: #ff0000;\"><br \/><\/span><\/li>\n<li>Clinique de r\u00e9adaptation \u00e0 15 minutes \u00e0 pied<\/li>\n<li>Remont\u00e9es m\u00e9caniques de la Gemmi 900 m\u00e8tres<\/li>\n<li>Remont\u00e9es m\u00e9caniques Torrent \u00e0 1500 m\u00e8tres<\/li>\n<li>Bains thermaux Alpentherme 1300 m\u00e8tres<\/li>\n<li>Bains thermaux Burgerbad 1000 m\u00e8tres<\/li>\n<\/ul>\n<p>[\/et_pb_text][et_pb_map address=\"3954 Leukerbad, Switzerland\" zoom_level=\"15&Prime; address_lat=\"46.37688004540966&Prime; address_lng=\"7.628987347071984&Prime; _builder_version=\"4.16&Prime; global_colors_info=\"{}\"][et_pb_map_pin pin_address=\"Goppenstrasse 16, 3954 Leukerbad, Switzerland\" zoom_level=\"17&Prime; pin_address_lat=\"46.375304057438&Prime; pin_address_lng=\"7.6269876261811&Prime; _builder_version=\"4.6.4&Prime; global_colors_info=\"{}\"][\/et_pb_map_pin][\/et_pb_map][\/et_pb_column][\/et_pb_row][et_pb_row _builder_version=\"4.16&Prime; global_colors_info=\"{}\"][et_pb_column type=\"4_4&Prime; _builder_version=\"4.16&Prime; custom_padding=\"|||\" global_colors_info=\"{}\" custom_padding__hover=\"|||\"][wpbs_divi_single_calendar id=\"44&Prime; form_id=\"141&Prime; legend_position=\"top\" highlighttoday=\"yes\" weeknumbers=\"yes\" show_prices=\"yes\" _builder_version=\"4.27.5&Prime; _module_preset=\"default\" hover_enabled=\"0&Prime; global_colors_info=\"{}\" history=\"3&Prime; sticky_enabled=\"0&Prime;][\/wpbs_divi_single_calendar][\/et_pb_column][\/et_pb_row][\/et_pb_section]<\/p>\n","protected":false},"excerpt":{"rendered":"<p>Athos 1***Pfeirenstutz 13, 3954 Leukerbad La maison est situ\u00e9e dans la partie sup\u00e9rieure du village de Leukerbad, \u00e0 proximit\u00e9 de l&rsquo;arr\u00eat de bus Obere Maressen et du chemin des sources thermales. Situation calme avec une belle vue sur les montagnes. Athos 1*** enti\u00e8rement r\u00e9nov\u00e9 ! Appartement de 3\u00bd pi\u00e8ces pouvant accueillir jusqu&rsquo;\u00e0 6 personnes Cuisine [&hellip;]<\/p>\n","protected":false},"author":2,"featured_media":45125,"parent":34705,"menu_order":0,"comment_status":"closed","ping_status":"closed","template":"","meta":{"_acf_changed":false,"_et_pb_use_builder":"on","_et_pb_old_content":"","_et_gb_content_width":"","footnotes":""},"class_list":["post-21130","page","type-page","status-publish","has-post-thumbnail","hentry"],"acf":[],"yoast_head":"<!-- This site is optimized with the Yoast SEO plugin v27.2 - https:\/\/yoast.com\/product\/yoast-seo-wordpress\/ -->\n<title>100 \/ 3\u00bd pi\u00e8ces Appartement Athos 1 - Ferien-Vacances GmbH<\/title>\n<meta name=\"robots\" content=\"index, follow, max-snippet:-1, max-image-preview:large, max-video-preview:-1\" \/>\n<link rel=\"canonical\" href=\"https:\/\/de.ferien-vacances.ch\/fr\/appartements\/100-3\u00bd-pieces-appartement-athos-1\/\" \/>\n<meta property=\"og:locale\" content=\"fr_FR\" \/>\n<meta property=\"og:type\" content=\"article\" \/>\n<meta property=\"og:title\" content=\"100 \/ 3\u00bd pi\u00e8ces Appartement Athos 1 - Ferien-Vacances GmbH\" \/>\n<meta property=\"og:description\" content=\"Athos 1***Pfeirenstutz 13, 3954 Leukerbad La maison est situ\u00e9e dans la partie sup\u00e9rieure du village de Leukerbad, \u00e0 proximit\u00e9 de l&#039;arr\u00eat de bus Obere Maressen et du chemin des sources thermales. Situation calme avec une belle vue sur les montagnes. Athos 1*** enti\u00e8rement r\u00e9nov\u00e9 ! Appartement de 3\u00bd pi\u00e8ces pouvant accueillir jusqu&#039;\u00e0 6 personnes Cuisine [&hellip;]\" \/>\n<meta property=\"og:url\" content=\"https:\/\/de.ferien-vacances.ch\/fr\/appartements\/100-3\u00bd-pieces-appartement-athos-1\/\" \/>\n<meta property=\"og:site_name\" content=\"Ferien-Vacances GmbH\" \/>\n<meta property=\"article:modified_time\" content=\"2026-02-24T09:40:40+00:00\" \/>\n<meta property=\"og:image\" content=\"https:\/\/de.ferien-vacances.ch\/wp-content\/uploads\/2025\/11\/IMG_20241122_125030_HDR-scaled-e1763648620778.jpg\" \/>\n\t<meta property=\"og:image:width\" content=\"200\" \/>\n\t<meta property=\"og:image:height\" content=\"170\" \/>\n\t<meta property=\"og:image:type\" content=\"image\/jpeg\" \/>\n<meta name=\"twitter:card\" content=\"summary_large_image\" \/>\n<meta name=\"twitter:label1\" content=\"Dur\u00e9e de lecture estim\u00e9e\" \/>\n\t<meta name=\"twitter:data1\" content=\"6 minutes\" \/>\n<script type=\"application\/ld+json\" class=\"yoast-schema-graph\">{\"@context\":\"https:\/\/schema.org\",\"@graph\":[{\"@type\":\"WebPage\",\"@id\":\"https:\/\/de.ferien-vacances.ch\/fr\/appartements\/100-3%c2%bd-pieces-appartement-athos-1\/\",\"url\":\"https:\/\/de.ferien-vacances.ch\/fr\/appartements\/100-3%c2%bd-pieces-appartement-athos-1\/\",\"name\":\"100 \/ 3\u00bd pi\u00e8ces Appartement Athos 1 - Ferien-Vacances GmbH\",\"isPartOf\":{\"@id\":\"https:\/\/de.ferien-vacances.ch\/#website\"},\"primaryImageOfPage\":{\"@id\":\"https:\/\/de.ferien-vacances.ch\/fr\/appartements\/100-3%c2%bd-pieces-appartement-athos-1\/#primaryimage\"},\"image\":{\"@id\":\"https:\/\/de.ferien-vacances.ch\/fr\/appartements\/100-3%c2%bd-pieces-appartement-athos-1\/#primaryimage\"},\"thumbnailUrl\":\"https:\/\/de.ferien-vacances.ch\/wp-content\/uploads\/2025\/11\/IMG_20241122_125030_HDR-scaled-e1763648620778.jpg\",\"datePublished\":\"2025-09-24T11:06:32+00:00\",\"dateModified\":\"2026-02-24T09:40:40+00:00\",\"breadcrumb\":{\"@id\":\"https:\/\/de.ferien-vacances.ch\/fr\/appartements\/100-3%c2%bd-pieces-appartement-athos-1\/#breadcrumb\"},\"inLanguage\":\"fr-FR\",\"potentialAction\":[{\"@type\":\"ReadAction\",\"target\":[\"https:\/\/de.ferien-vacances.ch\/fr\/appartements\/100-3%c2%bd-pieces-appartement-athos-1\/\"]}]},{\"@type\":\"ImageObject\",\"inLanguage\":\"fr-FR\",\"@id\":\"https:\/\/de.ferien-vacances.ch\/fr\/appartements\/100-3%c2%bd-pieces-appartement-athos-1\/#primaryimage\",\"url\":\"https:\/\/de.ferien-vacances.ch\/wp-content\/uploads\/2025\/11\/IMG_20241122_125030_HDR-scaled-e1763648620778.jpg\",\"contentUrl\":\"https:\/\/de.ferien-vacances.ch\/wp-content\/uploads\/2025\/11\/IMG_20241122_125030_HDR-scaled-e1763648620778.jpg\",\"width\":200,\"height\":170},{\"@type\":\"BreadcrumbList\",\"@id\":\"https:\/\/de.ferien-vacances.ch\/fr\/appartements\/100-3%c2%bd-pieces-appartement-athos-1\/#breadcrumb\",\"itemListElement\":[{\"@type\":\"ListItem\",\"position\":1,\"name\":\"Home\",\"item\":\"https:\/\/de.ferien-vacances.ch\/fr\/accueil\/\"},{\"@type\":\"ListItem\",\"position\":2,\"name\":\"Appartements\",\"item\":\"https:\/\/de.ferien-vacances.ch\/fr\/appartements\/\"},{\"@type\":\"ListItem\",\"position\":3,\"name\":\"100 \/ 3\u00bd pi\u00e8ces Appartement Athos 1\"}]},{\"@type\":\"WebSite\",\"@id\":\"https:\/\/de.ferien-vacances.ch\/#website\",\"url\":\"https:\/\/de.ferien-vacances.ch\/\",\"name\":\"Ferien-Vacances GmbH\",\"description\":\"Ferienwohnungen &amp; Reinigungsservice\",\"publisher\":{\"@id\":\"https:\/\/de.ferien-vacances.ch\/#organization\"},\"potentialAction\":[{\"@type\":\"SearchAction\",\"target\":{\"@type\":\"EntryPoint\",\"urlTemplate\":\"https:\/\/de.ferien-vacances.ch\/?s={search_term_string}\"},\"query-input\":{\"@type\":\"PropertyValueSpecification\",\"valueRequired\":true,\"valueName\":\"search_term_string\"}}],\"inLanguage\":\"fr-FR\"},{\"@type\":\"Organization\",\"@id\":\"https:\/\/de.ferien-vacances.ch\/#organization\",\"name\":\"Ferien-Vacances GmbH\",\"url\":\"https:\/\/de.ferien-vacances.ch\/\",\"logo\":{\"@type\":\"ImageObject\",\"inLanguage\":\"fr-FR\",\"@id\":\"https:\/\/de.ferien-vacances.ch\/#\/schema\/logo\/image\/\",\"url\":\"https:\/\/de.ferien-vacances.ch\/wp-content\/uploads\/2025\/11\/ferien_vacances_logo_rgb-1.jpg\",\"contentUrl\":\"https:\/\/de.ferien-vacances.ch\/wp-content\/uploads\/2025\/11\/ferien_vacances_logo_rgb-1.jpg\",\"width\":1326,\"height\":793,\"caption\":\"Ferien-Vacances GmbH\"},\"image\":{\"@id\":\"https:\/\/de.ferien-vacances.ch\/#\/schema\/logo\/image\/\"}}]}<\/script>\n<!-- \/ Yoast SEO plugin. -->","yoast_head_json":{"title":"100 \/ 3\u00bd pi\u00e8ces Appartement Athos 1 - Ferien-Vacances GmbH","robots":{"index":"index","follow":"follow","max-snippet":"max-snippet:-1","max-image-preview":"max-image-preview:large","max-video-preview":"max-video-preview:-1"},"canonical":"https:\/\/de.ferien-vacances.ch\/fr\/appartements\/100-3\u00bd-pieces-appartement-athos-1\/","og_locale":"fr_FR","og_type":"article","og_title":"100 \/ 3\u00bd pi\u00e8ces Appartement Athos 1 - Ferien-Vacances GmbH","og_description":"Athos 1***Pfeirenstutz 13, 3954 Leukerbad La maison est situ\u00e9e dans la partie sup\u00e9rieure du village de Leukerbad, \u00e0 proximit\u00e9 de l'arr\u00eat de bus Obere Maressen et du chemin des sources thermales. Situation calme avec une belle vue sur les montagnes. Athos 1*** enti\u00e8rement r\u00e9nov\u00e9 ! Appartement de 3\u00bd pi\u00e8ces pouvant accueillir jusqu'\u00e0 6 personnes Cuisine [&hellip;]","og_url":"https:\/\/de.ferien-vacances.ch\/fr\/appartements\/100-3\u00bd-pieces-appartement-athos-1\/","og_site_name":"Ferien-Vacances GmbH","article_modified_time":"2026-02-24T09:40:40+00:00","og_image":[{"width":200,"height":170,"url":"https:\/\/de.ferien-vacances.ch\/wp-content\/uploads\/2025\/11\/IMG_20241122_125030_HDR-scaled-e1763648620778.jpg","type":"image\/jpeg"}],"twitter_card":"summary_large_image","twitter_misc":{"Dur\u00e9e de lecture estim\u00e9e":"6 minutes"},"schema":{"@context":"https:\/\/schema.org","@graph":[{"@type":"WebPage","@id":"https:\/\/de.ferien-vacances.ch\/fr\/appartements\/100-3%c2%bd-pieces-appartement-athos-1\/","url":"https:\/\/de.ferien-vacances.ch\/fr\/appartements\/100-3%c2%bd-pieces-appartement-athos-1\/","name":"100 \/ 3\u00bd pi\u00e8ces Appartement Athos 1 - Ferien-Vacances GmbH","isPartOf":{"@id":"https:\/\/de.ferien-vacances.ch\/#website"},"primaryImageOfPage":{"@id":"https:\/\/de.ferien-vacances.ch\/fr\/appartements\/100-3%c2%bd-pieces-appartement-athos-1\/#primaryimage"},"image":{"@id":"https:\/\/de.ferien-vacances.ch\/fr\/appartements\/100-3%c2%bd-pieces-appartement-athos-1\/#primaryimage"},"thumbnailUrl":"https:\/\/de.ferien-vacances.ch\/wp-content\/uploads\/2025\/11\/IMG_20241122_125030_HDR-scaled-e1763648620778.jpg","datePublished":"2025-09-24T11:06:32+00:00","dateModified":"2026-02-24T09:40:40+00:00","breadcrumb":{"@id":"https:\/\/de.ferien-vacances.ch\/fr\/appartements\/100-3%c2%bd-pieces-appartement-athos-1\/#breadcrumb"},"inLanguage":"fr-FR","potentialAction":[{"@type":"ReadAction","target":["https:\/\/de.ferien-vacances.ch\/fr\/appartements\/100-3%c2%bd-pieces-appartement-athos-1\/"]}]},{"@type":"ImageObject","inLanguage":"fr-FR","@id":"https:\/\/de.ferien-vacances.ch\/fr\/appartements\/100-3%c2%bd-pieces-appartement-athos-1\/#primaryimage","url":"https:\/\/de.ferien-vacances.ch\/wp-content\/uploads\/2025\/11\/IMG_20241122_125030_HDR-scaled-e1763648620778.jpg","contentUrl":"https:\/\/de.ferien-vacances.ch\/wp-content\/uploads\/2025\/11\/IMG_20241122_125030_HDR-scaled-e1763648620778.jpg","width":200,"height":170},{"@type":"BreadcrumbList","@id":"https:\/\/de.ferien-vacances.ch\/fr\/appartements\/100-3%c2%bd-pieces-appartement-athos-1\/#breadcrumb","itemListElement":[{"@type":"ListItem","position":1,"name":"Home","item":"https:\/\/de.ferien-vacances.ch\/fr\/accueil\/"},{"@type":"ListItem","position":2,"name":"Appartements","item":"https:\/\/de.ferien-vacances.ch\/fr\/appartements\/"},{"@type":"ListItem","position":3,"name":"100 \/ 3\u00bd pi\u00e8ces Appartement Athos 1"}]},{"@type":"WebSite","@id":"https:\/\/de.ferien-vacances.ch\/#website","url":"https:\/\/de.ferien-vacances.ch\/","name":"Ferien-Vacances GmbH","description":"Ferienwohnungen &amp; Reinigungsservice","publisher":{"@id":"https:\/\/de.ferien-vacances.ch\/#organization"},"potentialAction":[{"@type":"SearchAction","target":{"@type":"EntryPoint","urlTemplate":"https:\/\/de.ferien-vacances.ch\/?s={search_term_string}"},"query-input":{"@type":"PropertyValueSpecification","valueRequired":true,"valueName":"search_term_string"}}],"inLanguage":"fr-FR"},{"@type":"Organization","@id":"https:\/\/de.ferien-vacances.ch\/#organization","name":"Ferien-Vacances GmbH","url":"https:\/\/de.ferien-vacances.ch\/","logo":{"@type":"ImageObject","inLanguage":"fr-FR","@id":"https:\/\/de.ferien-vacances.ch\/#\/schema\/logo\/image\/","url":"https:\/\/de.ferien-vacances.ch\/wp-content\/uploads\/2025\/11\/ferien_vacances_logo_rgb-1.jpg","contentUrl":"https:\/\/de.ferien-vacances.ch\/wp-content\/uploads\/2025\/11\/ferien_vacances_logo_rgb-1.jpg","width":1326,"height":793,"caption":"Ferien-Vacances GmbH"},"image":{"@id":"https:\/\/de.ferien-vacances.ch\/#\/schema\/logo\/image\/"}}]}},"_links":{"self":[{"href":"https:\/\/de.ferien-vacances.ch\/fr\/wp-json\/wp\/v2\/pages\/21130","targetHints":{"allow":["GET"]}}],"collection":[{"href":"https:\/\/de.ferien-vacances.ch\/fr\/wp-json\/wp\/v2\/pages"}],"about":[{"href":"https:\/\/de.ferien-vacances.ch\/fr\/wp-json\/wp\/v2\/types\/page"}],"author":[{"embeddable":true,"href":"https:\/\/de.ferien-vacances.ch\/fr\/wp-json\/wp\/v2\/users\/2"}],"replies":[{"embeddable":true,"href":"https:\/\/de.ferien-vacances.ch\/fr\/wp-json\/wp\/v2\/comments?post=21130"}],"version-history":[{"count":0,"href":"https:\/\/de.ferien-vacances.ch\/fr\/wp-json\/wp\/v2\/pages\/21130\/revisions"}],"up":[{"embeddable":true,"href":"https:\/\/de.ferien-vacances.ch\/fr\/wp-json\/wp\/v2\/pages\/34705"}],"wp:featuredmedia":[{"embeddable":true,"href":"https:\/\/de.ferien-vacances.ch\/fr\/wp-json\/wp\/v2\/media\/45125"}],"wp:attachment":[{"href":"https:\/\/de.ferien-vacances.ch\/fr\/wp-json\/wp\/v2\/media?parent=21130"}],"curies":[{"name":"wp","href":"https:\/\/api.w.org\/{rel}","templated":true}]}}