{"id":21427,"date":"2025-09-24T12:43:32","date_gmt":"2025-09-24T12:43:32","guid":{"rendered":"https:\/\/de.ferien-vacances.ch\/27-4%c2%bd-pieces-maison-de-vacances-chalet-kliben\/"},"modified":"2026-03-04T08:22:52","modified_gmt":"2026-03-04T08:22:52","slug":"27-4%c2%bd-pieces-maison-de-vacances-chalet-kliben","status":"publish","type":"page","link":"https:\/\/de.ferien-vacances.ch\/fr\/appartements\/27-4%c2%bd-pieces-maison-de-vacances-chalet-kliben\/","title":{"rendered":"27 \/ 4\u00bd pi\u00e8ces Maison de vacances Chalet Kliben"},"content":{"rendered":"<p>[et_pb_section fb_built=\"1&Prime; admin_label=\"Hero Section\" _builder_version=\"4.27.4&Prime; use_background_color_gradient=\"on\" background_color_gradient_direction=\"90deg\" background_color_gradient_stops=\"rgba(244,240,233,0.9) 30%|rgba(244,240,233,0) 100%\" background_color_gradient_overlays_image=\"on\" background_color_gradient_start=\"rgba(244,240,233,0.9)\" background_color_gradient_start_position=\"30%\" background_color_gradient_end=\"rgba(244,240,233,0)\" background_image=\"https:\/\/de.ferien-vacances.ch\/wp-content\/uploads\/2025\/11\/Varneralp_View_-Autumn_2-\u00a9MyLeukerbadAG-scaled.jpg\" custom_margin=\"|||\" custom_padding=\"119px|0px|119px|0px|false|false\" global_colors_info=\"{}\" theme_builder_area=\"post_content\"][et_pb_row custom_padding_last_edited=\"off|desktop\" admin_label=\"Zone de h\u00e9ros\" _builder_version=\"4.16&Prime; custom_padding=\"27px|0px|0px|0px\" global_colors_info=\"{}\" theme_builder_area=\"post_content\"][et_pb_column type=\"4_4&Prime; _builder_version=\"4.16&Prime; custom_padding=\"|||\" global_colors_info=\"{}\" custom_padding__hover=\"|||\" theme_builder_area=\"post_content\"][et_pb_text admin_label=\"Hero Title\" _builder_version=\"4.27.4&Prime; text_font=\"Playfair Display||||||||\" header_font=\"Alice||||||||\" header_font_size=\"80px\" header_letter_spacing=\"-3px\" header_line_height=\"1.1em\" custom_margin=\"||0px|\" custom_padding=\"|||\" animation_style=\"slide\" animation_direction=\"left\" animation_intensity_slide=\"5%\" animation_starting_opacity=\"100%\" text_font_size_last_edited=\"off|desktop\" header_font_size_tablet=\"\" header_font_size_phone=\"60px\" header_font_size_last_edited=\"on|phone\" global_colors_info=\"{}\" theme_builder_area=\"post_content\"]<\/p>\n<h1>Chalet Kliben*****<\/h1>\n<p>[\/et_pb_text][et_pb_text _builder_version=\"4.16&Prime; text_font=\"||||||||\" text_font_size=\"18px\" text_line_height=\"1.8em\" header_font=\"||||||||\" max_width=\"500px\" custom_margin=\"|||\" custom_padding=\"||10px|\" animation_style=\"slide\" animation_direction=\"left\" animation_intensity_slide=\"5%\" animation_starting_opacity=\"100%\" global_colors_info=\"{}\" theme_builder_area=\"post_content\"]<\/p>\n<p>Klibenstrasse 95, 3954 Leukerbad<\/p>\n<p>Le <span style=\"color: rgba(0, 0, 0, 0.65);\">chalet est situ\u00e9 dans la partie sup\u00e9rieure du village<br \/><\/span><span style=\"color: rgba(0, 0, 0, 0.65);\">Il est situ\u00e9 dans un endroit calme et ensoleill\u00e9<\/span><\/p>\n<p>[\/et_pb_text][\/et_pb_column][\/et_pb_row][\/et_pb_section][et_pb_section fb_built=\"1&Prime; _builder_version=\"4.16&Prime; global_colors_info=\"{}\"][et_pb_row column_structure=\"1_3,2_3&Prime; _builder_version=\"4.16&Prime; background_color=\"rgba(0,0,0,0.05)\" custom_padding=\"1px|0px|0|0px|false|false\" global_colors_info=\"{}\"][et_pb_column type=\"1_3&Prime; _builder_version=\"4.16&Prime; custom_padding=\"|||\" global_colors_info=\"{}\" custom_padding__hover=\"|||\"][et_pb_gallery gallery_ids=\"18685,18686,18687,18688,18690,18691,18692,18693,18694,18695,18696,18697,18698,18699,18700,18701,18702&Prime; fullwidth=\"on\" _builder_version=\"4.27.4&Prime; pagination_text_color=\"#ffffff\" text_orientation=\"center\" custom_padding=\"35px|50px|35px|50px\" global_colors_info=\"{}\"][\/et_pb_gallery][\/et_pb_column][et_pb_column type=\"2_3&Prime; _builder_version=\"4.16&Prime; custom_padding=\"|||\" global_colors_info=\"{}\" custom_padding__hover=\"|||\"][et_pb_divider show_divider=\"off\" admin_label=\"Divider 30px\" _builder_version=\"4.16&Prime; height=\"30px\" custom_margin=\"||-2px|||\" saved_tabs=\"all\" global_colors_info=\"{}\"][\/et_pb_divider][et_pb_text _builder_version=\"4.16&Prime; background_color=\"rgba(255,255,255,0.07)\" global_colors_info=\"{}\"]<\/p>\n<p><strong>Chalet Kliben*****<\/strong><\/p>\n<p><strong><\/strong><\/p>\n<ul>\n<li>Maison mitoyenne 4 \u00bd pi\u00e8ces de 220 m2 pour 1 - 6 personnes<\/li>\n<li>Salon \/ salle \u00e0 manger avec cuisine ouverte spacieuse et lumineuse<\/li>\n<li>Cuisine enti\u00e8rement \u00e9quip\u00e9e avec four, plaque vitroc\u00e9ramique, r\u00e9frig\u00e9rateur avec cong\u00e9lateur, machine \u00e0 caf\u00e9 Delizio, bouilloire, set \u00e0 fondue et raclette, grille-pain, lave-vaisselle<\/li>\n<li>TV \/ lecteur DVD \/ Home Cin\u00e9ma<\/li>\n<li>WIFI<\/li>\n<li>Ascenseur priv\u00e9 dans l&rsquo;immeuble<\/li>\n<li>1er \u00e9tage - 1 chambre avec 2 lits<\/li>\n<li>1er \u00e9tage - 1 chambre avec lit king-size<\/li>\n<li>1er \u00e9tage - salle de bains avec douche, WC et bidet<\/li>\n<li>2\u00e8me \u00e9tage - chambre avec salle de bain (WC et douche), coin canap\u00e9, TV<\/li>\n<li>buanderie avec machine \u00e0 laver, s\u00e8che-linge et s\u00e9choir professionnel pour les v\u00eatements de sport d&rsquo;hiver<\/li>\n<li>Local \u00e0 skis suppl\u00e9mentaire avec un nouveau casier \u00e0 skis s\u00e9curis\u00e9<\/li>\n<li>un espace ext\u00e9rieur chauff\u00e9 pour tous les v\u00eatements, chaussures et accessoires de sport et de fitness. Pour les garder au chaud et au sec <\/li>\n<li>2 balcons et 1 grande terrasse avec barbecue<\/li>\n<li>Parking devant la maison<\/li>\n<li>Animaux domestiques non admis<\/li>\n<\/ul>\n<p>[\/et_pb_text][et_pb_divider show_divider=\"off\" admin_label=\"Divider 6px\" _builder_version=\"4.16&Prime; height=\"6px\" saved_tabs=\"all\" global_colors_info=\"{}\"][\/et_pb_divider][\/et_pb_column][\/et_pb_row][et_pb_row _builder_version=\"4.16&Prime; global_colors_info=\"{}\"][et_pb_column type=\"4_4&Prime; _builder_version=\"4.16&Prime; custom_padding=\"|||\" global_colors_info=\"{}\" custom_padding__hover=\"|||\"][et_pb_text _builder_version=\"4.16&Prime; global_colors_info=\"{}\"]<\/p>\n<p>Chalet suisse classique tr\u00e8s priv\u00e9 de 3 \u00e9tages avec divers appareils modernes ainsi que deux grands balcons et une terrasse. Dans un endroit calme et ensoleill\u00e9, entour\u00e9 de prairies avec une vue magnifique sur Leukerbad et les montagnes. <\/p>\n<p>[\/et_pb_text][\/et_pb_column][\/et_pb_row][et_pb_row column_structure=\"2_3,1_3&Prime; _builder_version=\"4.16&Prime; custom_padding=\"90px|0px|27px|0px|false|false\" global_colors_info=\"{}\"][et_pb_column type=\"2_3&Prime; _builder_version=\"4.16&Prime; custom_padding=\"|||\" global_colors_info=\"{}\" custom_padding__hover=\"|||\"][et_pb_text _builder_version=\"4.16&Prime; max_width=\"100%\" saved_tabs=\"all\" global_colors_info=\"{}\"]<\/p>\n<h1>Frais<\/h1>\n<p>[\/et_pb_text][et_pb_tabs _builder_version=\"4.16&Prime; global_colors_info=\"{}\"][et_pb_tab title=\"Top saison\" _builder_version=\"4.16&Prime; global_colors_info=\"{}\"]<\/p>\n<p><strong>Top saison<br \/><\/strong><\/p>\n<ul>\n<li>CHF 500.00 par jour<\/li>\n<\/ul>\n<p><strong>Frais annexes<\/strong><\/p>\n<ul>\n<li>Linge de lit et de toilette obligatoire, par personne et par s\u00e9jour CHF 28.00<\/li>\n<li>Linge de cuisine, chiffon, \u00e9ponge et un sac poubelle payant inclus<\/li>\n<li>Nettoyage final obligatoire CHF 440.00<\/li>\n<li>Parking au b\u00e2timent inclus dans le prix<\/li>\n<\/ul>\n<p><strong>Conditions de location<br \/><\/strong><\/p>\n<ul>\n<li>Enregistrement de 16h00 \u00e0 18h30<\/li>\n<li>Check-out 9:00 heures<\/li>\n<\/ul>\n<p><strong>Taxe de s\u00e9jour<\/strong><\/p>\n<p><strong><\/strong><\/p>\n<ul>\n<li>Adultes \u00e0 partir de 16 ans : CHF 6.00 par jour<\/li>\n<li>Enfants 6 - 15 ans : CHF 3.00 par jour<\/li>\n<li>Enfants en bas \u00e2ge 0 - 5 ans : gratuit<\/li>\n<\/ul>\n<p>[\/et_pb_tab][et_pb_tab title=\"Haute saison\" _builder_version=\"4.16&Prime; global_colors_info=\"{}\"]<\/p>\n<p><strong>Haute saison<\/strong><\/p>\n<ul>\n<li>CHF 350.00 par jour<\/li>\n<\/ul>\n<p><strong>Frais annexes<\/strong><\/p>\n<ul>\n<li>Linge de lit et de toilette obligatoire, par personne et par s\u00e9jour CHF 28.00<\/li>\n<li>Linge de cuisine, chiffon, \u00e9ponge et un sac poubelle payant inclus<\/li>\n<li>Nettoyage final obligatoire CHF 440.00<\/li>\n<li>Parking au b\u00e2timent inclus dans le prix<\/li>\n<\/ul>\n<p><strong>Conditions de location<br \/><\/strong><\/p>\n<ul>\n<li>Enregistrement de 16h00 \u00e0 18h30<\/li>\n<li>Check-out 9:00 heures<\/li>\n<\/ul>\n<p><strong>Taxe de s\u00e9jour  <br \/><\/strong><\/p>\n<p><strong><\/strong><\/p>\n<ul>\n<li>Adultes \u00e0 partir de 16 ans : CHF 6.00 par jour<\/li>\n<li>Enfants 6 - 15 ans : CHF 3.00 par jour<\/li>\n<li>Enfants en bas \u00e2ge 0 - 5 ans : gratuit<\/li>\n<\/ul>\n<p>[\/et_pb_tab][et_pb_tab title=\"Moyenne saison\" _builder_version=\"4.16&Prime; global_colors_info=\"{}\"]<\/p>\n<p><strong>Moyenne saison<\/strong><\/p>\n<ul>\n<li>CHF 300.00 par jour<\/li>\n<\/ul>\n<p><strong>Frais annexes<\/strong><\/p>\n<ul>\n<li>Linge de lit et de toilette en option, par personne et par s\u00e9jour CHF 28.00<\/li>\n<li>Linge de cuisine, chiffon, \u00e9ponge et un sac poubelle payant inclus<\/li>\n<li>Nettoyage final obligatoire CHF 440.00<\/li>\n<li>Parking au b\u00e2timent inclus dans le prix<\/li>\n<\/ul>\n<p><strong>Conditions de location<br \/><\/strong><\/p>\n<ul>\n<li>pas d&rsquo;enregistrement le dimanche<\/li>\n<li>Heure de check-in \/ check-out selon disponibilit\u00e9 et accord pr\u00e9alable<\/li>\n<\/ul>\n<p><strong>Taxe de s\u00e9jour  <br \/><\/strong><\/p>\n<ul>\n<li>Adultes \u00e0 partir de 16 ans : CHF 6.00 par jour<\/li>\n<li>Enfants 6 - 15 ans : CHF 3.00 par jour<\/li>\n<li>Enfants en bas \u00e2ge 0 - 5 ans : gratuit<\/li>\n<\/ul>\n<p><strong>R\u00e9ductions<\/strong><strong><\/strong><\/p>\n<p><strong><\/strong><\/p>\n<ul>\n<li>\u00e0 partir de 14 jours 10% sur le prix de la location<\/li>\n<li>\u00e0 partir de 21 jours 15% sur le prix de la location<\/li>\n<\/ul>\n<p>[\/et_pb_tab][et_pb_tab title=\"Basse saison\" _builder_version=\"4.16&Prime; global_colors_info=\"{}\"]<\/p>\n<p><strong>Basse saison<\/strong><\/p>\n<ul>\n<li>CHF 280.00 par jour<\/li>\n<\/ul>\n<p><strong>Frais annexes<\/strong><\/p>\n<ul>\n<li>Linge de lit et de toilette en option, par personne et par s\u00e9jour CHF 28.00<\/li>\n<li>Linge de cuisine, chiffon, \u00e9ponge et un sac poubelle payant inclus<\/li>\n<li>Nettoyage final obligatoire CHF 440.00<\/li>\n<li>Parking au b\u00e2timent inclus dans le prix<\/li>\n<\/ul>\n<p><strong>Conditions de location<br \/><\/strong><\/p>\n<ul>\n<li>pas d&rsquo;enregistrement le dimanche<\/li>\n<li>Heure de check-in \/ check-out selon disponibilit\u00e9 et accord pr\u00e9alable<\/li>\n<\/ul>\n<p><strong>Taxe de s\u00e9jour  <br \/><\/strong><\/p>\n<ul>\n<li>Adultes \u00e0 partir de 16 ans : CHF 6.00 par jour<\/li>\n<li>Enfants 6 - 15 ans : CHF 3.00 par jour<\/li>\n<li>Enfants en bas \u00e2ge 0 - 5 ans : gratuit<\/li>\n<\/ul>\n<p><strong>R\u00e9ductions<\/strong><strong><\/strong><strong><\/strong><strong><\/strong><\/p>\n<p><strong><\/strong><\/p>\n<ul>\n<li>\u00e0 partir de 14 jours 10% sur le prix de la location<\/li>\n<li>\u00e0 partir de 21 jours 15% sur le prix de la location<\/li>\n<\/ul>\n<p>[\/et_pb_tab][\/et_pb_tabs][\/et_pb_column][et_pb_column type=\"1_3&Prime; _builder_version=\"4.16&Prime; custom_padding=\"|||\" global_colors_info=\"{}\" custom_padding__hover=\"|||\"][et_pb_text _builder_version=\"3.11&Prime; max_width=\"100%\" global_module=\"916&Prime; saved_tabs=\"all\" global_colors_info=\"{}\"]<\/p>\n<h1>In der N\u00e4he<\/h1>\n<p>[\/et_pb_text][et_pb_text _builder_version=\"4.16&Prime; global_colors_info=\"{}\"]<\/p>\n<ul>\n<li>Arr\u00eat de bus \u00e0 10 minutes \u00e0 pied<\/li>\n<li>Clinique de r\u00e9adaptation \u00e0 15 minutes \u00e0 pied<\/li>\n<li>Remont\u00e9es m\u00e9caniques Gemmi &amp; Torrent 1&rsquo;500 m\u00e8tres<\/li>\n<li>Thermanlb\u00e4der Alpentherme 1&rsquo;300 m\u00e8tres<\/li>\n<li>Bains thermaux Burgerbad 100 m\u00e8tres<\/li>\n<\/ul>\n<p>[\/et_pb_text][et_pb_map address=\"3954 Leukerbad, Switzerland\" zoom_level=\"15&Prime; address_lat=\"46.38250276392044&Prime; address_lng=\"7.630534506170989&Prime; _builder_version=\"4.16&Prime; global_colors_info=\"{}\"][et_pb_map_pin pin_address=\"Klibenstrasse 65, 3954 Leukerbad, Switzerland\" pin_address_lat=\"46.3847833&Prime; pin_address_lng=\"7.630234900000005&Prime; _builder_version=\"3.12.2&Prime; global_colors_info=\"{}\"][\/et_pb_map_pin][\/et_pb_map][\/et_pb_column][\/et_pb_row][et_pb_row _builder_version=\"4.16&Prime; global_colors_info=\"{}\"][et_pb_column type=\"4_4&Prime; _builder_version=\"4.16&Prime; custom_padding=\"|||\" global_colors_info=\"{}\" custom_padding__hover=\"|||\"][wpbs_divi_single_calendar id=\"31&Prime; form_id=\"147&Prime; legend_position=\"top\" highlighttoday=\"yes\" weeknumbers=\"yes\" show_prices=\"yes\" show_date_selection=\"yes\" _builder_version=\"4.27.4&Prime; _module_preset=\"default\" global_colors_info=\"{}\"][\/wpbs_divi_single_calendar][\/et_pb_column][\/et_pb_row][\/et_pb_section]<\/p>\n","protected":false},"excerpt":{"rendered":"<p>Chalet Kliben*****Klibenstrasse 95, 3954 Leukerbad Le chalet est situ\u00e9 dans la partie sup\u00e9rieure du villageIl est situ\u00e9 dans un endroit calme et ensoleill\u00e9Chalet Kliben***** Maison mitoyenne 4 \u00bd pi\u00e8ces de 220 m2 pour 1 - 6 personnes Salon \/ salle \u00e0 manger avec cuisine ouverte spacieuse et lumineuse Cuisine enti\u00e8rement \u00e9quip\u00e9e avec four, plaque vitroc\u00e9ramique, [&hellip;]<\/p>\n","protected":false},"author":2,"featured_media":18686,"parent":34705,"menu_order":0,"comment_status":"closed","ping_status":"closed","template":"","meta":{"_acf_changed":false,"_et_pb_use_builder":"on","_et_pb_old_content":"","_et_gb_content_width":"","footnotes":""},"class_list":["post-21427","page","type-page","status-publish","has-post-thumbnail","hentry"],"acf":[],"yoast_head":"<!-- This site is optimized with the Yoast SEO plugin v27.2 - https:\/\/yoast.com\/product\/yoast-seo-wordpress\/ -->\n<title>27 \/ 4\u00bd pi\u00e8ces Maison de vacances Chalet Kliben - Ferien-Vacances GmbH<\/title>\n<meta name=\"robots\" content=\"index, follow, max-snippet:-1, max-image-preview:large, max-video-preview:-1\" \/>\n<link rel=\"canonical\" href=\"https:\/\/de.ferien-vacances.ch\/fr\/appartements\/27-4\u00bd-pieces-maison-de-vacances-chalet-kliben\/\" \/>\n<meta property=\"og:locale\" content=\"fr_FR\" \/>\n<meta property=\"og:type\" content=\"article\" \/>\n<meta property=\"og:title\" content=\"27 \/ 4\u00bd pi\u00e8ces Maison de vacances Chalet Kliben - Ferien-Vacances GmbH\" \/>\n<meta property=\"og:description\" content=\"Chalet Kliben*****Klibenstrasse 95, 3954 Leukerbad Le chalet est situ\u00e9 dans la partie sup\u00e9rieure du villageIl est situ\u00e9 dans un endroit calme et ensoleill\u00e9Chalet Kliben***** Maison mitoyenne 4 \u00bd pi\u00e8ces de 220 m2 pour 1 - 6 personnes Salon \/ salle \u00e0 manger avec cuisine ouverte spacieuse et lumineuse Cuisine enti\u00e8rement \u00e9quip\u00e9e avec four, plaque vitroc\u00e9ramique, [&hellip;]\" \/>\n<meta property=\"og:url\" content=\"https:\/\/de.ferien-vacances.ch\/fr\/appartements\/27-4\u00bd-pieces-maison-de-vacances-chalet-kliben\/\" \/>\n<meta property=\"og:site_name\" content=\"Ferien-Vacances GmbH\" \/>\n<meta property=\"article:modified_time\" content=\"2026-03-04T08:22:52+00:00\" \/>\n<meta property=\"og:image\" content=\"https:\/\/de.ferien-vacances.ch\/wp-content\/uploads\/2018\/09\/27-c-4.5-Zimmer-Wohnung-Chalte-KLiben-Wohnstube-Leukerbad-Ferienwohnung-zu-vermieten-e1770046552558.jpg\" \/>\n\t<meta property=\"og:image:width\" content=\"700\" \/>\n\t<meta property=\"og:image:height\" content=\"467\" \/>\n\t<meta property=\"og:image:type\" content=\"image\/jpeg\" \/>\n<meta name=\"twitter:card\" content=\"summary_large_image\" \/>\n<meta name=\"twitter:label1\" content=\"Dur\u00e9e de lecture estim\u00e9e\" \/>\n\t<meta name=\"twitter:data1\" content=\"7 minutes\" \/>\n<script type=\"application\/ld+json\" class=\"yoast-schema-graph\">{\"@context\":\"https:\/\/schema.org\",\"@graph\":[{\"@type\":\"WebPage\",\"@id\":\"https:\/\/de.ferien-vacances.ch\/fr\/appartements\/27-4%c2%bd-pieces-maison-de-vacances-chalet-kliben\/\",\"url\":\"https:\/\/de.ferien-vacances.ch\/fr\/appartements\/27-4%c2%bd-pieces-maison-de-vacances-chalet-kliben\/\",\"name\":\"27 \/ 4\u00bd pi\u00e8ces Maison de vacances Chalet Kliben - Ferien-Vacances GmbH\",\"isPartOf\":{\"@id\":\"https:\/\/de.ferien-vacances.ch\/#website\"},\"primaryImageOfPage\":{\"@id\":\"https:\/\/de.ferien-vacances.ch\/fr\/appartements\/27-4%c2%bd-pieces-maison-de-vacances-chalet-kliben\/#primaryimage\"},\"image\":{\"@id\":\"https:\/\/de.ferien-vacances.ch\/fr\/appartements\/27-4%c2%bd-pieces-maison-de-vacances-chalet-kliben\/#primaryimage\"},\"thumbnailUrl\":\"https:\/\/de.ferien-vacances.ch\/wp-content\/uploads\/2018\/09\/27-c-4.5-Zimmer-Wohnung-Chalte-KLiben-Wohnstube-Leukerbad-Ferienwohnung-zu-vermieten-e1770046552558.jpg\",\"datePublished\":\"2025-09-24T12:43:32+00:00\",\"dateModified\":\"2026-03-04T08:22:52+00:00\",\"breadcrumb\":{\"@id\":\"https:\/\/de.ferien-vacances.ch\/fr\/appartements\/27-4%c2%bd-pieces-maison-de-vacances-chalet-kliben\/#breadcrumb\"},\"inLanguage\":\"fr-FR\",\"potentialAction\":[{\"@type\":\"ReadAction\",\"target\":[\"https:\/\/de.ferien-vacances.ch\/fr\/appartements\/27-4%c2%bd-pieces-maison-de-vacances-chalet-kliben\/\"]}]},{\"@type\":\"ImageObject\",\"inLanguage\":\"fr-FR\",\"@id\":\"https:\/\/de.ferien-vacances.ch\/fr\/appartements\/27-4%c2%bd-pieces-maison-de-vacances-chalet-kliben\/#primaryimage\",\"url\":\"https:\/\/de.ferien-vacances.ch\/wp-content\/uploads\/2018\/09\/27-c-4.5-Zimmer-Wohnung-Chalte-KLiben-Wohnstube-Leukerbad-Ferienwohnung-zu-vermieten-e1770046552558.jpg\",\"contentUrl\":\"https:\/\/de.ferien-vacances.ch\/wp-content\/uploads\/2018\/09\/27-c-4.5-Zimmer-Wohnung-Chalte-KLiben-Wohnstube-Leukerbad-Ferienwohnung-zu-vermieten-e1770046552558.jpg\",\"width\":700,\"height\":467},{\"@type\":\"BreadcrumbList\",\"@id\":\"https:\/\/de.ferien-vacances.ch\/fr\/appartements\/27-4%c2%bd-pieces-maison-de-vacances-chalet-kliben\/#breadcrumb\",\"itemListElement\":[{\"@type\":\"ListItem\",\"position\":1,\"name\":\"Home\",\"item\":\"https:\/\/de.ferien-vacances.ch\/fr\/accueil\/\"},{\"@type\":\"ListItem\",\"position\":2,\"name\":\"Appartements\",\"item\":\"https:\/\/de.ferien-vacances.ch\/fr\/appartements\/\"},{\"@type\":\"ListItem\",\"position\":3,\"name\":\"27 \/ 4\u00bd pi\u00e8ces Maison de vacances Chalet Kliben\"}]},{\"@type\":\"WebSite\",\"@id\":\"https:\/\/de.ferien-vacances.ch\/#website\",\"url\":\"https:\/\/de.ferien-vacances.ch\/\",\"name\":\"Ferien-Vacances GmbH\",\"description\":\"Ferienwohnungen &amp; Reinigungsservice\",\"publisher\":{\"@id\":\"https:\/\/de.ferien-vacances.ch\/#organization\"},\"potentialAction\":[{\"@type\":\"SearchAction\",\"target\":{\"@type\":\"EntryPoint\",\"urlTemplate\":\"https:\/\/de.ferien-vacances.ch\/?s={search_term_string}\"},\"query-input\":{\"@type\":\"PropertyValueSpecification\",\"valueRequired\":true,\"valueName\":\"search_term_string\"}}],\"inLanguage\":\"fr-FR\"},{\"@type\":\"Organization\",\"@id\":\"https:\/\/de.ferien-vacances.ch\/#organization\",\"name\":\"Ferien-Vacances GmbH\",\"url\":\"https:\/\/de.ferien-vacances.ch\/\",\"logo\":{\"@type\":\"ImageObject\",\"inLanguage\":\"fr-FR\",\"@id\":\"https:\/\/de.ferien-vacances.ch\/#\/schema\/logo\/image\/\",\"url\":\"https:\/\/de.ferien-vacances.ch\/wp-content\/uploads\/2025\/11\/ferien_vacances_logo_rgb-1.jpg\",\"contentUrl\":\"https:\/\/de.ferien-vacances.ch\/wp-content\/uploads\/2025\/11\/ferien_vacances_logo_rgb-1.jpg\",\"width\":1326,\"height\":793,\"caption\":\"Ferien-Vacances GmbH\"},\"image\":{\"@id\":\"https:\/\/de.ferien-vacances.ch\/#\/schema\/logo\/image\/\"}}]}<\/script>\n<!-- \/ Yoast SEO plugin. -->","yoast_head_json":{"title":"27 \/ 4\u00bd pi\u00e8ces Maison de vacances Chalet Kliben - Ferien-Vacances GmbH","robots":{"index":"index","follow":"follow","max-snippet":"max-snippet:-1","max-image-preview":"max-image-preview:large","max-video-preview":"max-video-preview:-1"},"canonical":"https:\/\/de.ferien-vacances.ch\/fr\/appartements\/27-4\u00bd-pieces-maison-de-vacances-chalet-kliben\/","og_locale":"fr_FR","og_type":"article","og_title":"27 \/ 4\u00bd pi\u00e8ces Maison de vacances Chalet Kliben - Ferien-Vacances GmbH","og_description":"Chalet Kliben*****Klibenstrasse 95, 3954 Leukerbad Le chalet est situ\u00e9 dans la partie sup\u00e9rieure du villageIl est situ\u00e9 dans un endroit calme et ensoleill\u00e9Chalet Kliben***** Maison mitoyenne 4 \u00bd pi\u00e8ces de 220 m2 pour 1 - 6 personnes Salon \/ salle \u00e0 manger avec cuisine ouverte spacieuse et lumineuse Cuisine enti\u00e8rement \u00e9quip\u00e9e avec four, plaque vitroc\u00e9ramique, [&hellip;]","og_url":"https:\/\/de.ferien-vacances.ch\/fr\/appartements\/27-4\u00bd-pieces-maison-de-vacances-chalet-kliben\/","og_site_name":"Ferien-Vacances GmbH","article_modified_time":"2026-03-04T08:22:52+00:00","og_image":[{"width":700,"height":467,"url":"https:\/\/de.ferien-vacances.ch\/wp-content\/uploads\/2018\/09\/27-c-4.5-Zimmer-Wohnung-Chalte-KLiben-Wohnstube-Leukerbad-Ferienwohnung-zu-vermieten-e1770046552558.jpg","type":"image\/jpeg"}],"twitter_card":"summary_large_image","twitter_misc":{"Dur\u00e9e de lecture estim\u00e9e":"7 minutes"},"schema":{"@context":"https:\/\/schema.org","@graph":[{"@type":"WebPage","@id":"https:\/\/de.ferien-vacances.ch\/fr\/appartements\/27-4%c2%bd-pieces-maison-de-vacances-chalet-kliben\/","url":"https:\/\/de.ferien-vacances.ch\/fr\/appartements\/27-4%c2%bd-pieces-maison-de-vacances-chalet-kliben\/","name":"27 \/ 4\u00bd pi\u00e8ces Maison de vacances Chalet Kliben - Ferien-Vacances GmbH","isPartOf":{"@id":"https:\/\/de.ferien-vacances.ch\/#website"},"primaryImageOfPage":{"@id":"https:\/\/de.ferien-vacances.ch\/fr\/appartements\/27-4%c2%bd-pieces-maison-de-vacances-chalet-kliben\/#primaryimage"},"image":{"@id":"https:\/\/de.ferien-vacances.ch\/fr\/appartements\/27-4%c2%bd-pieces-maison-de-vacances-chalet-kliben\/#primaryimage"},"thumbnailUrl":"https:\/\/de.ferien-vacances.ch\/wp-content\/uploads\/2018\/09\/27-c-4.5-Zimmer-Wohnung-Chalte-KLiben-Wohnstube-Leukerbad-Ferienwohnung-zu-vermieten-e1770046552558.jpg","datePublished":"2025-09-24T12:43:32+00:00","dateModified":"2026-03-04T08:22:52+00:00","breadcrumb":{"@id":"https:\/\/de.ferien-vacances.ch\/fr\/appartements\/27-4%c2%bd-pieces-maison-de-vacances-chalet-kliben\/#breadcrumb"},"inLanguage":"fr-FR","potentialAction":[{"@type":"ReadAction","target":["https:\/\/de.ferien-vacances.ch\/fr\/appartements\/27-4%c2%bd-pieces-maison-de-vacances-chalet-kliben\/"]}]},{"@type":"ImageObject","inLanguage":"fr-FR","@id":"https:\/\/de.ferien-vacances.ch\/fr\/appartements\/27-4%c2%bd-pieces-maison-de-vacances-chalet-kliben\/#primaryimage","url":"https:\/\/de.ferien-vacances.ch\/wp-content\/uploads\/2018\/09\/27-c-4.5-Zimmer-Wohnung-Chalte-KLiben-Wohnstube-Leukerbad-Ferienwohnung-zu-vermieten-e1770046552558.jpg","contentUrl":"https:\/\/de.ferien-vacances.ch\/wp-content\/uploads\/2018\/09\/27-c-4.5-Zimmer-Wohnung-Chalte-KLiben-Wohnstube-Leukerbad-Ferienwohnung-zu-vermieten-e1770046552558.jpg","width":700,"height":467},{"@type":"BreadcrumbList","@id":"https:\/\/de.ferien-vacances.ch\/fr\/appartements\/27-4%c2%bd-pieces-maison-de-vacances-chalet-kliben\/#breadcrumb","itemListElement":[{"@type":"ListItem","position":1,"name":"Home","item":"https:\/\/de.ferien-vacances.ch\/fr\/accueil\/"},{"@type":"ListItem","position":2,"name":"Appartements","item":"https:\/\/de.ferien-vacances.ch\/fr\/appartements\/"},{"@type":"ListItem","position":3,"name":"27 \/ 4\u00bd pi\u00e8ces Maison de vacances Chalet Kliben"}]},{"@type":"WebSite","@id":"https:\/\/de.ferien-vacances.ch\/#website","url":"https:\/\/de.ferien-vacances.ch\/","name":"Ferien-Vacances GmbH","description":"Ferienwohnungen &amp; Reinigungsservice","publisher":{"@id":"https:\/\/de.ferien-vacances.ch\/#organization"},"potentialAction":[{"@type":"SearchAction","target":{"@type":"EntryPoint","urlTemplate":"https:\/\/de.ferien-vacances.ch\/?s={search_term_string}"},"query-input":{"@type":"PropertyValueSpecification","valueRequired":true,"valueName":"search_term_string"}}],"inLanguage":"fr-FR"},{"@type":"Organization","@id":"https:\/\/de.ferien-vacances.ch\/#organization","name":"Ferien-Vacances GmbH","url":"https:\/\/de.ferien-vacances.ch\/","logo":{"@type":"ImageObject","inLanguage":"fr-FR","@id":"https:\/\/de.ferien-vacances.ch\/#\/schema\/logo\/image\/","url":"https:\/\/de.ferien-vacances.ch\/wp-content\/uploads\/2025\/11\/ferien_vacances_logo_rgb-1.jpg","contentUrl":"https:\/\/de.ferien-vacances.ch\/wp-content\/uploads\/2025\/11\/ferien_vacances_logo_rgb-1.jpg","width":1326,"height":793,"caption":"Ferien-Vacances GmbH"},"image":{"@id":"https:\/\/de.ferien-vacances.ch\/#\/schema\/logo\/image\/"}}]}},"_links":{"self":[{"href":"https:\/\/de.ferien-vacances.ch\/fr\/wp-json\/wp\/v2\/pages\/21427","targetHints":{"allow":["GET"]}}],"collection":[{"href":"https:\/\/de.ferien-vacances.ch\/fr\/wp-json\/wp\/v2\/pages"}],"about":[{"href":"https:\/\/de.ferien-vacances.ch\/fr\/wp-json\/wp\/v2\/types\/page"}],"author":[{"embeddable":true,"href":"https:\/\/de.ferien-vacances.ch\/fr\/wp-json\/wp\/v2\/users\/2"}],"replies":[{"embeddable":true,"href":"https:\/\/de.ferien-vacances.ch\/fr\/wp-json\/wp\/v2\/comments?post=21427"}],"version-history":[{"count":4,"href":"https:\/\/de.ferien-vacances.ch\/fr\/wp-json\/wp\/v2\/pages\/21427\/revisions"}],"predecessor-version":[{"id":56910,"href":"https:\/\/de.ferien-vacances.ch\/fr\/wp-json\/wp\/v2\/pages\/21427\/revisions\/56910"}],"up":[{"embeddable":true,"href":"https:\/\/de.ferien-vacances.ch\/fr\/wp-json\/wp\/v2\/pages\/34705"}],"wp:featuredmedia":[{"embeddable":true,"href":"https:\/\/de.ferien-vacances.ch\/fr\/wp-json\/wp\/v2\/media\/18686"}],"wp:attachment":[{"href":"https:\/\/de.ferien-vacances.ch\/fr\/wp-json\/wp\/v2\/media?parent=21427"}],"curies":[{"name":"wp","href":"https:\/\/api.w.org\/{rel}","templated":true}]}}