{"id":24187,"date":"2025-09-26T07:45:52","date_gmt":"2025-09-26T07:45:52","guid":{"rendered":"https:\/\/de.ferien-vacances.ch\/37-1-chambre-appartement-leuca-24\/"},"modified":"2026-02-02T13:02:47","modified_gmt":"2026-02-02T13:02:47","slug":"37-1-chambre-appartement-leuca-24","status":"publish","type":"page","link":"https:\/\/de.ferien-vacances.ch\/fr\/appartements\/37-1-chambre-appartement-leuca-24\/","title":{"rendered":"37 \/ 1 chambre appartement Leuca 24"},"content":{"rendered":"<p>[et_pb_section fb_built=\"1&Prime; admin_label=\"Hero Section\" _builder_version=\"4.27.4&Prime; use_background_color_gradient=\"on\" background_color_gradient_direction=\"90deg\" background_color_gradient_stops=\"rgba(244,240,233,0.9) 30%|rgba(244,240,233,0) 100%\" background_color_gradient_overlays_image=\"on\" background_color_gradient_start=\"rgba(244,240,233,0.9)\" background_color_gradient_start_position=\"30%\" background_color_gradient_end=\"rgba(244,240,233,0)\" background_image=\"https:\/\/de.ferien-vacances.ch\/wp-content\/uploads\/2025\/11\/Varneralp_View_-Autumn_2-\u00a9MyLeukerbadAG-1-scaled.jpg\" min_height=\"576.2px\" custom_margin=\"|||\" custom_padding=\"280px|0px|64px|0px||\" global_colors_info=\"{}\"][et_pb_row custom_padding_last_edited=\"off|desktop\" admin_label=\"Zone H\u00e9ro\" _builder_version=\"4.16&Prime; custom_padding=\"27px|0px|0px|0px\" global_colors_info=\"{}\"][et_pb_column type=\"4_4&Prime; _builder_version=\"4.16&Prime; custom_padding=\"|||\" global_colors_info=\"{}\" custom_padding__hover=\"|||\"][et_pb_text admin_label=\"Hero Title\" _builder_version=\"4.16&Prime; text_font=\"Playfair Display||||||||\" header_font=\"Alice||||||||\" header_font_size=\"80px\" header_letter_spacing=\"-3px\" header_line_height=\"1.1em\" custom_margin=\"||0px|\" custom_padding=\"|||\" animation_style=\"slide\" animation_direction=\"left\" animation_intensity_slide=\"5%\" animation_starting_opacity=\"100%\" text_font_size_last_edited=\"off|desktop\" header_font_size_tablet=\"\" header_font_size_phone=\"60px\" header_font_size_last_edited=\"on|phone\" global_colors_info=\"{}\"]<\/p>\n<h1>Leuca 24***<\/h1>\n<p>[\/et_pb_text][et_pb_text _builder_version=\"4.16&Prime; text_font=\"||||||||\" text_font_size=\"18px\" text_line_height=\"1.8em\" header_font=\"||||||||\" max_width=\"500px\" custom_margin=\"|||\" custom_padding=\"||10px|\" animation_style=\"slide\" animation_direction=\"left\" animation_intensity_slide=\"5%\" animation_starting_opacity=\"100%\" global_colors_info=\"{}\"]<\/p>\n<p>Untere Maressenstrasse 19, 3954 Leukerbad<\/p>\n<p>La maison est situ\u00e9e au centre du village de Leukerbad.<br \/>Situation calme avec une belle vue sur les montagnes.<\/p>\n<p>[\/et_pb_text][\/et_pb_column][\/et_pb_row][\/et_pb_section][et_pb_section fb_built=\"1&Prime; _builder_version=\"4.27.4&Prime; global_colors_info=\"{}\"][et_pb_row column_structure=\"1_3,2_3&Prime; _builder_version=\"4.16&Prime; background_color=\"rgba(0,0,0,0.05)\" custom_padding=\"1px|0px|0|0px|false|false\" global_colors_info=\"{}\"][et_pb_column type=\"1_3&Prime; _builder_version=\"4.16&Prime; custom_padding=\"|||\" global_colors_info=\"{}\" custom_padding__hover=\"|||\"][et_pb_gallery gallery_ids=\"24192,17740,48133,48134,48135,48136,48137,48138,24193,24195,48139,48140,48141,48142,24196,48143,48144,48145,48059,48146,48147&Prime; fullwidth=\"on\" _builder_version=\"4.27.4&Prime; pagination_text_color=\"#ffffff\" text_orientation=\"center\" custom_padding=\"35px|50px|35px|50px\" global_colors_info=\"{}\"][\/et_pb_gallery][\/et_pb_column][et_pb_column type=\"2_3&Prime; _builder_version=\"4.16&Prime; custom_padding=\"|||\" global_colors_info=\"{}\" custom_padding__hover=\"|||\"][et_pb_divider show_divider=\"off\" admin_label=\"Divider 30px\" _builder_version=\"4.16&Prime; height=\"30px\" custom_margin=\"||-2px|||\" saved_tabs=\"all\" global_colors_info=\"{}\"][\/et_pb_divider][et_pb_text _builder_version=\"4.16&Prime; background_color=\"rgba(255,255,255,0.07)\" global_colors_info=\"{}\"]<\/p>\n<p><strong>Leuca 24***<\/strong><\/p>\n<p><strong><\/strong><\/p>\n<ul>\n<li>Appartement 1 pi\u00e8ce de 42 m2 pour 1 - 3 personnes, 2\u00e8me \u00e9tage<\/li>\n<li>Cuisine avec four, 3 plaques de cuisson, r\u00e9frig\u00e9rateur avec compartiment cong\u00e9lateur, cafeti\u00e8re Nespresso (et machine \u00e0 caf\u00e9), bouilloire \u00e9lectrique<\/li>\n<li>Salon \/ salle \u00e0 manger avec canap\u00e9-lit convertible, table et un lit<\/li>\n<li>Douche \/ WC<\/li>\n<li>TV \/ Radio<\/li>\n<li>WIFI<\/li>\n<li>Balcon Sud<\/li>\n<li>Parking dans le parking public \u00e0 proximit\u00e9 de l&rsquo;appartement<\/li>\n<li>Animaux domestiques non admis<\/li>\n<\/ul>\n<p>[\/et_pb_text][et_pb_divider show_divider=\"off\" admin_label=\"Divider 6px\" _builder_version=\"4.16&Prime; height=\"6px\" saved_tabs=\"all\" global_colors_info=\"{}\"][\/et_pb_divider][\/et_pb_column][\/et_pb_row][et_pb_row column_structure=\"2_3,1_3&Prime; _builder_version=\"4.16&Prime; custom_padding=\"90px|0px|27px|0px|false|false\" global_colors_info=\"{}\"][et_pb_column type=\"2_3&Prime; _builder_version=\"4.16&Prime; custom_padding=\"|||\" global_colors_info=\"{}\" custom_padding__hover=\"|||\"][et_pb_text _builder_version=\"4.16&Prime; global_colors_info=\"{}\"]<\/p>\n<h1>Frais<\/h1>\n<p>[\/et_pb_text][et_pb_tabs _builder_version=\"4.16&Prime; global_colors_info=\"{}\"][et_pb_tab title=\"Haute saison\" _builder_version=\"4.16&Prime; global_colors_info=\"{}\"]<\/p>\n<p><strong>Haute saison<br \/><\/strong><\/p>\n<ul>\n<li>CHF 75.00 par jour<\/li>\n<\/ul>\n<p><strong>Frais suppl\u00e9mentaires<\/strong><\/p>\n<ul>\n<li>Linge de lit et de toilette obligatoire, par personne et par s\u00e9jour CHF 28.00<\/li>\n<li>Torchons, chiffons, \u00e9ponge et un sac poubelle payant inclus<\/li>\n<li>Nettoyage final obligatoire CHF 75.00<\/li>\n<li>Stationnement dans un parking public CHF 10.00 par jour<\/li>\n<\/ul>\n<p><strong>Conditions de location<br \/><\/strong><\/p>\n<ul>\n<li>Check-in 16h00 \u2013 18h30<\/li>\n<li>Self-check-in jusqu&rsquo;\u00e0 20h00 au plus tard<\/li>\n<li>Check-out 9h00<\/li>\n<\/ul>\n<p><strong>Taxe de s\u00e9jour <br \/><\/strong><\/p>\n<p><strong><\/strong><\/p>\n<ul>\n<li>Adultes \u00e0 partir de 16 ans&nbsp;: CHF&nbsp;6.00 par jour<\/li>\n<li>Enfants de 6 \u00e0 15 ans&nbsp;: CHF&nbsp;3.00 par jour<\/li>\n<li>Enfants en bas \u00e2ge de 0 \u00e0 5 ans&nbsp;: gratuit<\/li>\n<\/ul>\n<p>[\/et_pb_tab][et_pb_tab title=\"Saison principale\" _builder_version=\"4.16&Prime; global_colors_info=\"{}\"]<\/p>\n<p><strong>Saison principale<\/strong><\/p>\n<ul>\n<li>CHF 70.00 par jour<\/li>\n<\/ul>\n<p><strong>Frais suppl\u00e9mentaires<\/strong><\/p>\n<ul>\n<li>Linge de lit et de toilette obligatoire, par personne et par s\u00e9jour CHF 28.00<\/li>\n<li>Torchons, chiffons, \u00e9ponge et un sac poubelle payant inclus<\/li>\n<li>Nettoyage final obligatoire CHF 75.00<\/li>\n<li>Stationnement dans un parking public CHF 10.00 par jour<\/li>\n<\/ul>\n<p><strong>Conditions de location<br \/><\/strong><\/p>\n<ul>\n<li>Check-in 16h00 \u2013 18h30<\/li>\n<li>Self-check-in jusqu&rsquo;\u00e0 20h00 au plus tard<\/li>\n<li>Check-out 9h00<\/li>\n<\/ul>\n<p><strong>Taxe de s\u00e9jour <br \/><\/strong><\/p>\n<p><strong><\/strong><\/p>\n<ul>\n<li>Adultes \u00e0 partir de 16 ans&nbsp;: CHF&nbsp;6.00 par jour<\/li>\n<li>Enfants de 6 \u00e0 15 ans&nbsp;: CHF&nbsp;3.00 par jour<\/li>\n<li>Enfants en bas \u00e2ge de 0 \u00e0 5 ans&nbsp;: gratuit<\/li>\n<\/ul>\n<p>[\/et_pb_tab][et_pb_tab title=\"Entre-saison\" _builder_version=\"4.16&Prime; global_colors_info=\"{}\"]<\/p>\n<p><strong><\/strong><\/p>\n<p><strong>Entre-saison<\/strong><\/p>\n<ul>\n<li>CHF 65.00 par jour<\/li>\n<\/ul>\n<p><strong>Frais suppl\u00e9mentaires<\/strong><\/p>\n<ul>\n<li>Linge de lit et de toilette en option, par personne et par s\u00e9jour CHF 28.00<\/li>\n<li>Torchons, chiffons, \u00e9ponge et un sac poubelle payant inclus<\/li>\n<li>Nettoyage final obligatoire CHF 75.00<\/li>\n<li>Stationnement dans un parking public CHF 10.00 par jour<\/li>\n<\/ul>\n<p><strong>Conditions de location<br \/><\/strong><\/p>\n<ul>\n<li>pas de check-in le dimanche<\/li>\n<li>Heure de check-in \/ check-out selon disponibilit\u00e9 et accord<\/li>\n<li>Self-check-in jusqu&rsquo;\u00e0 20h00 au plus tard<\/li>\n<\/ul>\n<p><strong>Taxe de s\u00e9jour <br \/><\/strong><\/p>\n<ul>\n<li>Adultes \u00e0 partir de 16 ans&nbsp;: CHF&nbsp;6.00 par jour<\/li>\n<li>Enfants de 6 \u00e0 15 ans&nbsp;: CHF&nbsp;3.00 par jour<\/li>\n<li>Enfants en bas \u00e2ge de 0 \u00e0 5 ans&nbsp;: gratuit<\/li>\n<\/ul>\n<p><strong>R\u00e9ductions<\/strong><strong><\/strong><strong><\/strong><\/p>\n<p><strong><\/strong><\/p>\n<ul>\n<li>\u00e0 partir de 14 jours, 10% sur le prix de la location<\/li>\n<li>\u00e0 partir de 21 jours, 15% sur le prix de la location<\/li>\n<\/ul>\n<p>[\/et_pb_tab][et_pb_tab title=\"Basse saison\" _builder_version=\"4.16&Prime; global_colors_info=\"{}\"]<\/p>\n<p><strong>Basse saison<\/strong><\/p>\n<ul>\n<li>CHF 60.00 par jour<\/li>\n<\/ul>\n<p><strong>Frais suppl\u00e9mentaires<\/strong><\/p>\n<ul>\n<li>Linge de lit et de toilette en option, par personne et par s\u00e9jour CHF 28.00<\/li>\n<li>Torchons, chiffons, \u00e9ponge et un sac poubelle payant inclus<\/li>\n<li>Nettoyage final obligatoire CHF 75.00<\/li>\n<li>Stationnement dans un parking public CHF 10.00 par jour<\/li>\n<\/ul>\n<p><strong>Conditions de location<br \/><\/strong><\/p>\n<ul>\n<li>pas de check-in le dimanche<\/li>\n<li>Heure de check-in \/ check-out selon disponibilit\u00e9 et accord<\/li>\n<li>Self-check-in jusqu&rsquo;\u00e0 20h00 au plus tard<\/li>\n<\/ul>\n<p><strong>Taxe de s\u00e9jour <br \/><\/strong><\/p>\n<ul>\n<li>Adultes \u00e0 partir de 16 ans&nbsp;: CHF&nbsp;6.00 par jour<\/li>\n<li>Enfants de 6 \u00e0 15 ans&nbsp;: CHF&nbsp;3.00 par jour<\/li>\n<li>Enfants en bas \u00e2ge de 0 \u00e0 5 ans&nbsp;: gratuit<\/li>\n<\/ul>\n<p><strong>R\u00e9ductions<\/strong><strong><\/strong><strong><\/strong><strong><\/strong><\/p>\n<p><strong><\/strong><\/p>\n<ul>\n<li>\u00e0 partir de 14 jours, 10% sur le prix de la location<\/li>\n<li>\u00e0 partir de 21 jours, 15% sur le prix de la location<\/li>\n<\/ul>\n<p>[\/et_pb_tab][\/et_pb_tabs][\/et_pb_column][et_pb_column type=\"1_3&Prime; _builder_version=\"4.16&Prime; custom_padding=\"|||\" global_colors_info=\"{}\" custom_padding__hover=\"|||\"][et_pb_text _builder_version=\"4.16&Prime; global_colors_info=\"{}\"]<\/p>\n<h1>\u00c0 proximit\u00e9<\/h1>\n<p>[\/et_pb_text][et_pb_text _builder_version=\"4.16&Prime; global_colors_info=\"{}\"]<\/p>\n<ul>\n<li>Arr\u00eat de bus \u00e0 2 minutes \u00e0 pied<\/li>\n<li>Clinique de r\u00e9\u00e9ducation 2 minutes \u00e0 pied<\/li>\n<li>\u00c9picerie 5 min. \u00e0 pied<\/li>\n<li>Remont\u00e9es m\u00e9caniques Gemmi &amp; Torrent 900 m\u00e8tres<\/li>\n<li>Thermes Alpentherme \u00e0 300 m\u00e8tres<\/li>\n<li>Bains thermaux Burgerbad 300 m\u00e8tres<\/li>\n<\/ul>\n<p>[\/et_pb_text][et_pb_map address=\"3954 Leukerbad, Switzerland\" zoom_level=\"15&Prime; address_lat=\"46.37773981614602&Prime; address_lng=\"7.629141722157783&Prime; _builder_version=\"4.16&Prime; global_colors_info=\"{}\"][et_pb_map_pin pin_address=\"Untere Maressenstrasse 13, 3954 Leukerbad, Switzerland\" pin_address_lat=\"46.3779411&Prime; pin_address_lng=\"7.628196099999968&Prime; _builder_version=\"3.12.2&Prime; global_colors_info=\"{}\"][\/et_pb_map_pin][\/et_pb_map][\/et_pb_column][\/et_pb_row][et_pb_row _builder_version=\"4.16&Prime; background_size=\"initial\" background_position=\"top_left\" background_repeat=\"repeat\" global_colors_info=\"{}\"][et_pb_column type=\"4_4&Prime; _builder_version=\"4.16&Prime; custom_padding=\"|||\" global_colors_info=\"{}\" custom_padding__hover=\"|||\"][wpbs_divi_single_calendar id=\"78&Prime; form_id=\"190&Prime; legend_position=\"top\" highlighttoday=\"yes\" weeknumbers=\"yes\" show_prices=\"yes\" show_date_selection=\"yes\" _builder_version=\"4.27.4&Prime; _module_preset=\"default\" global_colors_info=\"{}\"][\/wpbs_divi_single_calendar][\/et_pb_column][\/et_pb_row][\/et_pb_section]<\/p>\n","protected":false},"excerpt":{"rendered":"<p>Leuca 24***Untere Maressenstrasse 19, 3954 Leukerbad La maison est situ\u00e9e au centre du village de Leukerbad.Situation calme avec une belle vue sur les montagnes.Leuca 24*** Appartement 1 pi\u00e8ce de 42 m2 pour 1 - 3 personnes, 2\u00e8me \u00e9tage Cuisine avec four, 3 plaques de cuisson, r\u00e9frig\u00e9rateur avec compartiment cong\u00e9lateur, cafeti\u00e8re Nespresso (et machine \u00e0 caf\u00e9), [&hellip;]<\/p>\n","protected":false},"author":2,"featured_media":48225,"parent":34705,"menu_order":0,"comment_status":"closed","ping_status":"closed","template":"","meta":{"_acf_changed":false,"_et_pb_use_builder":"on","_et_pb_old_content":"","_et_gb_content_width":"","footnotes":""},"class_list":["post-24187","page","type-page","status-publish","has-post-thumbnail","hentry"],"acf":[],"yoast_head":"<!-- This site is optimized with the Yoast SEO plugin v27.4 - https:\/\/yoast.com\/product\/yoast-seo-wordpress\/ -->\n<title>37 \/ 1 chambre appartement Leuca 24 - Ferien-Vacances GmbH<\/title>\n<meta name=\"robots\" content=\"index, follow, max-snippet:-1, max-image-preview:large, max-video-preview:-1\" \/>\n<link rel=\"canonical\" href=\"https:\/\/de.ferien-vacances.ch\/fr\/appartements\/37-1-chambre-appartement-leuca-24\/\" \/>\n<meta property=\"og:locale\" content=\"fr_FR\" \/>\n<meta property=\"og:type\" content=\"article\" \/>\n<meta property=\"og:title\" content=\"37 \/ 1 chambre appartement Leuca 24 - Ferien-Vacances GmbH\" \/>\n<meta property=\"og:description\" content=\"Leuca 24***Untere Maressenstrasse 19, 3954 Leukerbad La maison est situ\u00e9e au centre du village de Leukerbad.Situation calme avec une belle vue sur les montagnes.Leuca 24*** Appartement 1 pi\u00e8ce de 42 m2 pour 1 - 3 personnes, 2\u00e8me \u00e9tage Cuisine avec four, 3 plaques de cuisson, r\u00e9frig\u00e9rateur avec compartiment cong\u00e9lateur, cafeti\u00e8re Nespresso (et machine \u00e0 caf\u00e9), [&hellip;]\" \/>\n<meta property=\"og:url\" content=\"https:\/\/de.ferien-vacances.ch\/fr\/appartements\/37-1-chambre-appartement-leuca-24\/\" \/>\n<meta property=\"og:site_name\" content=\"Ferien-Vacances GmbH\" \/>\n<meta property=\"article:modified_time\" content=\"2026-02-02T13:02:47+00:00\" \/>\n<meta property=\"og:image\" content=\"https:\/\/de.ferien-vacances.ch\/wp-content\/uploads\/2025\/12\/Leuca-24-3-1-e1764843957992.jpg\" \/>\n\t<meta property=\"og:image:width\" content=\"207\" \/>\n\t<meta property=\"og:image:height\" content=\"184\" \/>\n\t<meta property=\"og:image:type\" content=\"image\/jpeg\" \/>\n<meta name=\"twitter:card\" content=\"summary_large_image\" \/>\n<meta name=\"twitter:label1\" content=\"Dur\u00e9e de lecture estim\u00e9e\" \/>\n\t<meta name=\"twitter:data1\" content=\"6 minutes\" \/>\n<script type=\"application\/ld+json\" class=\"yoast-schema-graph\">{\"@context\":\"https:\\\/\\\/schema.org\",\"@graph\":[{\"@type\":\"WebPage\",\"@id\":\"https:\\\/\\\/de.ferien-vacances.ch\\\/fr\\\/appartements\\\/37-1-chambre-appartement-leuca-24\\\/\",\"url\":\"https:\\\/\\\/de.ferien-vacances.ch\\\/fr\\\/appartements\\\/37-1-chambre-appartement-leuca-24\\\/\",\"name\":\"37 \\\/ 1 chambre appartement Leuca 24 - Ferien-Vacances GmbH\",\"isPartOf\":{\"@id\":\"https:\\\/\\\/de.ferien-vacances.ch\\\/#website\"},\"primaryImageOfPage\":{\"@id\":\"https:\\\/\\\/de.ferien-vacances.ch\\\/fr\\\/appartements\\\/37-1-chambre-appartement-leuca-24\\\/#primaryimage\"},\"image\":{\"@id\":\"https:\\\/\\\/de.ferien-vacances.ch\\\/fr\\\/appartements\\\/37-1-chambre-appartement-leuca-24\\\/#primaryimage\"},\"thumbnailUrl\":\"https:\\\/\\\/de.ferien-vacances.ch\\\/wp-content\\\/uploads\\\/2025\\\/12\\\/Leuca-24-3-1-e1764843957992.jpg\",\"datePublished\":\"2025-09-26T07:45:52+00:00\",\"dateModified\":\"2026-02-02T13:02:47+00:00\",\"breadcrumb\":{\"@id\":\"https:\\\/\\\/de.ferien-vacances.ch\\\/fr\\\/appartements\\\/37-1-chambre-appartement-leuca-24\\\/#breadcrumb\"},\"inLanguage\":\"fr-FR\",\"potentialAction\":[{\"@type\":\"ReadAction\",\"target\":[\"https:\\\/\\\/de.ferien-vacances.ch\\\/fr\\\/appartements\\\/37-1-chambre-appartement-leuca-24\\\/\"]}]},{\"@type\":\"ImageObject\",\"inLanguage\":\"fr-FR\",\"@id\":\"https:\\\/\\\/de.ferien-vacances.ch\\\/fr\\\/appartements\\\/37-1-chambre-appartement-leuca-24\\\/#primaryimage\",\"url\":\"https:\\\/\\\/de.ferien-vacances.ch\\\/wp-content\\\/uploads\\\/2025\\\/12\\\/Leuca-24-3-1-e1764843957992.jpg\",\"contentUrl\":\"https:\\\/\\\/de.ferien-vacances.ch\\\/wp-content\\\/uploads\\\/2025\\\/12\\\/Leuca-24-3-1-e1764843957992.jpg\",\"width\":207,\"height\":184},{\"@type\":\"BreadcrumbList\",\"@id\":\"https:\\\/\\\/de.ferien-vacances.ch\\\/fr\\\/appartements\\\/37-1-chambre-appartement-leuca-24\\\/#breadcrumb\",\"itemListElement\":[{\"@type\":\"ListItem\",\"position\":1,\"name\":\"Home\",\"item\":\"https:\\\/\\\/de.ferien-vacances.ch\\\/fr\\\/accueil\\\/\"},{\"@type\":\"ListItem\",\"position\":2,\"name\":\"Appartements\",\"item\":\"https:\\\/\\\/de.ferien-vacances.ch\\\/fr\\\/appartements\\\/\"},{\"@type\":\"ListItem\",\"position\":3,\"name\":\"37 \\\/ 1 chambre appartement Leuca 24\"}]},{\"@type\":\"WebSite\",\"@id\":\"https:\\\/\\\/de.ferien-vacances.ch\\\/#website\",\"url\":\"https:\\\/\\\/de.ferien-vacances.ch\\\/\",\"name\":\"Ferien-Vacances GmbH\",\"description\":\"Ferienwohnungen &amp; Reinigungsservice\",\"publisher\":{\"@id\":\"https:\\\/\\\/de.ferien-vacances.ch\\\/#organization\"},\"potentialAction\":[{\"@type\":\"SearchAction\",\"target\":{\"@type\":\"EntryPoint\",\"urlTemplate\":\"https:\\\/\\\/de.ferien-vacances.ch\\\/?s={search_term_string}\"},\"query-input\":{\"@type\":\"PropertyValueSpecification\",\"valueRequired\":true,\"valueName\":\"search_term_string\"}}],\"inLanguage\":\"fr-FR\"},{\"@type\":\"Organization\",\"@id\":\"https:\\\/\\\/de.ferien-vacances.ch\\\/#organization\",\"name\":\"Ferien-Vacances GmbH\",\"url\":\"https:\\\/\\\/de.ferien-vacances.ch\\\/\",\"logo\":{\"@type\":\"ImageObject\",\"inLanguage\":\"fr-FR\",\"@id\":\"https:\\\/\\\/de.ferien-vacances.ch\\\/#\\\/schema\\\/logo\\\/image\\\/\",\"url\":\"https:\\\/\\\/de.ferien-vacances.ch\\\/wp-content\\\/uploads\\\/2025\\\/11\\\/ferien_vacances_logo_rgb-1.jpg\",\"contentUrl\":\"https:\\\/\\\/de.ferien-vacances.ch\\\/wp-content\\\/uploads\\\/2025\\\/11\\\/ferien_vacances_logo_rgb-1.jpg\",\"width\":1326,\"height\":793,\"caption\":\"Ferien-Vacances GmbH\"},\"image\":{\"@id\":\"https:\\\/\\\/de.ferien-vacances.ch\\\/#\\\/schema\\\/logo\\\/image\\\/\"}}]}<\/script>\n<!-- \/ Yoast SEO plugin. -->","yoast_head_json":{"title":"37 \/ 1 chambre appartement Leuca 24 - Ferien-Vacances GmbH","robots":{"index":"index","follow":"follow","max-snippet":"max-snippet:-1","max-image-preview":"max-image-preview:large","max-video-preview":"max-video-preview:-1"},"canonical":"https:\/\/de.ferien-vacances.ch\/fr\/appartements\/37-1-chambre-appartement-leuca-24\/","og_locale":"fr_FR","og_type":"article","og_title":"37 \/ 1 chambre appartement Leuca 24 - Ferien-Vacances GmbH","og_description":"Leuca 24***Untere Maressenstrasse 19, 3954 Leukerbad La maison est situ\u00e9e au centre du village de Leukerbad.Situation calme avec une belle vue sur les montagnes.Leuca 24*** Appartement 1 pi\u00e8ce de 42 m2 pour 1 - 3 personnes, 2\u00e8me \u00e9tage Cuisine avec four, 3 plaques de cuisson, r\u00e9frig\u00e9rateur avec compartiment cong\u00e9lateur, cafeti\u00e8re Nespresso (et machine \u00e0 caf\u00e9), [&hellip;]","og_url":"https:\/\/de.ferien-vacances.ch\/fr\/appartements\/37-1-chambre-appartement-leuca-24\/","og_site_name":"Ferien-Vacances GmbH","article_modified_time":"2026-02-02T13:02:47+00:00","og_image":[{"width":207,"height":184,"url":"https:\/\/de.ferien-vacances.ch\/wp-content\/uploads\/2025\/12\/Leuca-24-3-1-e1764843957992.jpg","type":"image\/jpeg"}],"twitter_card":"summary_large_image","twitter_misc":{"Dur\u00e9e de lecture estim\u00e9e":"6 minutes"},"schema":{"@context":"https:\/\/schema.org","@graph":[{"@type":"WebPage","@id":"https:\/\/de.ferien-vacances.ch\/fr\/appartements\/37-1-chambre-appartement-leuca-24\/","url":"https:\/\/de.ferien-vacances.ch\/fr\/appartements\/37-1-chambre-appartement-leuca-24\/","name":"37 \/ 1 chambre appartement Leuca 24 - Ferien-Vacances GmbH","isPartOf":{"@id":"https:\/\/de.ferien-vacances.ch\/#website"},"primaryImageOfPage":{"@id":"https:\/\/de.ferien-vacances.ch\/fr\/appartements\/37-1-chambre-appartement-leuca-24\/#primaryimage"},"image":{"@id":"https:\/\/de.ferien-vacances.ch\/fr\/appartements\/37-1-chambre-appartement-leuca-24\/#primaryimage"},"thumbnailUrl":"https:\/\/de.ferien-vacances.ch\/wp-content\/uploads\/2025\/12\/Leuca-24-3-1-e1764843957992.jpg","datePublished":"2025-09-26T07:45:52+00:00","dateModified":"2026-02-02T13:02:47+00:00","breadcrumb":{"@id":"https:\/\/de.ferien-vacances.ch\/fr\/appartements\/37-1-chambre-appartement-leuca-24\/#breadcrumb"},"inLanguage":"fr-FR","potentialAction":[{"@type":"ReadAction","target":["https:\/\/de.ferien-vacances.ch\/fr\/appartements\/37-1-chambre-appartement-leuca-24\/"]}]},{"@type":"ImageObject","inLanguage":"fr-FR","@id":"https:\/\/de.ferien-vacances.ch\/fr\/appartements\/37-1-chambre-appartement-leuca-24\/#primaryimage","url":"https:\/\/de.ferien-vacances.ch\/wp-content\/uploads\/2025\/12\/Leuca-24-3-1-e1764843957992.jpg","contentUrl":"https:\/\/de.ferien-vacances.ch\/wp-content\/uploads\/2025\/12\/Leuca-24-3-1-e1764843957992.jpg","width":207,"height":184},{"@type":"BreadcrumbList","@id":"https:\/\/de.ferien-vacances.ch\/fr\/appartements\/37-1-chambre-appartement-leuca-24\/#breadcrumb","itemListElement":[{"@type":"ListItem","position":1,"name":"Home","item":"https:\/\/de.ferien-vacances.ch\/fr\/accueil\/"},{"@type":"ListItem","position":2,"name":"Appartements","item":"https:\/\/de.ferien-vacances.ch\/fr\/appartements\/"},{"@type":"ListItem","position":3,"name":"37 \/ 1 chambre appartement Leuca 24"}]},{"@type":"WebSite","@id":"https:\/\/de.ferien-vacances.ch\/#website","url":"https:\/\/de.ferien-vacances.ch\/","name":"Ferien-Vacances GmbH","description":"Ferienwohnungen &amp; Reinigungsservice","publisher":{"@id":"https:\/\/de.ferien-vacances.ch\/#organization"},"potentialAction":[{"@type":"SearchAction","target":{"@type":"EntryPoint","urlTemplate":"https:\/\/de.ferien-vacances.ch\/?s={search_term_string}"},"query-input":{"@type":"PropertyValueSpecification","valueRequired":true,"valueName":"search_term_string"}}],"inLanguage":"fr-FR"},{"@type":"Organization","@id":"https:\/\/de.ferien-vacances.ch\/#organization","name":"Ferien-Vacances GmbH","url":"https:\/\/de.ferien-vacances.ch\/","logo":{"@type":"ImageObject","inLanguage":"fr-FR","@id":"https:\/\/de.ferien-vacances.ch\/#\/schema\/logo\/image\/","url":"https:\/\/de.ferien-vacances.ch\/wp-content\/uploads\/2025\/11\/ferien_vacances_logo_rgb-1.jpg","contentUrl":"https:\/\/de.ferien-vacances.ch\/wp-content\/uploads\/2025\/11\/ferien_vacances_logo_rgb-1.jpg","width":1326,"height":793,"caption":"Ferien-Vacances GmbH"},"image":{"@id":"https:\/\/de.ferien-vacances.ch\/#\/schema\/logo\/image\/"}}]}},"_links":{"self":[{"href":"https:\/\/de.ferien-vacances.ch\/fr\/wp-json\/wp\/v2\/pages\/24187","targetHints":{"allow":["GET"]}}],"collection":[{"href":"https:\/\/de.ferien-vacances.ch\/fr\/wp-json\/wp\/v2\/pages"}],"about":[{"href":"https:\/\/de.ferien-vacances.ch\/fr\/wp-json\/wp\/v2\/types\/page"}],"author":[{"embeddable":true,"href":"https:\/\/de.ferien-vacances.ch\/fr\/wp-json\/wp\/v2\/users\/2"}],"replies":[{"embeddable":true,"href":"https:\/\/de.ferien-vacances.ch\/fr\/wp-json\/wp\/v2\/comments?post=24187"}],"version-history":[{"count":0,"href":"https:\/\/de.ferien-vacances.ch\/fr\/wp-json\/wp\/v2\/pages\/24187\/revisions"}],"up":[{"embeddable":true,"href":"https:\/\/de.ferien-vacances.ch\/fr\/wp-json\/wp\/v2\/pages\/34705"}],"wp:featuredmedia":[{"embeddable":true,"href":"https:\/\/de.ferien-vacances.ch\/fr\/wp-json\/wp\/v2\/media\/48225"}],"wp:attachment":[{"href":"https:\/\/de.ferien-vacances.ch\/fr\/wp-json\/wp\/v2\/media?parent=24187"}],"curies":[{"name":"wp","href":"https:\/\/api.w.org\/{rel}","templated":true}]}}