{"id":27294,"date":"2025-09-26T13:29:22","date_gmt":"2025-09-26T13:29:22","guid":{"rendered":"https:\/\/de.ferien-vacances.ch\/6-3%c2%bd-pieces-appartement-steghorn-3\/"},"modified":"2026-01-30T12:26:37","modified_gmt":"2026-01-30T12:26:37","slug":"6-3%c2%bd-pieces-appartement-steghorn-3","status":"publish","type":"page","link":"https:\/\/de.ferien-vacances.ch\/fr\/appartements\/6-3%c2%bd-pieces-appartement-steghorn-3\/","title":{"rendered":"6 \/ 3\u00bd pi\u00e8ces Appartement Steghorn 3"},"content":{"rendered":"<p>[et_pb_section fb_built=\"1&Prime; admin_label=\"Hero Section\" _builder_version=\"4.27.4&Prime; use_background_color_gradient=\"on\" background_color_gradient_direction=\"90deg\" background_color_gradient_stops=\"rgba(244,240,233,0.9) 30%|rgba(244,240,233,0) 100%\" background_color_gradient_overlays_image=\"on\" background_color_gradient_start=\"rgba(244,240,233,0.9)\" background_color_gradient_start_position=\"30%\" background_color_gradient_end=\"rgba(244,240,233,0)\" background_image=\"https:\/\/de.ferien-vacances.ch\/wp-content\/uploads\/2025\/11\/Varneralp_View_-Autumn_2-\u00a9MyLeukerbadAG-1-scaled.jpg\" custom_margin=\"|||\" custom_padding=\"247px|0px|30px|0px||\" global_colors_info=\"{}\"][et_pb_row custom_padding_last_edited=\"off|desktop\" admin_label=\"Zone H\u00e9ro\" _builder_version=\"4.16&Prime; custom_padding=\"27px|0px|0px|0px\" global_colors_info=\"{}\"][et_pb_column type=\"4_4&Prime; _builder_version=\"4.16&Prime; custom_padding=\"|||\" global_colors_info=\"{}\" custom_padding__hover=\"|||\"][et_pb_text admin_label=\"Hero Title\" _builder_version=\"4.16&Prime; text_font=\"Playfair Display||||||||\" header_font=\"Alice||||||||\" header_font_size=\"80px\" header_letter_spacing=\"-3px\" header_line_height=\"1.1em\" custom_margin=\"||0px|\" custom_padding=\"|||\" animation_style=\"slide\" animation_direction=\"left\" animation_intensity_slide=\"5%\" animation_starting_opacity=\"100%\" text_font_size_last_edited=\"off|desktop\" header_font_size_tablet=\"\" header_font_size_phone=\"60px\" header_font_size_last_edited=\"on|phone\" global_colors_info=\"{}\"]<\/p>\n<h1>Steghorn 3****<\/h1>\n<p>[\/et_pb_text][et_pb_text _builder_version=\"4.16&Prime; text_font=\"||||||||\" text_font_size=\"18px\" text_line_height=\"1.8em\" header_font=\"||||||||\" max_width=\"500px\" custom_margin=\"|||\" custom_padding=\"||10px|\" animation_style=\"slide\" animation_direction=\"left\" animation_intensity_slide=\"5%\" animation_starting_opacity=\"100%\" global_colors_info=\"{}\"]<\/p>\n<p>Pfeirenstutz 6, 3954 Leukerbad<\/p>\n<p>Pr\u00e8s du centre sportif et de la piste de ski Erli.<\/p>\n<p>Situation calme avec une belle vue sur les montagnes.<\/p>\n<p>[\/et_pb_text][\/et_pb_column][\/et_pb_row][\/et_pb_section][et_pb_section fb_built=\"1&Prime; _builder_version=\"4.16&Prime; global_colors_info=\"{}\"][et_pb_row column_structure=\"1_3,2_3&Prime; _builder_version=\"4.16&Prime; background_color=\"rgba(0,0,0,0.05)\" custom_padding=\"1px|0px|0|0px|false|false\" global_colors_info=\"{}\"][et_pb_column type=\"1_3&Prime; _builder_version=\"4.16&Prime; custom_padding=\"|||\" global_colors_info=\"{}\" custom_padding__hover=\"|||\"][et_pb_gallery gallery_ids=\"15739,15740,15741,15742,15743,15744,15745,15746,15747,15748,15749,15750,15751,15752,15753,15754,15755,15756,15757,15758,15759,15760,15761,15762,15763,15764,15765,15766,15767&Prime; fullwidth=\"on\" _builder_version=\"4.27.4&Prime; pagination_text_color=\"#ffffff\" text_orientation=\"center\" custom_padding=\"35px|50px|35px|50px\" global_colors_info=\"{}\"][\/et_pb_gallery][\/et_pb_column][et_pb_column type=\"2_3&Prime; _builder_version=\"4.16&Prime; custom_padding=\"|||\" global_colors_info=\"{}\" custom_padding__hover=\"|||\"][et_pb_divider show_divider=\"off\" admin_label=\"Divider 30px\" _builder_version=\"4.16&Prime; height=\"30px\" custom_margin=\"||-2px|||\" saved_tabs=\"all\" global_colors_info=\"{}\"][\/et_pb_divider][et_pb_text _builder_version=\"4.16&Prime; background_color=\"rgba(255,255,255,0.07)\" global_colors_info=\"{}\"]<\/p>\n<p><strong>Steghorn 3****<\/strong><\/p>\n<p><strong><\/strong><\/p>\n<ul>\n<li><span style=\"color: #7c3740;\">Appartement de 3\u00bd pi\u00e8ces de 70 m2 jusqu&rsquo;\u00e0 5 personnes<\/span><\/li>\n<li><span style=\"color: #7c3740;\">Cuisine avec four, plaque vitroc\u00e9ramique, r\u00e9frig\u00e9rateur avec compartiment cong\u00e9lateur, machine \u00e0 caf\u00e9 Delizio, bouilloire, lave-vaisselle, set \u00e0 fondue et \u00e0 raclette, micro-ondes, passe-plat vers le salon, sortie sur le jardin<\/span><\/li>\n<li><span style=\"color: #7c3740;\">Salon \/ salle \u00e0 manger avec canap\u00e9 en cuir et tabouret, table \u00e0 manger, sortie sur le balcon<\/span><\/li>\n<li><span style=\"color: #7c3740;\">1 chambre avec lit double et sortie sur le jardin<\/span><\/li>\n<li><span style=\"color: #7c3740;\">1 chambre avec deux lits simples<\/span><\/li>\n<li><span style=\"color: #7c3740;\">Douche panoramique \u00e0 l&rsquo;italienne avec douche \u00e0 effet pluie \/ WC<\/span><\/li>\n<li><span style=\"color: #7c3740;\">TV \/ DVD \/ Radio \/ Netflix<\/span><\/li>\n<li><span style=\"color: #7c3740;\">WIFI<\/span><\/li>\n<li><span style=\"color: #7c3740;\">Balcon<\/span><\/li>\n<li><span style=\"color: #7c3740;\">Garage<\/span><\/li>\n<li><span style=\"color: #7c3740;\">Animaux domestiques autoris\u00e9s<\/span><\/li>\n<li><span style=\"color: #7c3740;\">Restaurant au rez-de-chauss\u00e9e de la maison<\/span><\/li>\n<\/ul>\n<p>[\/et_pb_text][et_pb_divider show_divider=\"off\" admin_label=\"Divider 6px\" _builder_version=\"4.16&Prime; height=\"6px\" saved_tabs=\"all\" global_colors_info=\"{}\"][\/et_pb_divider][\/et_pb_column][\/et_pb_row][et_pb_row column_structure=\"2_3,1_3&Prime; _builder_version=\"4.16&Prime; custom_padding=\"90px|0px|27px|0px|false|false\" global_colors_info=\"{}\"][et_pb_column type=\"2_3&Prime; _builder_version=\"4.16&Prime; custom_padding=\"|||\" global_colors_info=\"{}\" custom_padding__hover=\"|||\"][et_pb_text _builder_version=\"4.16&Prime; global_colors_info=\"{}\"]<\/p>\n<h1>Frais<\/h1>\n<p>[\/et_pb_text][et_pb_tabs _builder_version=\"4.16&Prime; global_colors_info=\"{}\"][et_pb_tab title=\"Haute saison\" _builder_version=\"4.16&Prime; global_colors_info=\"{}\"]<\/p>\n<p><strong>Haute saison<br \/><\/strong><\/p>\n<ul>\n<li>CHF 175.00 par jour<\/li>\n<\/ul>\n<p><strong>Frais suppl\u00e9mentaires<\/strong><\/p>\n<ul>\n<li>Linge de lit et de toilette obligatoire, par personne et par s\u00e9jour CHF 28.00<\/li>\n<li>Torchons, chiffons, \u00e9ponge et un sac poubelle payant inclus<\/li>\n<li>Nettoyage final obligatoire CHF 150.00<\/li>\n<li>Garage inclus dans le b\u00e2timent et le prix<\/li>\n<\/ul>\n<p><strong>Conditions de location<br \/><\/strong><\/p>\n<ul>\n<li>Check-in 16h00 \u2013 18h30<\/li>\n<li>Self-check-in jusqu&rsquo;\u00e0 20h00 au plus tard<\/li>\n<li>Check-out 9h00<\/li>\n<\/ul>\n<p><strong>Taxe de s\u00e9jour <br \/><\/strong><\/p>\n<p><strong><\/strong><\/p>\n<ul>\n<li>Adultes \u00e0 partir de 16 ans&nbsp;: CHF&nbsp;6.00 par jour<\/li>\n<li>Enfants de 6 \u00e0 15 ans&nbsp;: CHF&nbsp;3.00 par jour<\/li>\n<li>Enfants en bas \u00e2ge de 0 \u00e0 5 ans&nbsp;: gratuit<\/li>\n<\/ul>\n<p>[\/et_pb_tab][et_pb_tab title=\"Saison principale\" _builder_version=\"4.16&Prime; global_colors_info=\"{}\"]<\/p>\n<p><strong>Saison principale<\/strong><\/p>\n<ul>\n<li>CHF 165.00 par jour<\/li>\n<\/ul>\n<p><strong>Frais suppl\u00e9mentaires<\/strong><\/p>\n<ul>\n<li>Linge de lit et de toilette obligatoire, par personne et par s\u00e9jour CHF 28.00<\/li>\n<li>Torchons, chiffons, \u00e9ponge et un sac poubelle payant inclus<\/li>\n<li>Nettoyage final obligatoire CHF 150.00<\/li>\n<li>Garage inclus dans le b\u00e2timent et le prix<\/li>\n<\/ul>\n<p><strong>Conditions de location<br \/><\/strong><\/p>\n<ul>\n<li>Check-in 16h00 \u2013 18h30<\/li>\n<li>Self-check-in jusqu&rsquo;\u00e0 20h00 au plus tard<\/li>\n<li>Check-out 9h00<\/li>\n<\/ul>\n<p><strong>Taxe de s\u00e9jour <br \/><\/strong><\/p>\n<p><strong><\/strong><\/p>\n<ul>\n<li>Adultes \u00e0 partir de 16 ans&nbsp;: CHF&nbsp;6.00 par jour<\/li>\n<li>Enfants de 6 \u00e0 15 ans&nbsp;: CHF&nbsp;3.00 par jour<\/li>\n<li>Enfants en bas \u00e2ge de 0 \u00e0 5 ans&nbsp;: gratuit<\/li>\n<\/ul>\n<p>[\/et_pb_tab][et_pb_tab title=\"Entre-saison\" _builder_version=\"4.16&Prime; global_colors_info=\"{}\"]<\/p>\n<p><strong>Entre-saison<\/strong><\/p>\n<ul>\n<li>CHF 135.00 par jour<\/li>\n<\/ul>\n<p><strong>Frais suppl\u00e9mentaires<\/strong><\/p>\n<ul>\n<li>Linge de lit et de toilette en option, par personne et par s\u00e9jour CHF 28.00<\/li>\n<li>Torchons, chiffons, \u00e9ponge et un sac poubelle payant inclus<\/li>\n<li>Nettoyage final obligatoire CHF 150.00<\/li>\n<li>Garage inclus dans le b\u00e2timent et le prix<\/li>\n<\/ul>\n<p><strong>Conditions de location<br \/><\/strong><\/p>\n<ul>\n<li>pas de check-in le dimanche<\/li>\n<li>Heure de check-in \/ check-out selon disponibilit\u00e9 et accord<\/li>\n<li>Self-check-in jusqu&rsquo;\u00e0 20h00 au plus tard<\/li>\n<\/ul>\n<p><strong>Taxe de s\u00e9jour <br \/><\/strong><\/p>\n<ul>\n<li>Adultes \u00e0 partir de 16 ans&nbsp;: CHF&nbsp;6.00 par jour<\/li>\n<li>Enfants de 6 \u00e0 15 ans&nbsp;: CHF&nbsp;3.00 par jour<\/li>\n<li>Enfants en bas \u00e2ge de 0 \u00e0 5 ans&nbsp;: gratuit<\/li>\n<\/ul>\n<p><strong>R\u00e9ductions<\/strong><strong><\/strong><\/p>\n<p><strong><\/strong><\/p>\n<ul>\n<li>\u00e0 partir de 14 jours, 10% sur le prix de la location<\/li>\n<li>\u00e0 partir de 21 jours, 15% sur le prix de la location<\/li>\n<\/ul>\n<p>[\/et_pb_tab][et_pb_tab title=\"Basse saison\" _builder_version=\"4.16&Prime; global_colors_info=\"{}\"]<\/p>\n<p><strong>Basse saison<\/strong><\/p>\n<ul>\n<li>CHF 120.00 par jour<\/li>\n<\/ul>\n<p><strong>Frais suppl\u00e9mentaires<\/strong><\/p>\n<ul>\n<li>Linge de lit et de toilette en option, par personne et par s\u00e9jour CHF 28.00<\/li>\n<li>Torchons, chiffons, \u00e9ponge et un sac poubelle payant inclus<\/li>\n<li>Nettoyage final obligatoire CHF 150.00<\/li>\n<li>Garage inclus dans le b\u00e2timent et le prix<\/li>\n<\/ul>\n<p><strong>Conditions de location<br \/><\/strong><\/p>\n<ul>\n<li>pas de check-in le dimanche<\/li>\n<li>Heure de check-in \/ check-out selon disponibilit\u00e9 et accord<\/li>\n<li>Self-check-in jusqu&rsquo;\u00e0 20h00 au plus tard<\/li>\n<\/ul>\n<p><strong>Taxe de s\u00e9jour <br \/><\/strong><\/p>\n<ul>\n<li>Adultes \u00e0 partir de 16 ans&nbsp;: CHF&nbsp;6.00 par jour<\/li>\n<li>Enfants de 6 \u00e0 15 ans&nbsp;: CHF&nbsp;3.00 par jour<\/li>\n<li>Enfants en bas \u00e2ge de 0 \u00e0 5 ans&nbsp;: gratuit<\/li>\n<\/ul>\n<p><strong>R\u00e9ductions<\/strong><strong><\/strong><strong><\/strong><\/p>\n<p><strong><\/strong><\/p>\n<ul>\n<li>\u00e0 partir de 14 jours, 10% sur le prix de la location<\/li>\n<li>\u00e0 partir de 21 jours, 15% sur le prix de la location<\/li>\n<\/ul>\n<p>[\/et_pb_tab][\/et_pb_tabs][\/et_pb_column][et_pb_column type=\"1_3&Prime; _builder_version=\"4.16&Prime; custom_padding=\"|||\" global_colors_info=\"{}\" custom_padding__hover=\"|||\"][et_pb_text _builder_version=\"4.16&Prime; global_colors_info=\"{}\"]<\/p>\n<h1>\u00c0 proximit\u00e9<\/h1>\n<p>[\/et_pb_text][et_pb_text _builder_version=\"4.16&Prime; global_colors_info=\"{}\"]<\/p>\n<ul>\n<li>Arr\u00eat de bus devant l&rsquo;immeuble<\/li>\n<li>Boulangerie 2 minutes \u00e0 pied<\/li>\n<li>Clinique de r\u00e9adaptation \u00e0 15 minutes \u00e0 pied<span style=\"color: #e02b20;\"><\/span><span style=\"color: rgba(0, 0, 0, 0.62);\"><\/span><\/li>\n<li>Remont\u00e9es m\u00e9caniques de la Gemmi 700 m\u00e8tres<\/li>\n<li>Remont\u00e9es m\u00e9caniques Torrent \u00e0 1500 m\u00e8tres<\/li>\n<li>Bains thermaux Alpentherme 850 m\u00e8tres<\/li>\n<li>Bains thermaux Burgerbad 1100 m\u00e8tres<\/li>\n<\/ul>\n<p>[\/et_pb_text][et_pb_map address=\"3954 Leukerbad, Switzerland\" zoom_level=\"15&Prime; address_lat=\"46.381948617286874&Prime; address_lng=\"7.63022512992427&Prime; _builder_version=\"4.16&Prime; global_colors_info=\"{}\"][et_pb_map_pin pin_address=\"Pfeirenstutz 7, 3954 Leukerbad, Switzerland\" pin_address_lat=\"46.3836011&Prime; pin_address_lng=\"7.630688200000009&Prime; _builder_version=\"3.12.2&Prime; global_colors_info=\"{}\"][\/et_pb_map_pin][\/et_pb_map][\/et_pb_column][\/et_pb_row][et_pb_row _builder_version=\"4.16&Prime; background_size=\"initial\" background_position=\"top_left\" background_repeat=\"repeat\" global_colors_info=\"{}\"][et_pb_column type=\"4_4&Prime; _builder_version=\"4.16&Prime; custom_padding=\"|||\" global_colors_info=\"{}\" custom_padding__hover=\"|||\"][wpbs_divi_single_calendar id=\"101&Prime; form_id=\"216&Prime; legend_position=\"top\" highlighttoday=\"yes\" weeknumbers=\"yes\" show_prices=\"yes\" show_date_selection=\"yes\" _builder_version=\"4.27.4&Prime; _module_preset=\"default\" global_colors_info=\"{}\"][\/wpbs_divi_single_calendar][\/et_pb_column][\/et_pb_row][\/et_pb_section]<\/p>\n","protected":false},"excerpt":{"rendered":"<p>Steghorn 3****Pfeirenstutz 6, 3954 Leukerbad Pr\u00e8s du centre sportif et de la piste de ski Erli. Situation calme avec une belle vue sur les montagnes.Steghorn 3**** Appartement de 3\u00bd pi\u00e8ces de 70 m2 jusqu&rsquo;\u00e0 5 personnes Cuisine avec four, plaque vitroc\u00e9ramique, r\u00e9frig\u00e9rateur avec compartiment cong\u00e9lateur, machine \u00e0 caf\u00e9 Delizio, bouilloire, lave-vaisselle, set \u00e0 fondue et [&hellip;]<\/p>\n","protected":false},"author":2,"featured_media":15738,"parent":34705,"menu_order":0,"comment_status":"closed","ping_status":"closed","template":"","meta":{"_acf_changed":false,"_et_pb_use_builder":"on","_et_pb_old_content":"","_et_gb_content_width":"","footnotes":""},"class_list":["post-27294","page","type-page","status-publish","has-post-thumbnail","hentry"],"acf":[],"yoast_head":"<!-- This site is optimized with the Yoast SEO plugin v27.2 - https:\/\/yoast.com\/product\/yoast-seo-wordpress\/ -->\n<title>6 \/ 3\u00bd pi\u00e8ces Appartement Steghorn 3 - Ferien-Vacances GmbH<\/title>\n<meta name=\"robots\" content=\"index, follow, max-snippet:-1, max-image-preview:large, max-video-preview:-1\" \/>\n<link rel=\"canonical\" href=\"https:\/\/de.ferien-vacances.ch\/fr\/appartements\/6-3\u00bd-pieces-appartement-steghorn-3\/\" \/>\n<meta property=\"og:locale\" content=\"fr_FR\" \/>\n<meta property=\"og:type\" content=\"article\" \/>\n<meta property=\"og:title\" content=\"6 \/ 3\u00bd pi\u00e8ces Appartement Steghorn 3 - Ferien-Vacances GmbH\" \/>\n<meta property=\"og:description\" content=\"Steghorn 3****Pfeirenstutz 6, 3954 Leukerbad Pr\u00e8s du centre sportif et de la piste de ski Erli. Situation calme avec une belle vue sur les montagnes.Steghorn 3**** Appartement de 3\u00bd pi\u00e8ces de 70 m2 jusqu&#039;\u00e0 5 personnes Cuisine avec four, plaque vitroc\u00e9ramique, r\u00e9frig\u00e9rateur avec compartiment cong\u00e9lateur, machine \u00e0 caf\u00e9 Delizio, bouilloire, lave-vaisselle, set \u00e0 fondue et [&hellip;]\" \/>\n<meta property=\"og:url\" content=\"https:\/\/de.ferien-vacances.ch\/fr\/appartements\/6-3\u00bd-pieces-appartement-steghorn-3\/\" \/>\n<meta property=\"og:site_name\" content=\"Ferien-Vacances GmbH\" \/>\n<meta property=\"article:modified_time\" content=\"2026-01-30T12:26:37+00:00\" \/>\n<meta property=\"og:image\" content=\"https:\/\/de.ferien-vacances.ch\/wp-content\/uploads\/2025\/02\/WhatsApp-Bild-2025-02-01-um-13.27.41_af6256db-e1764069978284.jpg\" \/>\n\t<meta property=\"og:image:width\" content=\"800\" \/>\n\t<meta property=\"og:image:height\" content=\"600\" \/>\n\t<meta property=\"og:image:type\" content=\"image\/jpeg\" \/>\n<meta name=\"twitter:card\" content=\"summary_large_image\" \/>\n<meta name=\"twitter:label1\" content=\"Dur\u00e9e de lecture estim\u00e9e\" \/>\n\t<meta name=\"twitter:data1\" content=\"6 minutes\" \/>\n<script type=\"application\/ld+json\" class=\"yoast-schema-graph\">{\"@context\":\"https:\/\/schema.org\",\"@graph\":[{\"@type\":\"WebPage\",\"@id\":\"https:\/\/de.ferien-vacances.ch\/fr\/appartements\/6-3%c2%bd-pieces-appartement-steghorn-3\/\",\"url\":\"https:\/\/de.ferien-vacances.ch\/fr\/appartements\/6-3%c2%bd-pieces-appartement-steghorn-3\/\",\"name\":\"6 \/ 3\u00bd pi\u00e8ces Appartement Steghorn 3 - Ferien-Vacances GmbH\",\"isPartOf\":{\"@id\":\"https:\/\/de.ferien-vacances.ch\/#website\"},\"primaryImageOfPage\":{\"@id\":\"https:\/\/de.ferien-vacances.ch\/fr\/appartements\/6-3%c2%bd-pieces-appartement-steghorn-3\/#primaryimage\"},\"image\":{\"@id\":\"https:\/\/de.ferien-vacances.ch\/fr\/appartements\/6-3%c2%bd-pieces-appartement-steghorn-3\/#primaryimage\"},\"thumbnailUrl\":\"https:\/\/de.ferien-vacances.ch\/wp-content\/uploads\/2025\/02\/WhatsApp-Bild-2025-02-01-um-13.27.41_af6256db-e1764069978284.jpg\",\"datePublished\":\"2025-09-26T13:29:22+00:00\",\"dateModified\":\"2026-01-30T12:26:37+00:00\",\"breadcrumb\":{\"@id\":\"https:\/\/de.ferien-vacances.ch\/fr\/appartements\/6-3%c2%bd-pieces-appartement-steghorn-3\/#breadcrumb\"},\"inLanguage\":\"fr-FR\",\"potentialAction\":[{\"@type\":\"ReadAction\",\"target\":[\"https:\/\/de.ferien-vacances.ch\/fr\/appartements\/6-3%c2%bd-pieces-appartement-steghorn-3\/\"]}]},{\"@type\":\"ImageObject\",\"inLanguage\":\"fr-FR\",\"@id\":\"https:\/\/de.ferien-vacances.ch\/fr\/appartements\/6-3%c2%bd-pieces-appartement-steghorn-3\/#primaryimage\",\"url\":\"https:\/\/de.ferien-vacances.ch\/wp-content\/uploads\/2025\/02\/WhatsApp-Bild-2025-02-01-um-13.27.41_af6256db-e1764069978284.jpg\",\"contentUrl\":\"https:\/\/de.ferien-vacances.ch\/wp-content\/uploads\/2025\/02\/WhatsApp-Bild-2025-02-01-um-13.27.41_af6256db-e1764069978284.jpg\",\"width\":800,\"height\":600},{\"@type\":\"BreadcrumbList\",\"@id\":\"https:\/\/de.ferien-vacances.ch\/fr\/appartements\/6-3%c2%bd-pieces-appartement-steghorn-3\/#breadcrumb\",\"itemListElement\":[{\"@type\":\"ListItem\",\"position\":1,\"name\":\"Home\",\"item\":\"https:\/\/de.ferien-vacances.ch\/fr\/accueil\/\"},{\"@type\":\"ListItem\",\"position\":2,\"name\":\"Appartements\",\"item\":\"https:\/\/de.ferien-vacances.ch\/fr\/appartements\/\"},{\"@type\":\"ListItem\",\"position\":3,\"name\":\"6 \/ 3\u00bd pi\u00e8ces Appartement Steghorn 3\"}]},{\"@type\":\"WebSite\",\"@id\":\"https:\/\/de.ferien-vacances.ch\/#website\",\"url\":\"https:\/\/de.ferien-vacances.ch\/\",\"name\":\"Ferien-Vacances GmbH\",\"description\":\"Ferienwohnungen &amp; Reinigungsservice\",\"publisher\":{\"@id\":\"https:\/\/de.ferien-vacances.ch\/#organization\"},\"potentialAction\":[{\"@type\":\"SearchAction\",\"target\":{\"@type\":\"EntryPoint\",\"urlTemplate\":\"https:\/\/de.ferien-vacances.ch\/?s={search_term_string}\"},\"query-input\":{\"@type\":\"PropertyValueSpecification\",\"valueRequired\":true,\"valueName\":\"search_term_string\"}}],\"inLanguage\":\"fr-FR\"},{\"@type\":\"Organization\",\"@id\":\"https:\/\/de.ferien-vacances.ch\/#organization\",\"name\":\"Ferien-Vacances GmbH\",\"url\":\"https:\/\/de.ferien-vacances.ch\/\",\"logo\":{\"@type\":\"ImageObject\",\"inLanguage\":\"fr-FR\",\"@id\":\"https:\/\/de.ferien-vacances.ch\/#\/schema\/logo\/image\/\",\"url\":\"https:\/\/de.ferien-vacances.ch\/wp-content\/uploads\/2025\/11\/ferien_vacances_logo_rgb-1.jpg\",\"contentUrl\":\"https:\/\/de.ferien-vacances.ch\/wp-content\/uploads\/2025\/11\/ferien_vacances_logo_rgb-1.jpg\",\"width\":1326,\"height\":793,\"caption\":\"Ferien-Vacances GmbH\"},\"image\":{\"@id\":\"https:\/\/de.ferien-vacances.ch\/#\/schema\/logo\/image\/\"}}]}<\/script>\n<!-- \/ Yoast SEO plugin. -->","yoast_head_json":{"title":"6 \/ 3\u00bd pi\u00e8ces Appartement Steghorn 3 - Ferien-Vacances GmbH","robots":{"index":"index","follow":"follow","max-snippet":"max-snippet:-1","max-image-preview":"max-image-preview:large","max-video-preview":"max-video-preview:-1"},"canonical":"https:\/\/de.ferien-vacances.ch\/fr\/appartements\/6-3\u00bd-pieces-appartement-steghorn-3\/","og_locale":"fr_FR","og_type":"article","og_title":"6 \/ 3\u00bd pi\u00e8ces Appartement Steghorn 3 - Ferien-Vacances GmbH","og_description":"Steghorn 3****Pfeirenstutz 6, 3954 Leukerbad Pr\u00e8s du centre sportif et de la piste de ski Erli. Situation calme avec une belle vue sur les montagnes.Steghorn 3**** Appartement de 3\u00bd pi\u00e8ces de 70 m2 jusqu'\u00e0 5 personnes Cuisine avec four, plaque vitroc\u00e9ramique, r\u00e9frig\u00e9rateur avec compartiment cong\u00e9lateur, machine \u00e0 caf\u00e9 Delizio, bouilloire, lave-vaisselle, set \u00e0 fondue et [&hellip;]","og_url":"https:\/\/de.ferien-vacances.ch\/fr\/appartements\/6-3\u00bd-pieces-appartement-steghorn-3\/","og_site_name":"Ferien-Vacances GmbH","article_modified_time":"2026-01-30T12:26:37+00:00","og_image":[{"width":800,"height":600,"url":"https:\/\/de.ferien-vacances.ch\/wp-content\/uploads\/2025\/02\/WhatsApp-Bild-2025-02-01-um-13.27.41_af6256db-e1764069978284.jpg","type":"image\/jpeg"}],"twitter_card":"summary_large_image","twitter_misc":{"Dur\u00e9e de lecture estim\u00e9e":"6 minutes"},"schema":{"@context":"https:\/\/schema.org","@graph":[{"@type":"WebPage","@id":"https:\/\/de.ferien-vacances.ch\/fr\/appartements\/6-3%c2%bd-pieces-appartement-steghorn-3\/","url":"https:\/\/de.ferien-vacances.ch\/fr\/appartements\/6-3%c2%bd-pieces-appartement-steghorn-3\/","name":"6 \/ 3\u00bd pi\u00e8ces Appartement Steghorn 3 - Ferien-Vacances GmbH","isPartOf":{"@id":"https:\/\/de.ferien-vacances.ch\/#website"},"primaryImageOfPage":{"@id":"https:\/\/de.ferien-vacances.ch\/fr\/appartements\/6-3%c2%bd-pieces-appartement-steghorn-3\/#primaryimage"},"image":{"@id":"https:\/\/de.ferien-vacances.ch\/fr\/appartements\/6-3%c2%bd-pieces-appartement-steghorn-3\/#primaryimage"},"thumbnailUrl":"https:\/\/de.ferien-vacances.ch\/wp-content\/uploads\/2025\/02\/WhatsApp-Bild-2025-02-01-um-13.27.41_af6256db-e1764069978284.jpg","datePublished":"2025-09-26T13:29:22+00:00","dateModified":"2026-01-30T12:26:37+00:00","breadcrumb":{"@id":"https:\/\/de.ferien-vacances.ch\/fr\/appartements\/6-3%c2%bd-pieces-appartement-steghorn-3\/#breadcrumb"},"inLanguage":"fr-FR","potentialAction":[{"@type":"ReadAction","target":["https:\/\/de.ferien-vacances.ch\/fr\/appartements\/6-3%c2%bd-pieces-appartement-steghorn-3\/"]}]},{"@type":"ImageObject","inLanguage":"fr-FR","@id":"https:\/\/de.ferien-vacances.ch\/fr\/appartements\/6-3%c2%bd-pieces-appartement-steghorn-3\/#primaryimage","url":"https:\/\/de.ferien-vacances.ch\/wp-content\/uploads\/2025\/02\/WhatsApp-Bild-2025-02-01-um-13.27.41_af6256db-e1764069978284.jpg","contentUrl":"https:\/\/de.ferien-vacances.ch\/wp-content\/uploads\/2025\/02\/WhatsApp-Bild-2025-02-01-um-13.27.41_af6256db-e1764069978284.jpg","width":800,"height":600},{"@type":"BreadcrumbList","@id":"https:\/\/de.ferien-vacances.ch\/fr\/appartements\/6-3%c2%bd-pieces-appartement-steghorn-3\/#breadcrumb","itemListElement":[{"@type":"ListItem","position":1,"name":"Home","item":"https:\/\/de.ferien-vacances.ch\/fr\/accueil\/"},{"@type":"ListItem","position":2,"name":"Appartements","item":"https:\/\/de.ferien-vacances.ch\/fr\/appartements\/"},{"@type":"ListItem","position":3,"name":"6 \/ 3\u00bd pi\u00e8ces Appartement Steghorn 3"}]},{"@type":"WebSite","@id":"https:\/\/de.ferien-vacances.ch\/#website","url":"https:\/\/de.ferien-vacances.ch\/","name":"Ferien-Vacances GmbH","description":"Ferienwohnungen &amp; Reinigungsservice","publisher":{"@id":"https:\/\/de.ferien-vacances.ch\/#organization"},"potentialAction":[{"@type":"SearchAction","target":{"@type":"EntryPoint","urlTemplate":"https:\/\/de.ferien-vacances.ch\/?s={search_term_string}"},"query-input":{"@type":"PropertyValueSpecification","valueRequired":true,"valueName":"search_term_string"}}],"inLanguage":"fr-FR"},{"@type":"Organization","@id":"https:\/\/de.ferien-vacances.ch\/#organization","name":"Ferien-Vacances GmbH","url":"https:\/\/de.ferien-vacances.ch\/","logo":{"@type":"ImageObject","inLanguage":"fr-FR","@id":"https:\/\/de.ferien-vacances.ch\/#\/schema\/logo\/image\/","url":"https:\/\/de.ferien-vacances.ch\/wp-content\/uploads\/2025\/11\/ferien_vacances_logo_rgb-1.jpg","contentUrl":"https:\/\/de.ferien-vacances.ch\/wp-content\/uploads\/2025\/11\/ferien_vacances_logo_rgb-1.jpg","width":1326,"height":793,"caption":"Ferien-Vacances GmbH"},"image":{"@id":"https:\/\/de.ferien-vacances.ch\/#\/schema\/logo\/image\/"}}]}},"_links":{"self":[{"href":"https:\/\/de.ferien-vacances.ch\/fr\/wp-json\/wp\/v2\/pages\/27294","targetHints":{"allow":["GET"]}}],"collection":[{"href":"https:\/\/de.ferien-vacances.ch\/fr\/wp-json\/wp\/v2\/pages"}],"about":[{"href":"https:\/\/de.ferien-vacances.ch\/fr\/wp-json\/wp\/v2\/types\/page"}],"author":[{"embeddable":true,"href":"https:\/\/de.ferien-vacances.ch\/fr\/wp-json\/wp\/v2\/users\/2"}],"replies":[{"embeddable":true,"href":"https:\/\/de.ferien-vacances.ch\/fr\/wp-json\/wp\/v2\/comments?post=27294"}],"version-history":[{"count":0,"href":"https:\/\/de.ferien-vacances.ch\/fr\/wp-json\/wp\/v2\/pages\/27294\/revisions"}],"up":[{"embeddable":true,"href":"https:\/\/de.ferien-vacances.ch\/fr\/wp-json\/wp\/v2\/pages\/34705"}],"wp:featuredmedia":[{"embeddable":true,"href":"https:\/\/de.ferien-vacances.ch\/fr\/wp-json\/wp\/v2\/media\/15738"}],"wp:attachment":[{"href":"https:\/\/de.ferien-vacances.ch\/fr\/wp-json\/wp\/v2\/media?parent=27294"}],"curies":[{"name":"wp","href":"https:\/\/api.w.org\/{rel}","templated":true}]}}