{"id":30614,"date":"2025-10-27T09:36:19","date_gmt":"2025-10-27T09:36:19","guid":{"rendered":"https:\/\/de.ferien-vacances.ch\/appartement-1-piece-laerchenwald-403\/"},"modified":"2026-04-14T15:49:32","modified_gmt":"2026-04-14T15:49:32","slug":"appartement-1-piece-laerchenwald-403","status":"publish","type":"page","link":"https:\/\/de.ferien-vacances.ch\/fr\/appartements\/appartement-1-piece-laerchenwald-403\/","title":{"rendered":"Appartement 1 pi\u00e8ce L\u00e4rchenwald 403"},"content":{"rendered":"<p>[et_pb_section fb_built=\"1&Prime; admin_label=\"Hero Section\" _builder_version=\"4.27.4&Prime; use_background_color_gradient=\"on\" background_color_gradient_direction=\"90deg\" background_color_gradient_stops=\"rgba(244,240,233,0.9) 30%|rgba(244,240,233,0) 100%\" background_color_gradient_overlays_image=\"on\" background_color_gradient_start=\"rgba(244,240,233,0.9)\" background_color_gradient_start_position=\"30%\" background_color_gradient_end=\"rgba(244,240,233,0)\" background_image=\"https:\/\/de.ferien-vacances.ch\/wp-content\/uploads\/2025\/11\/Varneralp_View_-Autumn_2-\u00a9MyLeukerbadAG-1-scaled.jpg\" custom_margin=\"|||\" custom_padding=\"300px|0px|33px|0px|false|false\" global_colors_info=\"{}\"][et_pb_row custom_padding_last_edited=\"off|desktop\" admin_label=\"Zone de h\u00e9ros\" _builder_version=\"4.16&Prime; custom_padding=\"27px|0px|0px|0px\" global_colors_info=\"{}\"][et_pb_column type=\"4_4&Prime; _builder_version=\"4.16&Prime; custom_padding=\"|||\" global_colors_info=\"{}\" custom_padding__hover=\"|||\"][et_pb_text admin_label=\"Hero Title\" _builder_version=\"4.16&Prime; text_font=\"Playfair Display||||||||\" header_font=\"Alice||||||||\" header_font_size=\"80px\" header_letter_spacing=\"-3px\" header_line_height=\"1.1em\" custom_margin=\"||0px|\" custom_padding=\"|||\" animation_style=\"slide\" animation_direction=\"left\" animation_intensity_slide=\"5%\" animation_starting_opacity=\"100%\" text_font_size_last_edited=\"off|desktop\" header_font_size_tablet=\"\" header_font_size_phone=\"60px\" header_font_size_last_edited=\"on|phone\" global_colors_info=\"{}\"]<\/p>\n<h1>L\u00e4rchenwald 403*** (for\u00eat de m\u00e9l\u00e8zes)<\/h1>\n<p>[\/et_pb_text][et_pb_text _builder_version=\"4.16&Prime; text_font=\"||||||||\" text_font_size=\"18px\" text_line_height=\"1.8em\" header_font=\"||||||||\" max_width=\"500px\" custom_margin=\"|||\" custom_padding=\"||10px|\" animation_style=\"slide\" animation_direction=\"left\" animation_intensity_slide=\"5%\" animation_starting_opacity=\"100%\" global_colors_info=\"{}\"]<\/p>\n<p>Ringstrasse 283, 3954 Leukerbad<\/p>\n<p>La maison est situ\u00e9e au sud du village de Leukerbad.<br \/>Situation calme avec une belle vue sur les montagnes.<\/p>\n<p>[\/et_pb_text][\/et_pb_column][\/et_pb_row][\/et_pb_section][et_pb_section fb_built=\"1&Prime; _builder_version=\"4.16&Prime; global_colors_info=\"{}\"][et_pb_row column_structure=\"1_3,2_3&Prime; _builder_version=\"4.16&Prime; background_color=\"rgba(0,0,0,0.05)\" custom_padding=\"1px|0px|0|0px|false|false\" global_colors_info=\"{}\"][et_pb_column type=\"1_3&Prime; _builder_version=\"4.16&Prime; custom_padding=\"|||\" global_colors_info=\"{}\" custom_padding__hover=\"|||\"][et_pb_gallery gallery_ids=\"13813,13827,13833,13832,13831,13828,13826,13830,13820,13829,13824,13823,13819,13815,13834,13825,13817,13816,13818,13821,30503&Prime; fullwidth=\"on\" _builder_version=\"4.27.4&Prime; pagination_text_color=\"#ffffff\" text_orientation=\"center\" custom_padding=\"35px|50px|35px|50px\" global_colors_info=\"{}\"][\/et_pb_gallery][\/et_pb_column][et_pb_column type=\"2_3&Prime; _builder_version=\"4.16&Prime; custom_padding=\"|||\" global_colors_info=\"{}\" custom_padding__hover=\"|||\"][et_pb_divider show_divider=\"off\" admin_label=\"Divider 30px\" _builder_version=\"4.16&Prime; height=\"30px\" custom_margin=\"||-2px|||\" saved_tabs=\"all\" global_colors_info=\"{}\"][\/et_pb_divider][et_pb_text _builder_version=\"4.27.5&Prime; background_color=\"rgba(255,255,255,0.07)\" hover_enabled=\"0&Prime; global_colors_info=\"{}\" sticky_enabled=\"0&Prime;]<\/p>\n<p><strong>L\u00e4rchenwald 403*** (for\u00eat de m\u00e9l\u00e8zes)<\/strong><\/p>\n<p><strong>louable aussi avec L\u00e4rchenwald 404, \u00e0 c\u00f4t\u00e9<\/strong><\/p>\n<p><strong><\/strong><\/p>\n<ul>\n<li>Appartement 1 pi\u00e8ce de 35 m2 pour 1 - 4 personnes<\/li>\n<li>Cuisine avec four, plaque vitroc\u00e9ramique, r\u00e9frig\u00e9rateur avec compartiment cong\u00e9lateur, micro-ondes, machine \u00e0 caf\u00e9 Nespresso, set \u00e0 raclette et fondue<\/li>\n<li>Salon \/ salle \u00e0 manger avec table, un lit simple, un lit escamotable, un canap\u00e9-lit extensible et acc\u00e8s \u00e0 la terrasse avec vue sur la montagne<\/li>\n<li>Douche \/ WC<\/li>\n<li>TV \/ Blu-ray-DVD \/ Radio DAB<\/li>\n<li>WIFI<\/li>\n<li>Terrasse<\/li>\n<li>Parking ext\u00e9rieur<\/li>\n<li>Local \u00e0 skis<\/li>\n<li>Animaux domestiques autoris\u00e9s<\/li>\n<\/ul>\n<p>[\/et_pb_text][et_pb_divider show_divider=\"off\" admin_label=\"Divider 6px\" _builder_version=\"4.16&Prime; height=\"6px\" saved_tabs=\"all\" global_colors_info=\"{}\"][\/et_pb_divider][\/et_pb_column][\/et_pb_row][et_pb_row column_structure=\"2_3,1_3&Prime; _builder_version=\"4.16&Prime; custom_padding=\"90px|0px|27px|0px|false|false\" global_colors_info=\"{}\"][et_pb_column type=\"2_3&Prime; _builder_version=\"4.16&Prime; custom_padding=\"|||\" global_colors_info=\"{}\" custom_padding__hover=\"|||\"][et_pb_text _builder_version=\"4.16&Prime; global_colors_info=\"{}\"]<\/p>\n<h1>Frais<\/h1>\n<p>[\/et_pb_text][et_pb_tabs _builder_version=\"4.16&Prime; global_colors_info=\"{}\"][et_pb_tab title=\"Top saison\" _builder_version=\"4.16&Prime; global_colors_info=\"{}\"]<\/p>\n<p><strong>Top saison<br \/><\/strong><\/p>\n<ul>\n<li>CHF 90.00 par jour<\/li>\n<\/ul>\n<p><strong>Frais annexes<\/strong><\/p>\n<ul>\n<li>Linge de lit et de toilette obligatoire, par personne et par s\u00e9jour CHF 28.00<\/li>\n<li>Linge de cuisine, chiffon, \u00e9ponge et un sac poubelle payant inclus<\/li>\n<li>Nettoyage final obligatoire CHF 80.00<\/li>\n<li>Parking inclus dans le b\u00e2timent et le prix<\/li>\n<\/ul>\n<p><strong>Conditions de location<br \/><\/strong><\/p>\n<ul>\n<li>Enregistrement de 16h00 \u00e0 18h30<\/li>\n<li>Self-check-in jusqu&rsquo;\u00e0 20h00 au plus tard<\/li>\n<li>Check-out 9:00 heures<\/li>\n<\/ul>\n<p><strong>Taxe de s\u00e9jour  <br \/><\/strong><\/p>\n<p><strong><\/strong><\/p>\n<ul>\n<li>Adultes \u00e0 partir de 16 ans : CHF 6.00 par jour<\/li>\n<li>Enfants 6 - 15 ans : CHF 3.00 par jour<\/li>\n<li>Enfants en bas \u00e2ge 0 - 5 ans : gratuit<\/li>\n<\/ul>\n<p>[\/et_pb_tab][et_pb_tab title=\"Haute saison\" _builder_version=\"4.16&Prime; global_colors_info=\"{}\"]<\/p>\n<p><strong>Haute saison<br \/><\/strong><\/p>\n<ul>\n<li>CHF 85.00 par jour<\/li>\n<\/ul>\n<p><strong>Frais annexes<\/strong><\/p>\n<ul>\n<li>Linge de lit et de toilette obligatoire, par personne et par s\u00e9jour CHF 28.00<\/li>\n<li>Linge de cuisine, chiffon, \u00e9ponge et un sac poubelle payant inclus<\/li>\n<li>Nettoyage final obligatoire CHF 80.00<\/li>\n<li>Parking inclus dans le b\u00e2timent et le prix<\/li>\n<\/ul>\n<p><strong>Conditions de location<br \/><\/strong><\/p>\n<ul>\n<li>Enregistrement de 16h00 \u00e0 18h30<\/li>\n<li>Self-check-in jusqu&rsquo;\u00e0 20h00 au plus tard<\/li>\n<li>Check-out 9:00 heures<\/li>\n<\/ul>\n<p><strong>Taxe de s\u00e9jour  <br \/><\/strong><\/p>\n<p><strong><\/strong><\/p>\n<ul>\n<li>Adultes \u00e0 partir de 16 ans : CHF 6.00 par jour<\/li>\n<li>Enfants 6 - 15 ans : CHF 3.00 par jour<\/li>\n<li>Enfants en bas \u00e2ge 0 - 5 ans : gratuit<\/li>\n<\/ul>\n<p>[\/et_pb_tab][et_pb_tab title=\"Moyenne saison\" _builder_version=\"4.16&Prime; global_colors_info=\"{}\"]<\/p>\n<p><strong>Moyenne saison<\/strong><\/p>\n<ul>\n<li>CHF 80.00 par jour<\/li>\n<\/ul>\n<p><strong>Frais annexes<\/strong><\/p>\n<ul>\n<li>Linge de lit et de toilette en option, par personne et par s\u00e9jour CHF 28.00<\/li>\n<li>Linge de cuisine, chiffon, \u00e9ponge et un sac poubelle payant inclus<\/li>\n<li>Nettoyage final obligatoire CHF 80.00<\/li>\n<li>Parking inclus dans le b\u00e2timent et le prix<\/li>\n<\/ul>\n<p><strong>Conditions de location<br \/><\/strong><\/p>\n<ul>\n<li>pas d&rsquo;enregistrement le dimanche<\/li>\n<li>Heure de check-in \/ check-out selon disponibilit\u00e9 et accord pr\u00e9alable<\/li>\n<li>Self-check-in jusqu&rsquo;\u00e0 20h00 au plus tard<\/li>\n<\/ul>\n<p><strong>Taxe de s\u00e9jour  <br \/><\/strong><\/p>\n<ul>\n<li>Adultes \u00e0 partir de 16 ans : CHF 6.00 par jour<\/li>\n<li>Enfants 6 - 15 ans : CHF 3.00 par jour<\/li>\n<li>Enfants en bas \u00e2ge 0 - 5 ans : gratuit<\/li>\n<\/ul>\n<p><strong>R\u00e9ductions<\/strong><strong><\/strong><\/p>\n<p><strong><\/strong><\/p>\n<ul>\n<li>\u00e0 partir de 14 jours 10% sur le prix de la location<\/li>\n<li>\u00e0 partir de 21 jours 15% sur le prix de la location<\/li>\n<\/ul>\n<p>[\/et_pb_tab][et_pb_tab title=\"Basse saison\" _builder_version=\"4.16&Prime; global_colors_info=\"{}\"]<\/p>\n<p><strong>Basse saison<\/strong><\/p>\n<ul>\n<li>CHF 75.00 par jour<\/li>\n<\/ul>\n<p><strong>Frais annexes<\/strong><\/p>\n<ul>\n<li>Linge de lit et de toilette en option, par personne et par s\u00e9jour CHF 28.00<\/li>\n<li>Linge de cuisine, chiffon, \u00e9ponge et un sac poubelle payant inclus<\/li>\n<li>Nettoyage final obligatoire CHF 80.00<\/li>\n<li>Parking inclus dans le b\u00e2timent et le prix<\/li>\n<\/ul>\n<p><strong>Conditions de location<br \/><\/strong><\/p>\n<ul>\n<li>pas d&rsquo;enregistrement le dimanche<\/li>\n<li>Heure de check-in \/ check-out selon disponibilit\u00e9 et accord pr\u00e9alable<\/li>\n<li>Self-check-in jusqu&rsquo;\u00e0 20h00 au plus tard<\/li>\n<\/ul>\n<p><strong>Taxe de s\u00e9jour  <br \/><\/strong><\/p>\n<ul>\n<li>Adultes \u00e0 partir de 16 ans : CHF 6.00 par jour<\/li>\n<li>Enfants 6 - 15 ans : CHF 3.00 par jour<\/li>\n<li>Enfants en bas \u00e2ge 0 - 5 ans : gratuit<\/li>\n<\/ul>\n<p><strong>R\u00e9ductions<\/strong><strong><\/strong><strong><\/strong><\/p>\n<p><strong><\/strong><\/p>\n<ul>\n<li>\u00e0 partir de 14 jours 10% sur le prix de la location<\/li>\n<li>\u00e0 partir de 21 jours 15% sur le prix de la location<\/li>\n<\/ul>\n<p>[\/et_pb_tab][\/et_pb_tabs][\/et_pb_column][et_pb_column type=\"1_3&Prime; _builder_version=\"4.16&Prime; custom_padding=\"|||\" global_colors_info=\"{}\" custom_padding__hover=\"|||\"][et_pb_text _builder_version=\"4.16&Prime; global_colors_info=\"{}\"]<\/p>\n<h1>\u00c0 proximit\u00e9<\/h1>\n<p>[\/et_pb_text][et_pb_text _builder_version=\"4.16&Prime; global_colors_info=\"{}\"]<\/p>\n<ul>\n<li>Arr\u00eat de bus en face<\/li>\n<li>Clinique de r\u00e9\u00e9ducation \u00e0 5 minutes \u00e0 pied<\/li>\n<li>Remont\u00e9es m\u00e9caniques de la Gemmi 1500 m\u00e8tres<\/li>\n<li>Remont\u00e9es m\u00e9caniques de Torrent 200 m\u00e8tres<\/li>\n<li>Bains thermaux Alpentherme 300 m\u00e8tres<\/li>\n<li>Bains thermaux Burgerbad 700 m\u00e8tres<\/li>\n<\/ul>\n<p>[\/et_pb_text][et_pb_map address=\"Obere Maressenstrasse 18, 3954 Leukerbad\" address_lat=\"46.377066625497115&Prime; address_lng=\"7.631493130354784&Prime; _builder_version=\"4.16&Prime; global_colors_info=\"{}\"][et_pb_map_pin title=\"Obere Maressenstrasse 18, 3954 Leukerbad\" pin_address=\"Obere Maressenstrasse 18, 3954 Leukerbad\" pin_address_lat=\"46.37698929107566&Prime; pin_address_lng=\"7.631559524359091&Prime; _builder_version=\"3.12.2&Prime; global_colors_info=\"{}\"][\/et_pb_map_pin][\/et_pb_map][\/et_pb_column][\/et_pb_row][et_pb_row _builder_version=\"4.16&Prime; background_size=\"initial\" background_position=\"top_left\" background_repeat=\"repeat\" global_colors_info=\"{}\"][et_pb_column type=\"4_4&Prime; _builder_version=\"4.16&Prime; custom_padding=\"|||\" global_colors_info=\"{}\" custom_padding__hover=\"|||\"][wpbs_divi_single_calendar id=\"112&Prime; form_id=\"225&Prime; legend_position=\"top\" highlighttoday=\"yes\" weeknumbers=\"yes\" show_prices=\"yes\" show_date_selection=\"yes\" _builder_version=\"4.27.4&Prime; _module_preset=\"default\" global_colors_info=\"{}\"][\/wpbs_divi_single_calendar][\/et_pb_column][\/et_pb_row][\/et_pb_section]<\/p>\n","protected":false},"excerpt":{"rendered":"<p>L\u00e4rchenwald 403*** (for\u00eat de m\u00e9l\u00e8zes)Ringstrasse 283, 3954 Leukerbad La maison est situ\u00e9e au sud du village de Leukerbad.Situation calme avec une belle vue sur les montagnes.L\u00e4rchenwald 403*** (for\u00eat de m\u00e9l\u00e8zes) louable aussi avec L\u00e4rchenwald 404, \u00e0 c\u00f4t\u00e9 Appartement 1 pi\u00e8ce de 35 m2 pour 1 - 4 personnes Cuisine avec four, plaque vitroc\u00e9ramique, r\u00e9frig\u00e9rateur avec [&hellip;]<\/p>\n","protected":false},"author":6,"featured_media":34776,"parent":34705,"menu_order":0,"comment_status":"closed","ping_status":"closed","template":"","meta":{"_acf_changed":false,"_et_pb_use_builder":"on","_et_pb_old_content":"","_et_gb_content_width":"","footnotes":""},"class_list":["post-30614","page","type-page","status-publish","has-post-thumbnail","hentry"],"acf":[],"yoast_head":"<!-- This site is optimized with the Yoast SEO plugin v27.2 - https:\/\/yoast.com\/product\/yoast-seo-wordpress\/ -->\n<title>Appartement 1 pi\u00e8ce L\u00e4rchenwald 403 - Ferien-Vacances GmbH<\/title>\n<meta name=\"robots\" content=\"index, follow, max-snippet:-1, max-image-preview:large, max-video-preview:-1\" \/>\n<link rel=\"canonical\" href=\"https:\/\/de.ferien-vacances.ch\/fr\/appartements\/appartement-1-piece-laerchenwald-403\/\" \/>\n<meta property=\"og:locale\" content=\"fr_FR\" \/>\n<meta property=\"og:type\" content=\"article\" \/>\n<meta property=\"og:title\" content=\"Appartement 1 pi\u00e8ce L\u00e4rchenwald 403 - Ferien-Vacances GmbH\" \/>\n<meta property=\"og:description\" content=\"L\u00e4rchenwald 403*** (for\u00eat de m\u00e9l\u00e8zes)Ringstrasse 283, 3954 Leukerbad La maison est situ\u00e9e au sud du village de Leukerbad.Situation calme avec une belle vue sur les montagnes.L\u00e4rchenwald 403*** (for\u00eat de m\u00e9l\u00e8zes) louable aussi avec L\u00e4rchenwald 404, \u00e0 c\u00f4t\u00e9 Appartement 1 pi\u00e8ce de 35 m2 pour 1 - 4 personnes Cuisine avec four, plaque vitroc\u00e9ramique, r\u00e9frig\u00e9rateur avec [&hellip;]\" \/>\n<meta property=\"og:url\" content=\"https:\/\/de.ferien-vacances.ch\/fr\/appartements\/appartement-1-piece-laerchenwald-403\/\" \/>\n<meta property=\"og:site_name\" content=\"Ferien-Vacances GmbH\" \/>\n<meta property=\"article:modified_time\" content=\"2026-04-14T15:49:32+00:00\" \/>\n<meta property=\"og:image\" content=\"https:\/\/de.ferien-vacances.ch\/wp-content\/uploads\/2018\/09\/18-a-2.5-Zimmer-Wohnung-Leukerbad-Ferienwohnung-zu-vermieten-L\u00e4rchenwald-aussen.jpg\" \/>\n\t<meta property=\"og:image:width\" content=\"214\" \/>\n\t<meta property=\"og:image:height\" content=\"145\" \/>\n\t<meta property=\"og:image:type\" content=\"image\/jpeg\" \/>\n<meta name=\"twitter:card\" content=\"summary_large_image\" \/>\n<meta name=\"twitter:label1\" content=\"Dur\u00e9e de lecture estim\u00e9e\" \/>\n\t<meta name=\"twitter:data1\" content=\"6 minutes\" \/>\n<script type=\"application\/ld+json\" class=\"yoast-schema-graph\">{\"@context\":\"https:\/\/schema.org\",\"@graph\":[{\"@type\":\"WebPage\",\"@id\":\"https:\/\/de.ferien-vacances.ch\/fr\/appartements\/appartement-1-piece-laerchenwald-403\/\",\"url\":\"https:\/\/de.ferien-vacances.ch\/fr\/appartements\/appartement-1-piece-laerchenwald-403\/\",\"name\":\"Appartement 1 pi\u00e8ce L\u00e4rchenwald 403 - Ferien-Vacances GmbH\",\"isPartOf\":{\"@id\":\"https:\/\/de.ferien-vacances.ch\/#website\"},\"primaryImageOfPage\":{\"@id\":\"https:\/\/de.ferien-vacances.ch\/fr\/appartements\/appartement-1-piece-laerchenwald-403\/#primaryimage\"},\"image\":{\"@id\":\"https:\/\/de.ferien-vacances.ch\/fr\/appartements\/appartement-1-piece-laerchenwald-403\/#primaryimage\"},\"thumbnailUrl\":\"https:\/\/de.ferien-vacances.ch\/wp-content\/uploads\/2018\/09\/18-a-2.5-Zimmer-Wohnung-Leukerbad-Ferienwohnung-zu-vermieten-L\u00e4rchenwald-aussen.jpg\",\"datePublished\":\"2025-10-27T09:36:19+00:00\",\"dateModified\":\"2026-04-14T15:49:32+00:00\",\"breadcrumb\":{\"@id\":\"https:\/\/de.ferien-vacances.ch\/fr\/appartements\/appartement-1-piece-laerchenwald-403\/#breadcrumb\"},\"inLanguage\":\"fr-FR\",\"potentialAction\":[{\"@type\":\"ReadAction\",\"target\":[\"https:\/\/de.ferien-vacances.ch\/fr\/appartements\/appartement-1-piece-laerchenwald-403\/\"]}]},{\"@type\":\"ImageObject\",\"inLanguage\":\"fr-FR\",\"@id\":\"https:\/\/de.ferien-vacances.ch\/fr\/appartements\/appartement-1-piece-laerchenwald-403\/#primaryimage\",\"url\":\"https:\/\/de.ferien-vacances.ch\/wp-content\/uploads\/2018\/09\/18-a-2.5-Zimmer-Wohnung-Leukerbad-Ferienwohnung-zu-vermieten-L\u00e4rchenwald-aussen.jpg\",\"contentUrl\":\"https:\/\/de.ferien-vacances.ch\/wp-content\/uploads\/2018\/09\/18-a-2.5-Zimmer-Wohnung-Leukerbad-Ferienwohnung-zu-vermieten-L\u00e4rchenwald-aussen.jpg\",\"width\":214,\"height\":145},{\"@type\":\"BreadcrumbList\",\"@id\":\"https:\/\/de.ferien-vacances.ch\/fr\/appartements\/appartement-1-piece-laerchenwald-403\/#breadcrumb\",\"itemListElement\":[{\"@type\":\"ListItem\",\"position\":1,\"name\":\"Home\",\"item\":\"https:\/\/de.ferien-vacances.ch\/fr\/accueil\/\"},{\"@type\":\"ListItem\",\"position\":2,\"name\":\"Appartements\",\"item\":\"https:\/\/de.ferien-vacances.ch\/fr\/appartements\/\"},{\"@type\":\"ListItem\",\"position\":3,\"name\":\"Appartement 1 pi\u00e8ce L\u00e4rchenwald 403\"}]},{\"@type\":\"WebSite\",\"@id\":\"https:\/\/de.ferien-vacances.ch\/#website\",\"url\":\"https:\/\/de.ferien-vacances.ch\/\",\"name\":\"Ferien-Vacances GmbH\",\"description\":\"Ferienwohnungen &amp; Reinigungsservice\",\"publisher\":{\"@id\":\"https:\/\/de.ferien-vacances.ch\/#organization\"},\"potentialAction\":[{\"@type\":\"SearchAction\",\"target\":{\"@type\":\"EntryPoint\",\"urlTemplate\":\"https:\/\/de.ferien-vacances.ch\/?s={search_term_string}\"},\"query-input\":{\"@type\":\"PropertyValueSpecification\",\"valueRequired\":true,\"valueName\":\"search_term_string\"}}],\"inLanguage\":\"fr-FR\"},{\"@type\":\"Organization\",\"@id\":\"https:\/\/de.ferien-vacances.ch\/#organization\",\"name\":\"Ferien-Vacances GmbH\",\"url\":\"https:\/\/de.ferien-vacances.ch\/\",\"logo\":{\"@type\":\"ImageObject\",\"inLanguage\":\"fr-FR\",\"@id\":\"https:\/\/de.ferien-vacances.ch\/#\/schema\/logo\/image\/\",\"url\":\"https:\/\/de.ferien-vacances.ch\/wp-content\/uploads\/2025\/11\/ferien_vacances_logo_rgb-1.jpg\",\"contentUrl\":\"https:\/\/de.ferien-vacances.ch\/wp-content\/uploads\/2025\/11\/ferien_vacances_logo_rgb-1.jpg\",\"width\":1326,\"height\":793,\"caption\":\"Ferien-Vacances GmbH\"},\"image\":{\"@id\":\"https:\/\/de.ferien-vacances.ch\/#\/schema\/logo\/image\/\"}}]}<\/script>\n<!-- \/ Yoast SEO plugin. -->","yoast_head_json":{"title":"Appartement 1 pi\u00e8ce L\u00e4rchenwald 403 - Ferien-Vacances GmbH","robots":{"index":"index","follow":"follow","max-snippet":"max-snippet:-1","max-image-preview":"max-image-preview:large","max-video-preview":"max-video-preview:-1"},"canonical":"https:\/\/de.ferien-vacances.ch\/fr\/appartements\/appartement-1-piece-laerchenwald-403\/","og_locale":"fr_FR","og_type":"article","og_title":"Appartement 1 pi\u00e8ce L\u00e4rchenwald 403 - Ferien-Vacances GmbH","og_description":"L\u00e4rchenwald 403*** (for\u00eat de m\u00e9l\u00e8zes)Ringstrasse 283, 3954 Leukerbad La maison est situ\u00e9e au sud du village de Leukerbad.Situation calme avec une belle vue sur les montagnes.L\u00e4rchenwald 403*** (for\u00eat de m\u00e9l\u00e8zes) louable aussi avec L\u00e4rchenwald 404, \u00e0 c\u00f4t\u00e9 Appartement 1 pi\u00e8ce de 35 m2 pour 1 - 4 personnes Cuisine avec four, plaque vitroc\u00e9ramique, r\u00e9frig\u00e9rateur avec [&hellip;]","og_url":"https:\/\/de.ferien-vacances.ch\/fr\/appartements\/appartement-1-piece-laerchenwald-403\/","og_site_name":"Ferien-Vacances GmbH","article_modified_time":"2026-04-14T15:49:32+00:00","og_image":[{"width":214,"height":145,"url":"https:\/\/de.ferien-vacances.ch\/wp-content\/uploads\/2018\/09\/18-a-2.5-Zimmer-Wohnung-Leukerbad-Ferienwohnung-zu-vermieten-L\u00e4rchenwald-aussen.jpg","type":"image\/jpeg"}],"twitter_card":"summary_large_image","twitter_misc":{"Dur\u00e9e de lecture estim\u00e9e":"6 minutes"},"schema":{"@context":"https:\/\/schema.org","@graph":[{"@type":"WebPage","@id":"https:\/\/de.ferien-vacances.ch\/fr\/appartements\/appartement-1-piece-laerchenwald-403\/","url":"https:\/\/de.ferien-vacances.ch\/fr\/appartements\/appartement-1-piece-laerchenwald-403\/","name":"Appartement 1 pi\u00e8ce L\u00e4rchenwald 403 - Ferien-Vacances GmbH","isPartOf":{"@id":"https:\/\/de.ferien-vacances.ch\/#website"},"primaryImageOfPage":{"@id":"https:\/\/de.ferien-vacances.ch\/fr\/appartements\/appartement-1-piece-laerchenwald-403\/#primaryimage"},"image":{"@id":"https:\/\/de.ferien-vacances.ch\/fr\/appartements\/appartement-1-piece-laerchenwald-403\/#primaryimage"},"thumbnailUrl":"https:\/\/de.ferien-vacances.ch\/wp-content\/uploads\/2018\/09\/18-a-2.5-Zimmer-Wohnung-Leukerbad-Ferienwohnung-zu-vermieten-L\u00e4rchenwald-aussen.jpg","datePublished":"2025-10-27T09:36:19+00:00","dateModified":"2026-04-14T15:49:32+00:00","breadcrumb":{"@id":"https:\/\/de.ferien-vacances.ch\/fr\/appartements\/appartement-1-piece-laerchenwald-403\/#breadcrumb"},"inLanguage":"fr-FR","potentialAction":[{"@type":"ReadAction","target":["https:\/\/de.ferien-vacances.ch\/fr\/appartements\/appartement-1-piece-laerchenwald-403\/"]}]},{"@type":"ImageObject","inLanguage":"fr-FR","@id":"https:\/\/de.ferien-vacances.ch\/fr\/appartements\/appartement-1-piece-laerchenwald-403\/#primaryimage","url":"https:\/\/de.ferien-vacances.ch\/wp-content\/uploads\/2018\/09\/18-a-2.5-Zimmer-Wohnung-Leukerbad-Ferienwohnung-zu-vermieten-L\u00e4rchenwald-aussen.jpg","contentUrl":"https:\/\/de.ferien-vacances.ch\/wp-content\/uploads\/2018\/09\/18-a-2.5-Zimmer-Wohnung-Leukerbad-Ferienwohnung-zu-vermieten-L\u00e4rchenwald-aussen.jpg","width":214,"height":145},{"@type":"BreadcrumbList","@id":"https:\/\/de.ferien-vacances.ch\/fr\/appartements\/appartement-1-piece-laerchenwald-403\/#breadcrumb","itemListElement":[{"@type":"ListItem","position":1,"name":"Home","item":"https:\/\/de.ferien-vacances.ch\/fr\/accueil\/"},{"@type":"ListItem","position":2,"name":"Appartements","item":"https:\/\/de.ferien-vacances.ch\/fr\/appartements\/"},{"@type":"ListItem","position":3,"name":"Appartement 1 pi\u00e8ce L\u00e4rchenwald 403"}]},{"@type":"WebSite","@id":"https:\/\/de.ferien-vacances.ch\/#website","url":"https:\/\/de.ferien-vacances.ch\/","name":"Ferien-Vacances GmbH","description":"Ferienwohnungen &amp; Reinigungsservice","publisher":{"@id":"https:\/\/de.ferien-vacances.ch\/#organization"},"potentialAction":[{"@type":"SearchAction","target":{"@type":"EntryPoint","urlTemplate":"https:\/\/de.ferien-vacances.ch\/?s={search_term_string}"},"query-input":{"@type":"PropertyValueSpecification","valueRequired":true,"valueName":"search_term_string"}}],"inLanguage":"fr-FR"},{"@type":"Organization","@id":"https:\/\/de.ferien-vacances.ch\/#organization","name":"Ferien-Vacances GmbH","url":"https:\/\/de.ferien-vacances.ch\/","logo":{"@type":"ImageObject","inLanguage":"fr-FR","@id":"https:\/\/de.ferien-vacances.ch\/#\/schema\/logo\/image\/","url":"https:\/\/de.ferien-vacances.ch\/wp-content\/uploads\/2025\/11\/ferien_vacances_logo_rgb-1.jpg","contentUrl":"https:\/\/de.ferien-vacances.ch\/wp-content\/uploads\/2025\/11\/ferien_vacances_logo_rgb-1.jpg","width":1326,"height":793,"caption":"Ferien-Vacances GmbH"},"image":{"@id":"https:\/\/de.ferien-vacances.ch\/#\/schema\/logo\/image\/"}}]}},"_links":{"self":[{"href":"https:\/\/de.ferien-vacances.ch\/fr\/wp-json\/wp\/v2\/pages\/30614","targetHints":{"allow":["GET"]}}],"collection":[{"href":"https:\/\/de.ferien-vacances.ch\/fr\/wp-json\/wp\/v2\/pages"}],"about":[{"href":"https:\/\/de.ferien-vacances.ch\/fr\/wp-json\/wp\/v2\/types\/page"}],"author":[{"embeddable":true,"href":"https:\/\/de.ferien-vacances.ch\/fr\/wp-json\/wp\/v2\/users\/6"}],"replies":[{"embeddable":true,"href":"https:\/\/de.ferien-vacances.ch\/fr\/wp-json\/wp\/v2\/comments?post=30614"}],"version-history":[{"count":10,"href":"https:\/\/de.ferien-vacances.ch\/fr\/wp-json\/wp\/v2\/pages\/30614\/revisions"}],"predecessor-version":[{"id":59663,"href":"https:\/\/de.ferien-vacances.ch\/fr\/wp-json\/wp\/v2\/pages\/30614\/revisions\/59663"}],"up":[{"embeddable":true,"href":"https:\/\/de.ferien-vacances.ch\/fr\/wp-json\/wp\/v2\/pages\/34705"}],"wp:featuredmedia":[{"embeddable":true,"href":"https:\/\/de.ferien-vacances.ch\/fr\/wp-json\/wp\/v2\/media\/34776"}],"wp:attachment":[{"href":"https:\/\/de.ferien-vacances.ch\/fr\/wp-json\/wp\/v2\/media?parent=30614"}],"curies":[{"name":"wp","href":"https:\/\/api.w.org\/{rel}","templated":true}]}}