{"id":44713,"date":"2025-11-20T08:31:53","date_gmt":"2025-11-20T08:31:53","guid":{"rendered":"https:\/\/de.ferien-vacances.ch\/appartements\/reglementation-generale-gestion-des-dechets\/"},"modified":"2025-11-26T11:16:20","modified_gmt":"2025-11-26T11:16:20","slug":"reglementation-generale-gestion-des-dechets","status":"publish","type":"page","link":"https:\/\/de.ferien-vacances.ch\/fr\/appartements\/reglementation-generale-gestion-des-dechets\/","title":{"rendered":"R\u00e9glementation g\u00e9n\u00e9rale - gestion des d\u00e9chets"},"content":{"rendered":"<p>[et_pb_section fb_built=\"1&Prime; admin_label=\"Hero Section\" _builder_version=\"4.27.4&Prime; use_background_color_gradient=\"on\" background_color_gradient_direction=\"112deg\" background_color_gradient_stops=\"rgba(244, 240, 233, 0.9) 0%|rgba(244,240,233,0.9) 30%|rgba(244,240,233,0) 100%\" background_color_gradient_overlays_image=\"on\" background_color_gradient_start=\"#f4f0e9&Prime; background_color_gradient_start_position=\"30%\" background_color_gradient_end=\"rgba(244,240,233,0)\" background_image=\"https:\/\/de.ferien-vacances.ch\/wp-content\/uploads\/2025\/09\/IMG-20240514-WA0003.jpg\" background_repeat=\"repeat\" min_height=\"399.9px\" custom_margin=\"|||\" custom_padding=\"5.8%|0px|4.1%|0px|false|false\" background_last_edited=\"off|desktop\" global_colors_info=\"{}\"][et_pb_row custom_padding_last_edited=\"off|desktop\" admin_label=\"Zone H\u00e9ro\" _builder_version=\"4.27.4&Prime; max_width=\"1480px\" custom_padding=\"27px|0px|0px|0px\" global_colors_info=\"{}\"][et_pb_column type=\"4_4&Prime; _builder_version=\"4.16&Prime; custom_padding=\"|||\" global_colors_info=\"{}\" custom_padding__hover=\"|||\"][et_pb_text admin_label=\"Hero Title\" _builder_version=\"4.27.4&Prime; text_font=\"Playfair Display||||||||\" header_font=\"Alice||||||||\" header_font_size=\"120px\" header_letter_spacing=\"-3px\" header_line_height=\"1.1em\" max_width=\"97%\" animation_style=\"slide\" animation_direction=\"left\" animation_intensity_slide=\"5%\" animation_starting_opacity=\"100%\" text_font_size_last_edited=\"off|desktop\" header_font_size_tablet=\"\" header_font_size_phone=\"60px\" header_font_size_last_edited=\"on|phone\" text_text_shadow_style=\"preset2&Prime; inline_fonts=\"Akshar,Alice\" global_colors_info=\"{}\"]<\/p>\n<h1 style=\"text-align: center;\"><span style=\"font-family: Alice; font-weight: normal; color: #7c3740;\">Gestion des d\u00e9chets<\/span><\/h1>\n<p style=\"text-align: center;\">\n<p><span style=\"font-family: Alice; font-weight: normal; color: #7c3740;\"><\/span><\/p>\n<p>[\/et_pb_text][\/et_pb_column][\/et_pb_row][\/et_pb_section][et_pb_section fb_built=\"1&Prime; _builder_version=\"4.16&Prime; min_height=\"478.5px\" custom_padding=\"54px|0px|108px|0px|false|false\" global_colors_info=\"{}\"][et_pb_row column_structure=\"1_3,1_3,1_3&Prime; _builder_version=\"4.27.4&Prime; max_width=\"1658px\" min_height=\"153.7px\" custom_padding=\"||87px|||\" global_colors_info=\"{}\"][et_pb_column type=\"1_3&Prime; _builder_version=\"4.16&Prime; custom_padding=\"|||\" global_colors_info=\"{}\" custom_padding__hover=\"|||\"][\/et_pb_column][et_pb_column type=\"1_3&Prime; _builder_version=\"4.16&Prime; custom_padding=\"|||\" global_colors_info=\"{}\" custom_padding__hover=\"|||\"][et_pb_text _builder_version=\"4.27.4&Prime; text_font_size=\"16px\" link_font=\"|600|||on||||\" link_text_color=\"rgba(12,12,12,0.59)\" header_2_font=\"Alice||||||||\" header_2_line_height=\"1.5em\" text_orientation=\"center\" background_layout=\"dark\" width=\"99.3%\" min_height=\"113.3px\" custom_margin=\"||||false|false\" custom_padding=\"||2px|0px||\" box_shadow_style=\"preset6&Prime; box_shadow_color=\"#ceaa46&Prime; global_colors_info=\"{}\"]<\/p>\n<h4><span style=\"color: #000000;\"><span style=\"font-size: large;\"><\/span><\/span><\/h4>\n<h4><span style=\"color: #000000;\"><span style=\"font-size: large;\"><\/span><\/span><\/h4>\n<h4><span style=\"color: #000000;\"><span style=\"font-size: large;\"><\/span><\/span><\/h4>\n<h4><span style=\"color: #000000;\"><span style=\"font-size: large;\"><\/span><\/span><\/h4>\n<h4><span style=\"color: #000000;\"><span style=\"font-size: large;\">Un environnement propre est un droit humain<\/span><\/span><\/h4>\n<h1><span style=\"color: #000000; font-size: medium;\">Dala\u00ef Lama<\/span><\/h1>\n<p><span style=\"color: #000000; font-size: medium; font-family: inherit; font-weight: normal;\"><\/span><\/p>\n<p>[\/et_pb_text][\/et_pb_column][et_pb_column type=\"1_3&Prime; _builder_version=\"4.16&Prime; custom_padding=\"|||\" global_colors_info=\"{}\" custom_padding__hover=\"|||\"][\/et_pb_column][\/et_pb_row][et_pb_row _builder_version=\"4.27.4&Prime; _module_preset=\"default\" global_colors_info=\"{}\"][et_pb_column type=\"4_4&Prime; _builder_version=\"4.27.4&Prime; _module_preset=\"default\" global_colors_info=\"{}\"][et_pb_text _builder_version=\"4.27.4&Prime; _module_preset=\"default\" text_text_color=\"#7c3740&Prime; text_font_size=\"20px\" global_colors_info=\"{}\"]<\/p>\n<h3><span style=\"font-size: large;\"><strong>R\u00e9glementation g\u00e9n\u00e9rale - gestion des d\u00e9chets<\/strong><\/span><\/h3>\n<p><span style=\"font-size: large;\"><strong><\/strong><\/span><\/p>\n<h3><span style=\"font-size: large;\">Lo\u00e8che-les-Bains applique le principe du pollueur-payeur pour la gestion des d\u00e9chets. <\/span><br \/><span style=\"font-size: large;\">Les ordures m\u00e9nag\u00e8res ne peuvent \u00eatre ramass\u00e9es qu&rsquo;avec les sacs officiels. <span style=\"color: #e57e00;\"><strong>sacs tax\u00e9s orange<\/strong><\/span> sont \u00e9limin\u00e9s.<\/span><\/h3>\n<p><span style=\"font-size: large;\"><\/span><\/p>\n<h3><span style=\"font-size: large;\">L&rsquo;\u00e9limination des d\u00e9chets doit se faire exclusivement via les points de collecte. Il est interdit de d\u00e9poser des <\/span><br \/><span style=\"font-size: large;\">sacs tax\u00e9s en dehors des points de collecte, c&rsquo;est-\u00e0-dire : devant les b\u00e2timents ou le long des routes, <\/span><br \/><span style=\"font-size: large;\">est interdit. <\/span> <\/h3>\n<p><span style=\"font-size: large;\"><\/span><\/p>\n<h3><span style=\"font-size: large;\"><strong>Les points de collecte publics sont<\/strong><\/span><span style=\"font-size: large;\"> <\/span><br \/><span style=\"font-size: large;\">- Point de collecte de l&rsquo;ancienne \u00e9cole, Lichtenstrasse, 3954 Leukerbad  <\/span><br \/><span style=\"font-size: large;\">- Centre de collecte Grunibodenstrasse, Grunibodenstrasse 9, 3954 Leukerbad  <\/span><br \/><span style=\"font-size: large;\">- Centre de collecte des d\u00e9chets verts, Klibenstrasse, 3954 Leukerbad  <\/span><br \/><span style=\"font-size: large;\">- Point de collecte H\u00f4tel Alex, Ringstrasse, 3954 Leukerbad  <\/span><br \/><span style=\"font-size: large;\">- Point de collecte au croisement du restaurant Altels, croisement Zur Gasse - Kunibergstrasse, 3954 Leukerbad  <\/span><br \/><span style=\"font-size: large;\">- Centre de collecte La Boh\u00e8me, Grunibodenstrasse, 3954 Leukerbad  <\/span><br \/><span style=\"font-size: large;\">- Centre de collecte Sternen, 3954 Leukerbad  <\/span><\/h3>\n<p><span style=\"font-size: large;\"><\/span><\/p>\n<h3><span style=\"font-size: large;\">Lorsque les conteneurs tels que le verre, le PET ou le papier\/carton sont pleins, les d\u00e9chets ne doivent pas \u00eatre d\u00e9pos\u00e9s devant les conteneurs. <\/span><br \/><span style=\"font-size: large;\">\u00eatre d\u00e9pos\u00e9s, mais doivent \u00eatre repris et \u00e9limin\u00e9s apr\u00e8s le prochain vidage. <\/span><br \/><span style=\"font-size: large;\">Les contrevenants peuvent \u00eatre punis d&rsquo;une amende pouvant aller jusqu&rsquo;\u00e0 CHF 500.00. <\/span> <\/h3>\n<p><span style=\"font-size: large;\"><\/span><\/p>\n<h3><span style=\"font-size: large;\">Vous pouvez vous procurer des sacs tax\u00e9s individuels et des timbres pour objets encombrants dans les magasins suivants : <\/span><br \/><span style=\"font-size: large;\">- Migros, Thermenstrasse 32, 3954 Leukerbad <\/span><br \/><span style=\"font-size: large;\">- Vis \u00e0 Vis, Haus Zur Br\u00fccke, 3954 Leukerbad <\/span><br \/><span style=\"font-size: large;\">- Alti Molkeri, Dorfstrasse 18, 3954 Leukerbad <\/span><br \/><span style=\"font-size: large;\">- PAM, Kirchstrasse 78, 3954 Leukerbad <\/span><br \/><span style=\"font-size: large;\">- Ruscheling GmbH, Thermenstrasse 8, 3954 Leukerbad <\/span><br \/><span style=\"font-size: large;\">- Centre d&rsquo;accueil My Leukerbad AG, Rathaus \/ Thermenstrasse 8, CH-3954 Leukerbad <\/span> <\/h3>\n<p><span style=\"font-size: large;\"><\/span><\/p>\n<h3><span style=\"font-size: large;\">Nous mettons \u00e0 votre disposition un sac \u00e0 taxes en tant que client. Si n\u00e9cessaire, vous pouvez acheter d&rsquo;autres <\/span><br \/><span style=\"font-size: large;\">sacs individuels dans les points de vente au prix de CHF 1.40 (17 litres) et CHF 2.60 (35 litres). <\/span><br \/><span style=\"font-size: large;\">Beaucoup de nos logements de vacances ont des conteneurs internes. Lisez \u00e0 ce sujet les informations relatives \u00e0 chaque \u00e9tablissement. <\/span><br \/><span style=\"font-size: large;\">Nous vous remercions de votre respect et de votre compr\u00e9hension.<\/span><\/h3>\n<p><strong><\/strong><\/p>\n<p>[\/et_pb_text][et_pb_button button_url=\"https:\/\/de.ferien-vacances.ch\/wp-content\/uploads\/2025\/11\/Allgemeine-Regelung-Abfall.pdf\" url_new_window=\"on\" button_text=\"R\u00e8glement g\u00e9n\u00e9ral - Gestion des d\u00e9chets au format PDF\" button_alignment=\"center\" _builder_version=\"4.27.4&Prime; custom_button=\"on\" button_text_size=\"20px\" button_text_color=\"#FFFFFF\" button_bg_color=\"#ceaa46&Prime; button_border_width=\"0px\" button_border_radius=\"100px\" button_letter_spacing=\"2px\" button_font=\"|700||||on|||\" button_use_icon=\"off\" custom_padding=\"16px|30px|16px|30px\" animation_style=\"slide\" animation_direction=\"left\" animation_intensity_slide=\"10%\" animation_starting_opacity=\"100%\" button_text_shadow_style=\"preset2&Prime; box_shadow_style=\"preset2&Prime; box_shadow_color=\"rgba(0,0,0,0.4)\" button_letter_spacing_hover=\"2px\" button_bg_color_hover=\"#e0c588&Prime; global_colors_info=\"{}\" button_text_size__hover_enabled=\"off\" button_one_text_size__hover_enabled=\"off\" button_two_text_size__hover_enabled=\"off\" button_text_color__hover_enabled=\"off\" button_one_text_color__hover_enabled=\"off\" button_two_text_color__hover_enabled=\"off\" button_border_width__hover_enabled=\"off\" button_one_border_width__hover_enabled=\"off\" button_two_border_width__hover_enabled=\"off\" button_border_color__hover_enabled=\"off\" button_one_border_color__hover_enabled=\"off\" button_two_border_color__hover_enabled=\"off\" button_border_radius__hover_enabled=\"off\" button_one_border_radius__hover_enabled=\"off\" button_two_border_radius__hover_enabled=\"off\" button_letter_spacing__hover_enabled=\"on\" button_letter_spacing__hover=\"2px\" button_one_letter_spacing__hover_enabled=\"off\" button_two_letter_spacing__hover_enabled=\"off\" button_bg_color__hover_enabled=\"on\" button_bg_color__hover=\"#e0c588&Prime; button_one_bg_color__hover_enabled=\"off\" button_two_bg_color__hover_enabled=\"off\"][\/et_pb_button][\/et_pb_column][\/et_pb_row][\/et_pb_section][et_pb_section fb_built=\"1&Prime; admin_label=\"Gallery Row\" _builder_version=\"4.16&Prime; custom_padding=\"0px|0px|0px|0px\" global_colors_info=\"{}\"][et_pb_row column_structure=\"1_4,1_4,1_4,1_4&Prime; use_custom_gutter=\"on\" gutter_width=\"1&Prime; module_class=\" et_pb_row_fullwidth\" _builder_version=\"4.16&Prime; width=\"100%\" width_tablet=\"100%\" width_phone=\"\" width_last_edited=\"on|desktop\" max_width=\"100%\" max_width_tablet=\"100%\" max_width_phone=\"\" max_width_last_edited=\"on|desktop\" custom_padding=\"0px|0px|0px|0px\" make_fullwidth=\"on\" global_colors_info=\"{}\"][et_pb_column type=\"1_4&Prime; _builder_version=\"4.16&Prime; custom_padding=\"|||\" global_colors_info=\"{}\" custom_padding__hover=\"|||\"][et_pb_image src=\"https:\/\/de.ferien-vacances.ch\/wp-content\/uploads\/2025\/11\/Gemmi_Laemmerenboden_4-\u00a9MyLeukerbadAG-1-scaled.jpg\" title_text=\"Gemmi_L\u00e4mmerenboden_4 \u00a9MyLeukerbadAG\" force_fullwidth=\"on\" align_tablet=\"center\" align_phone=\"\" align_last_edited=\"on|desktop\" _builder_version=\"4.27.4&Prime; border_width_all=\"1px\" border_color_all=\"#7c3740&Prime; locked=\"off\" global_colors_info=\"{}\"][\/et_pb_image][\/et_pb_column][et_pb_column type=\"1_4&Prime; _builder_version=\"4.16&Prime; custom_padding=\"|||\" global_colors_info=\"{}\" custom_padding__hover=\"|||\"][et_pb_image src=\"https:\/\/de.ferien-vacances.ch\/wp-content\/uploads\/2025\/11\/Majingsee-Lake_Summer_2-\u00a9MyLeukerbadAG-scaled.jpg\" title_text=\"Lac de Majing_\u00c9t\u00e9_2 \u00a9MyLeukerbadAG\" force_fullwidth=\"on\" align_tablet=\"center\" align_phone=\"\" align_last_edited=\"on|desktop\" _builder_version=\"4.27.4&Prime; border_width_all=\"1px\" border_color_all=\"#7c3740&Prime; locked=\"off\" global_colors_info=\"{}\"][\/et_pb_image][\/et_pb_column][et_pb_column type=\"1_4&Prime; _builder_version=\"4.16&Prime; custom_padding=\"|||\" global_colors_info=\"{}\" custom_padding__hover=\"|||\"][et_pb_image src=\"https:\/\/de.ferien-vacances.ch\/wp-content\/uploads\/2025\/11\/Albinen_Village_Winter_1-\u00a9MyLeukerbadAG-scaled.jpg\" title_text=\"Albinen_Village_Hiver_1 \u00a9MyLeukerbadAG\" force_fullwidth=\"on\" align_tablet=\"center\" align_phone=\"\" align_last_edited=\"on|desktop\" _builder_version=\"4.27.4&Prime; border_width_all=\"1px\" border_color_all=\"#7c3740&Prime; locked=\"off\" global_colors_info=\"{}\"][\/et_pb_image][\/et_pb_column][et_pb_column type=\"1_4&Prime; _builder_version=\"4.16&Prime; custom_padding=\"|||\" global_colors_info=\"{}\" custom_padding__hover=\"|||\"][et_pb_image src=\"https:\/\/de.ferien-vacances.ch\/wp-content\/uploads\/2025\/11\/Leukerbad_Spring-Time-\u00a9MyLeukerbadAG-scaled.jpg\" title_text=\"Lo\u00e8che-les-Bains_Spring Time \u00a9MyLeukerbadAG\" force_fullwidth=\"on\" align_tablet=\"center\" align_phone=\"\" align_last_edited=\"on|desktop\" _builder_version=\"4.27.4&Prime; border_width_all=\"1px\" border_color_all=\"#7c3740&Prime; locked=\"off\" global_colors_info=\"{}\"][\/et_pb_image][\/et_pb_column][\/et_pb_row][\/et_pb_section]<\/p>\n","protected":false},"excerpt":{"rendered":"<p>Gestion des d\u00e9chets Un environnement propre est un droit humain Dala\u00ef Lama R\u00e9glementation g\u00e9n\u00e9rale - gestion des d\u00e9chets Lo\u00e8che-les-Bains applique le principe du pollueur-payeur pour la gestion des d\u00e9chets. Les ordures m\u00e9nag\u00e8res ne peuvent \u00eatre ramass\u00e9es qu&rsquo;avec les sacs officiels. sacs tax\u00e9s orange sont \u00e9limin\u00e9s. L&rsquo;\u00e9limination des d\u00e9chets doit se faire exclusivement via les points [&hellip;]<\/p>\n","protected":false},"author":6,"featured_media":0,"parent":34705,"menu_order":0,"comment_status":"closed","ping_status":"closed","template":"","meta":{"_acf_changed":false,"_et_pb_use_builder":"on","_et_pb_old_content":"","_et_gb_content_width":"","footnotes":""},"class_list":["post-44713","page","type-page","status-publish","hentry"],"acf":[],"yoast_head":"<!-- This site is optimized with the Yoast SEO plugin v27.4 - https:\/\/yoast.com\/product\/yoast-seo-wordpress\/ -->\n<title>R\u00e9glementation g\u00e9n\u00e9rale - gestion des d\u00e9chets - Ferien-Vacances GmbH<\/title>\n<meta name=\"robots\" content=\"index, follow, max-snippet:-1, max-image-preview:large, max-video-preview:-1\" \/>\n<link rel=\"canonical\" href=\"https:\/\/de.ferien-vacances.ch\/fr\/appartements\/reglementation-generale-gestion-des-dechets\/\" \/>\n<meta property=\"og:locale\" content=\"fr_FR\" \/>\n<meta property=\"og:type\" content=\"article\" \/>\n<meta property=\"og:title\" content=\"R\u00e9glementation g\u00e9n\u00e9rale - gestion des d\u00e9chets - Ferien-Vacances GmbH\" \/>\n<meta property=\"og:description\" content=\"Gestion des d\u00e9chets Un environnement propre est un droit humain Dala\u00ef Lama R\u00e9glementation g\u00e9n\u00e9rale - gestion des d\u00e9chets Lo\u00e8che-les-Bains applique le principe du pollueur-payeur pour la gestion des d\u00e9chets. Les ordures m\u00e9nag\u00e8res ne peuvent \u00eatre ramass\u00e9es qu&#039;avec les sacs officiels. sacs tax\u00e9s orange sont \u00e9limin\u00e9s. L&#039;\u00e9limination des d\u00e9chets doit se faire exclusivement via les points [&hellip;]\" \/>\n<meta property=\"og:url\" content=\"https:\/\/de.ferien-vacances.ch\/fr\/appartements\/reglementation-generale-gestion-des-dechets\/\" \/>\n<meta property=\"og:site_name\" content=\"Ferien-Vacances GmbH\" \/>\n<meta property=\"article:modified_time\" content=\"2025-11-26T11:16:20+00:00\" \/>\n<meta name=\"twitter:card\" content=\"summary_large_image\" \/>\n<meta name=\"twitter:label1\" content=\"Dur\u00e9e de lecture estim\u00e9e\" \/>\n\t<meta name=\"twitter:data1\" content=\"7 minutes\" \/>\n<script type=\"application\/ld+json\" class=\"yoast-schema-graph\">{\"@context\":\"https:\\\/\\\/schema.org\",\"@graph\":[{\"@type\":\"WebPage\",\"@id\":\"https:\\\/\\\/de.ferien-vacances.ch\\\/fr\\\/appartements\\\/reglementation-generale-gestion-des-dechets\\\/\",\"url\":\"https:\\\/\\\/de.ferien-vacances.ch\\\/fr\\\/appartements\\\/reglementation-generale-gestion-des-dechets\\\/\",\"name\":\"R\u00e9glementation g\u00e9n\u00e9rale - gestion des d\u00e9chets - Ferien-Vacances GmbH\",\"isPartOf\":{\"@id\":\"https:\\\/\\\/de.ferien-vacances.ch\\\/#website\"},\"datePublished\":\"2025-11-20T08:31:53+00:00\",\"dateModified\":\"2025-11-26T11:16:20+00:00\",\"breadcrumb\":{\"@id\":\"https:\\\/\\\/de.ferien-vacances.ch\\\/fr\\\/appartements\\\/reglementation-generale-gestion-des-dechets\\\/#breadcrumb\"},\"inLanguage\":\"fr-FR\",\"potentialAction\":[{\"@type\":\"ReadAction\",\"target\":[\"https:\\\/\\\/de.ferien-vacances.ch\\\/fr\\\/appartements\\\/reglementation-generale-gestion-des-dechets\\\/\"]}]},{\"@type\":\"BreadcrumbList\",\"@id\":\"https:\\\/\\\/de.ferien-vacances.ch\\\/fr\\\/appartements\\\/reglementation-generale-gestion-des-dechets\\\/#breadcrumb\",\"itemListElement\":[{\"@type\":\"ListItem\",\"position\":1,\"name\":\"Home\",\"item\":\"https:\\\/\\\/de.ferien-vacances.ch\\\/fr\\\/accueil\\\/\"},{\"@type\":\"ListItem\",\"position\":2,\"name\":\"Appartements\",\"item\":\"https:\\\/\\\/de.ferien-vacances.ch\\\/fr\\\/appartements\\\/\"},{\"@type\":\"ListItem\",\"position\":3,\"name\":\"R\u00e9glementation g\u00e9n\u00e9rale - gestion des d\u00e9chets\"}]},{\"@type\":\"WebSite\",\"@id\":\"https:\\\/\\\/de.ferien-vacances.ch\\\/#website\",\"url\":\"https:\\\/\\\/de.ferien-vacances.ch\\\/\",\"name\":\"Ferien-Vacances GmbH\",\"description\":\"Ferienwohnungen &amp; Reinigungsservice\",\"publisher\":{\"@id\":\"https:\\\/\\\/de.ferien-vacances.ch\\\/#organization\"},\"potentialAction\":[{\"@type\":\"SearchAction\",\"target\":{\"@type\":\"EntryPoint\",\"urlTemplate\":\"https:\\\/\\\/de.ferien-vacances.ch\\\/?s={search_term_string}\"},\"query-input\":{\"@type\":\"PropertyValueSpecification\",\"valueRequired\":true,\"valueName\":\"search_term_string\"}}],\"inLanguage\":\"fr-FR\"},{\"@type\":\"Organization\",\"@id\":\"https:\\\/\\\/de.ferien-vacances.ch\\\/#organization\",\"name\":\"Ferien-Vacances GmbH\",\"url\":\"https:\\\/\\\/de.ferien-vacances.ch\\\/\",\"logo\":{\"@type\":\"ImageObject\",\"inLanguage\":\"fr-FR\",\"@id\":\"https:\\\/\\\/de.ferien-vacances.ch\\\/#\\\/schema\\\/logo\\\/image\\\/\",\"url\":\"https:\\\/\\\/de.ferien-vacances.ch\\\/wp-content\\\/uploads\\\/2025\\\/11\\\/ferien_vacances_logo_rgb-1.jpg\",\"contentUrl\":\"https:\\\/\\\/de.ferien-vacances.ch\\\/wp-content\\\/uploads\\\/2025\\\/11\\\/ferien_vacances_logo_rgb-1.jpg\",\"width\":1326,\"height\":793,\"caption\":\"Ferien-Vacances GmbH\"},\"image\":{\"@id\":\"https:\\\/\\\/de.ferien-vacances.ch\\\/#\\\/schema\\\/logo\\\/image\\\/\"}}]}<\/script>\n<!-- \/ Yoast SEO plugin. -->","yoast_head_json":{"title":"R\u00e9glementation g\u00e9n\u00e9rale - gestion des d\u00e9chets - Ferien-Vacances GmbH","robots":{"index":"index","follow":"follow","max-snippet":"max-snippet:-1","max-image-preview":"max-image-preview:large","max-video-preview":"max-video-preview:-1"},"canonical":"https:\/\/de.ferien-vacances.ch\/fr\/appartements\/reglementation-generale-gestion-des-dechets\/","og_locale":"fr_FR","og_type":"article","og_title":"R\u00e9glementation g\u00e9n\u00e9rale - gestion des d\u00e9chets - Ferien-Vacances GmbH","og_description":"Gestion des d\u00e9chets Un environnement propre est un droit humain Dala\u00ef Lama R\u00e9glementation g\u00e9n\u00e9rale - gestion des d\u00e9chets Lo\u00e8che-les-Bains applique le principe du pollueur-payeur pour la gestion des d\u00e9chets. Les ordures m\u00e9nag\u00e8res ne peuvent \u00eatre ramass\u00e9es qu'avec les sacs officiels. sacs tax\u00e9s orange sont \u00e9limin\u00e9s. L'\u00e9limination des d\u00e9chets doit se faire exclusivement via les points [&hellip;]","og_url":"https:\/\/de.ferien-vacances.ch\/fr\/appartements\/reglementation-generale-gestion-des-dechets\/","og_site_name":"Ferien-Vacances GmbH","article_modified_time":"2025-11-26T11:16:20+00:00","twitter_card":"summary_large_image","twitter_misc":{"Dur\u00e9e de lecture estim\u00e9e":"7 minutes"},"schema":{"@context":"https:\/\/schema.org","@graph":[{"@type":"WebPage","@id":"https:\/\/de.ferien-vacances.ch\/fr\/appartements\/reglementation-generale-gestion-des-dechets\/","url":"https:\/\/de.ferien-vacances.ch\/fr\/appartements\/reglementation-generale-gestion-des-dechets\/","name":"R\u00e9glementation g\u00e9n\u00e9rale - gestion des d\u00e9chets - Ferien-Vacances GmbH","isPartOf":{"@id":"https:\/\/de.ferien-vacances.ch\/#website"},"datePublished":"2025-11-20T08:31:53+00:00","dateModified":"2025-11-26T11:16:20+00:00","breadcrumb":{"@id":"https:\/\/de.ferien-vacances.ch\/fr\/appartements\/reglementation-generale-gestion-des-dechets\/#breadcrumb"},"inLanguage":"fr-FR","potentialAction":[{"@type":"ReadAction","target":["https:\/\/de.ferien-vacances.ch\/fr\/appartements\/reglementation-generale-gestion-des-dechets\/"]}]},{"@type":"BreadcrumbList","@id":"https:\/\/de.ferien-vacances.ch\/fr\/appartements\/reglementation-generale-gestion-des-dechets\/#breadcrumb","itemListElement":[{"@type":"ListItem","position":1,"name":"Home","item":"https:\/\/de.ferien-vacances.ch\/fr\/accueil\/"},{"@type":"ListItem","position":2,"name":"Appartements","item":"https:\/\/de.ferien-vacances.ch\/fr\/appartements\/"},{"@type":"ListItem","position":3,"name":"R\u00e9glementation g\u00e9n\u00e9rale - gestion des d\u00e9chets"}]},{"@type":"WebSite","@id":"https:\/\/de.ferien-vacances.ch\/#website","url":"https:\/\/de.ferien-vacances.ch\/","name":"Ferien-Vacances GmbH","description":"Ferienwohnungen &amp; Reinigungsservice","publisher":{"@id":"https:\/\/de.ferien-vacances.ch\/#organization"},"potentialAction":[{"@type":"SearchAction","target":{"@type":"EntryPoint","urlTemplate":"https:\/\/de.ferien-vacances.ch\/?s={search_term_string}"},"query-input":{"@type":"PropertyValueSpecification","valueRequired":true,"valueName":"search_term_string"}}],"inLanguage":"fr-FR"},{"@type":"Organization","@id":"https:\/\/de.ferien-vacances.ch\/#organization","name":"Ferien-Vacances GmbH","url":"https:\/\/de.ferien-vacances.ch\/","logo":{"@type":"ImageObject","inLanguage":"fr-FR","@id":"https:\/\/de.ferien-vacances.ch\/#\/schema\/logo\/image\/","url":"https:\/\/de.ferien-vacances.ch\/wp-content\/uploads\/2025\/11\/ferien_vacances_logo_rgb-1.jpg","contentUrl":"https:\/\/de.ferien-vacances.ch\/wp-content\/uploads\/2025\/11\/ferien_vacances_logo_rgb-1.jpg","width":1326,"height":793,"caption":"Ferien-Vacances GmbH"},"image":{"@id":"https:\/\/de.ferien-vacances.ch\/#\/schema\/logo\/image\/"}}]}},"_links":{"self":[{"href":"https:\/\/de.ferien-vacances.ch\/fr\/wp-json\/wp\/v2\/pages\/44713","targetHints":{"allow":["GET"]}}],"collection":[{"href":"https:\/\/de.ferien-vacances.ch\/fr\/wp-json\/wp\/v2\/pages"}],"about":[{"href":"https:\/\/de.ferien-vacances.ch\/fr\/wp-json\/wp\/v2\/types\/page"}],"author":[{"embeddable":true,"href":"https:\/\/de.ferien-vacances.ch\/fr\/wp-json\/wp\/v2\/users\/6"}],"replies":[{"embeddable":true,"href":"https:\/\/de.ferien-vacances.ch\/fr\/wp-json\/wp\/v2\/comments?post=44713"}],"version-history":[{"count":0,"href":"https:\/\/de.ferien-vacances.ch\/fr\/wp-json\/wp\/v2\/pages\/44713\/revisions"}],"up":[{"embeddable":true,"href":"https:\/\/de.ferien-vacances.ch\/fr\/wp-json\/wp\/v2\/pages\/34705"}],"wp:attachment":[{"href":"https:\/\/de.ferien-vacances.ch\/fr\/wp-json\/wp\/v2\/media?parent=44713"}],"curies":[{"name":"wp","href":"https:\/\/api.w.org\/{rel}","templated":true}]}}